{"id":12,"date":"2023-11-06T12:28:47","date_gmt":"2023-11-06T11:28:47","guid":{"rendered":"https:\/\/hunold.com\/haendler-portal\/?page_id=12"},"modified":"2026-01-27T09:41:53","modified_gmt":"2026-01-27T08:41:53","slug":"start","status":"publish","type":"page","link":"https:\/\/hunold.com\/haendler-portal\/","title":{"rendered":"Hunold H\u00e4ndlerportal"},"content":{"rendered":"\n<div style=\"height:60px\" aria-hidden=\"true\" class=\"wp-block-spacer\"><\/div>\n\n\n\n<div class=\"wp-block-columns is-layout-flex wp-container-core-columns-is-layout-9d6595d7 wp-block-columns-is-layout-flex\">\n<div class=\"wp-block-column is-vertically-aligned-center is-layout-flow wp-block-column-is-layout-flow\" style=\"flex-basis:33.33%\">\n<p class=\"has-large-font-size\">Ihr Spezialist f\u00fcr Aluminium Bauelemente<\/p>\n<\/div>\n\n\n\n<div class=\"wp-block-column is-layout-flow wp-block-column-is-layout-flow\" style=\"flex-basis:66.66%\">\n<p>Wir bietet Ihnen eine pers\u00f6nliche Arbeitsumgebung, mit der Sie alle Informationen rund um Hunold Produkte jederzeit und von verschiedenen Endger\u00e4ten aus abrufen k\u00f6nnen und Ihre Gesch\u00e4fte erheblich zu beschleunigen.<\/p>\n<\/div>\n<\/div>\n\n\n\n<div style=\"height:17px\" aria-hidden=\"true\" class=\"wp-block-spacer\"><\/div>\n\n\n\n<hr class=\"wp-block-separator has-alpha-channel-opacity\"\/>\n\n\n\n<div style=\"height:60px\" aria-hidden=\"true\" class=\"wp-block-spacer\"><\/div>\n\n\n\n<div class=\"wp-block-group alignwide anmelden has-hunold-hellgrau-background-color has-background\"><div class=\"wp-block-group__inner-container is-layout-constrained wp-block-group-is-layout-constrained\">\n<div class=\"wp-block-columns alignwide  is-style-anmeldung is-layout-flex wp-container-core-columns-is-layout-9d6595d7 wp-block-columns-is-layout-flex\">\n<div class=\"wp-block-column is-layout-flow wp-block-column-is-layout-flow\" style=\"flex-basis:66.66%\"><h2>Loggen Sie sich ein!<\/h2>\t\t<script>\r\n\t\t\tfunction closeMessage(){jQuery('.error_wid_login').hide();}\r\n\t\t\tjQuery(document).ready(function () {\r\n\t\t\t\tjQuery('#login').validate({ errorClass: \"lw-error\" });\r\n\t\t\t});\r\n\t\t<\/script>\r\n\t\r\n<div class=\"login-wrap\">\r\n\r\n\t<div id=\"login-form\" class=\"login-form \">\r\n\r\n\t\t\r\n\t\t\r\n\t\t<form name=\"login\" id=\"login\" method=\"post\" action=\"\" autocomplete=\"off\" >\r\n\r\n\t\t\r\n\t\t<input type=\"hidden\" name=\"option\" value=\"ap_user_login\" \/>\r\n\t\t<input type=\"hidden\" name=\"redirect\" value=\"https:\/\/hunold.com:443\/haendler-portal\/wp-json\/wp\/v2\/pages\/12\" \/>\r\n\t\t<div class=\"log-form-group\">\r\n\t\t\t<label for=\"userusername\">Benutzername <\/label>\r\n\t\t\t<input type=\"text\" name=\"userusername\" id=\"userusername\" title=\"Please enter username\"  required\/>\r\n\t\t<\/div>\r\n\t\t<div class=\"log-form-group\">\r\n\t\t\t<label for=\"userpassword\">Passwort <\/label>\r\n\t\t\t<input type=\"password\" name=\"userpassword\" id=\"userpassword\" title=\"Please enter password\"  required\/>\r\n\t\t<\/div>\r\n\r\n\t\t\r\n\t\t\r\n\t\t\r\n\t\t<div class=\"login-submit\"><input name=\"login\" type=\"submit\" value=\"Anmeldung\" \/><\/div>\r\n\r\n\t\t<div class=\"log-form-group extra-links\">\r\n\t\t\t\t\t<\/div>\r\n\r\n\t\t<\/form>\r\n\r\n\t\t\r\n\t\t<\/div>\r\n\r\n<\/div>\r\n\r\n\n\n\n\n<p><a href=\"https:\/\/hunold.com\/haendler-portal\/wp-login.php?action=lostpassword\">Passwort vergessen?<\/a><\/p>\n<\/div>\n\n\n\n<div class=\"wp-block-column is-vertically-aligned-top is-layout-flow wp-block-column-is-layout-flow\" style=\"flex-basis:33.33%\">\n<p class=\"has-normal-font-size\">Wenn Sie noch keinen Account haben: <strong><a href=\"\/haendler-portal\/wp-login.php?action=register\">Registrieren Sie sich bitte hier<\/a><\/strong>.<\/p>\n\n\n\n<p class=\"has-normal-font-size\">Sie erhalten Ihre pers\u00f6nlichen Zugangsdaten per Email. Pr\u00fcfen Sie den Spam-Ordner, wenn Sie nicht innerhalb weniger Minuten eine Anmelde-Email bekommen!<\/p>\n\n\n\n<p class=\"has-small-font-size\">Bitte haben Sie Verst\u00e4ndnis, dass die Seiten nach der Registrierung nicht sofort freigeschaltet sind: Wir pr\u00fcfen jede Anmeldung.&nbsp;In der Regel dauert es nur wenige&nbsp;Stunden, bis ihr Account zur Verf\u00fcgung steht. Oder rufen Sie uns kurz an: Dann schalten wir Ihren Account sofort frei!<\/p>\n<\/div>\n<\/div>\n<\/div><\/div>\n\n\n\n<div style=\"height:60px\" aria-hidden=\"true\" class=\"wp-block-spacer\"><\/div>\n\n\n\n<div class=\"wp-block-group\"><div class=\"wp-block-group__inner-container is-layout-constrained wp-block-group-is-layout-constrained\">\n<hr class=\"wp-block-separator has-alpha-channel-opacity\"\/>\n\n\n\n<h2 class=\"wp-block-heading has-text-align-center has-hunold-rot-color has-text-color\" style=\"font-size:36px;font-style:normal;font-weight:500;text-transform:capitalize\">Haben Sie Fragen? <\/h2>\n\n\n\n<p class=\"has-text-align-center has-large-font-size\">Wenn Sie fachliche Unterst\u00fctzung ben\u00f6tigen z\u00f6gern Sie nicht, rufen Sie uns an!<\/p>\n\n\n\n<div class=\"wp-block-buttons is-content-justification-center is-layout-flex wp-container-core-buttons-is-layout-16018d1d wp-block-buttons-is-layout-flex\">\n<div class=\"wp-block-button is-style-outline is-style-outline--1\"><a class=\"wp-block-button__link has-hunold-rot-color has-text-color wp-element-button\" href=\"tel:+49276192520\" style=\"border-radius:2px\" target=\"_blank\" rel=\"noreferrer noopener\"> \u260e\ufe0f 02761 9252-0<\/a><\/div>\n<\/div>\n\n\n\n<div style=\"height:60px\" aria-hidden=\"true\" class=\"wp-block-spacer\"><\/div>\n<\/div><\/div>\n\n\n\n\n\n\n","protected":false},"excerpt":{"rendered":"<p>Ihr Spezialist f\u00fcr Aluminium Bauelemente Wir bietet Ihnen eine pers\u00f6nliche Arbeitsumgebung, mit der Sie alle Informationen rund um Hunold Produkte jederzeit und von verschiedenen Endger\u00e4ten aus abrufen k\u00f6nnen und Ihre Gesch\u00e4fte erheblich zu beschleunigen. Passwort vergessen? Wenn Sie noch keinen Account haben: Registrieren Sie sich bitte hier. Sie erhalten Ihre pers\u00f6nlichen Zugangsdaten per Email. Pr\u00fcfen [&hellip;]<\/p>\n","protected":false},"author":2,"featured_media":0,"parent":0,"menu_order":0,"comment_status":"closed","ping_status":"closed","template":"","meta":{"_themeisle_gutenberg_block_has_review":false,"footnotes":""},"tags":[],"class_list":["post-12","page","type-page","status-publish","hentry","entry"],"_links":{"self":[{"href":"https:\/\/hunold.com\/haendler-portal\/wp-json\/wp\/v2\/pages\/12","targetHints":{"allow":["GET"]}}],"collection":[{"href":"https:\/\/hunold.com\/haendler-portal\/wp-json\/wp\/v2\/pages"}],"about":[{"href":"https:\/\/hunold.com\/haendler-portal\/wp-json\/wp\/v2\/types\/page"}],"author":[{"embeddable":true,"href":"https:\/\/hunold.com\/haendler-portal\/wp-json\/wp\/v2\/users\/2"}],"replies":[{"embeddable":true,"href":"https:\/\/hunold.com\/haendler-portal\/wp-json\/wp\/v2\/comments?post=12"}],"version-history":[{"count":59,"href":"https:\/\/hunold.com\/haendler-portal\/wp-json\/wp\/v2\/pages\/12\/revisions"}],"predecessor-version":[{"id":822,"href":"https:\/\/hunold.com\/haendler-portal\/wp-json\/wp\/v2\/pages\/12\/revisions\/822"}],"wp:attachment":[{"href":"https:\/\/hunold.com\/haendler-portal\/wp-json\/wp\/v2\/media?parent=12"}],"wp:term":[{"taxonomy":"post_tag","embeddable":true,"href":"https:\/\/hunold.com\/haendler-portal\/wp-json\/wp\/v2\/tags?post=12"}],"curies":[{"name":"wp","href":"https:\/\/api.w.org\/{rel}","templated":true}]}}