{"id":694,"date":"2024-05-06T14:19:23","date_gmt":"2024-05-06T12:19:23","guid":{"rendered":"https:\/\/hunold.com\/privatkunden\/?page_id=694"},"modified":"2025-03-31T14:05:19","modified_gmt":"2025-03-31T12:05:19","slug":"rollladen","status":"publish","type":"page","link":"https:\/\/hunold.com\/privatkunden\/rollladen\/","title":{"rendered":"Rollladen"},"content":{"rendered":"\n<h2 class=\"wp-block-heading has-text-align-center\">Die Allrounder vor dem Fenster<\/h2>\n\n\n\n<p class=\"has-text-align-center\">Rolll\u00e4den von WAREMA bieten effektiven Sicht- und Sonnenschutz, zuverl\u00e4ssigen L\u00e4rmschutz und optimalen W\u00e4rmeschutz f\u00fcr Ihre Fenster. Unser Hunold Team ist auf Grund der langj\u00e4hrigen Erfahrungen in diesem Sachgebiet sowie der regelm\u00e4\u00dfigen Schulungen bei WAREMA der richtige Ansprechpartner. Gerne beraten wir Sie pers\u00f6nlich.<\/p>\n\n\n\n<div style=\"height:60px\" aria-hidden=\"true\" class=\"wp-block-spacer\"><\/div>\n\n\n\n<div class=\"wp-block-media-text alignfull is-stacked-on-mobile has-hunold-hellgrau-background-color has-background\"><figure class=\"wp-block-media-text__media\"><img loading=\"lazy\" decoding=\"async\" width=\"1024\" height=\"683\" src=\"https:\/\/hunold.com\/privatkunden\/wp-content\/uploads\/2024\/05\/17221v1-1024x683.jpg\" alt=\"\" class=\"wp-image-755 size-full\" srcset=\"https:\/\/hunold.com\/privatkunden\/wp-content\/uploads\/2024\/05\/17221v1-1024x683.jpg 1024w, https:\/\/hunold.com\/privatkunden\/wp-content\/uploads\/2024\/05\/17221v1-300x200.jpg 300w, https:\/\/hunold.com\/privatkunden\/wp-content\/uploads\/2024\/05\/17221v1-768x512.jpg 768w, https:\/\/hunold.com\/privatkunden\/wp-content\/uploads\/2024\/05\/17221v1.jpg 1500w\" sizes=\"auto, (max-width: 1024px) 100vw, 1024px\" \/><\/figure><div class=\"wp-block-media-text__content\">\n<h2 class=\"wp-block-heading\" style=\"font-size:36px;font-style:normal;font-weight:300;text-transform:uppercase\">Vorteile von WAREMA Rollladen<\/h2>\n\n\n\n<ul class=\"wp-block-list\">\n<li>Stabiler Sicht- und Sonnenschutz<\/li>\n\n\n\n<li>Ma\u00dfgefertigt und individuell gestaltbar<\/li>\n\n\n\n<li>Energieeffizient und komfortabel<\/li>\n\n\n\n<li>Zuverl\u00e4ssiger L\u00e4rmschutz<\/li>\n\n\n\n<li>Abdunklung und Blendschutz<\/li>\n\n\n\n<li>Wetterschutz f\u00fcr Fenster<\/li>\n\n\n\n<li>Umfangreiche Zusatzausstattung f\u00fcr mehr Sicherheit und Komfort<\/li>\n<\/ul>\n<\/div><\/div>\n\n\n\n<div style=\"height:60px\" aria-hidden=\"true\" class=\"wp-block-spacer\"><\/div>\n\n\n\n<hr class=\"wp-block-separator has-alpha-channel-opacity\"\/>\n\n\n\n<div class=\"wp-block-buttons animated zoomInLeft is-content-justification-center is-layout-flex wp-container-core-buttons-is-layout-16018d1d wp-block-buttons-is-layout-flex\">\n<div class=\"wp-block-button has-custom-width wp-block-button__width-100 has-custom-font-size is-style-outline has-huge-font-size is-style-outline--1\"><a class=\"wp-block-button__link has-hunold-rot-color has-text-color has-link-color has-text-align-center wp-element-button\" href=\"https:\/\/hunold.com\/privatkunden\/ausstellung\/\" target=\"_blank\" rel=\"noreferrer noopener\">Schauen Sie sich in unserer Ausstellung um<\/a><\/div>\n<\/div>\n\n\n\n<hr class=\"wp-block-separator has-alpha-channel-opacity\"\/>\n\n\n\n<div style=\"height:60px\" aria-hidden=\"true\" class=\"wp-block-spacer\"><\/div>\n\n\n\n<div class=\"wp-block-cover is-light\"><span aria-hidden=\"true\" class=\"wp-block-cover__background has-white-background-color has-background-dim-30 has-background-dim\"><\/span><img loading=\"lazy\" decoding=\"async\" width=\"2355\" height=\"1390\" class=\"wp-block-cover__image-background wp-image-170\" alt=\"\" src=\"https:\/\/hunold.com\/privatkunden\/wp-content\/uploads\/2024\/03\/WAREMA_Terrea_K50_9966794v1-scaled-e1710842243411.jpg\" data-object-fit=\"cover\" srcset=\"https:\/\/hunold.com\/privatkunden\/wp-content\/uploads\/2024\/03\/WAREMA_Terrea_K50_9966794v1-scaled-e1710842243411.jpg 2355w, https:\/\/hunold.com\/privatkunden\/wp-content\/uploads\/2024\/03\/WAREMA_Terrea_K50_9966794v1-scaled-e1710842243411-300x177.jpg 300w, https:\/\/hunold.com\/privatkunden\/wp-content\/uploads\/2024\/03\/WAREMA_Terrea_K50_9966794v1-scaled-e1710842243411-1024x604.jpg 1024w, https:\/\/hunold.com\/privatkunden\/wp-content\/uploads\/2024\/03\/WAREMA_Terrea_K50_9966794v1-scaled-e1710842243411-768x453.jpg 768w, https:\/\/hunold.com\/privatkunden\/wp-content\/uploads\/2024\/03\/WAREMA_Terrea_K50_9966794v1-scaled-e1710842243411-1536x907.jpg 1536w, https:\/\/hunold.com\/privatkunden\/wp-content\/uploads\/2024\/03\/WAREMA_Terrea_K50_9966794v1-scaled-e1710842243411-2048x1209.jpg 2048w, https:\/\/hunold.com\/privatkunden\/wp-content\/uploads\/2024\/03\/WAREMA_Terrea_K50_9966794v1-scaled-e1710842243411-1568x925.jpg 1568w\" sizes=\"auto, (max-width: 2355px) 100vw, 2355px\" \/><div class=\"wp-block-cover__inner-container is-layout-constrained wp-block-cover-is-layout-constrained\">\n<p class=\"has-text-align-center has-large-font-size\"><strong>In 5 Minuten zum Angebot \u2013 ganz einfach mit unserem <\/strong><\/p>\n\n\n\n<p class=\"has-text-align-center is-style-default\" style=\"font-size:42px\"><a href=\"https:\/\/hunold.com\/privatkunden\/digitaler-kaufberater\/\" target=\"_blank\" rel=\"noreferrer noopener\">Digitalen Sonnenschutz Kaufberater<\/a><\/p>\n<\/div><\/div>\n\n\n\n<div style=\"height:60px\" aria-hidden=\"true\" class=\"wp-block-spacer\"><\/div>\n\n\n\n<hr class=\"wp-block-separator has-alpha-channel-opacity\"\/>\n\n\n\n<div style=\"height:30px\" aria-hidden=\"true\" class=\"wp-block-spacer\"><\/div>\n\n\n\n<p class=\"has-text-align-center\" style=\"font-size:36px;font-style:normal;font-weight:300;text-transform:uppercase\">Hunold Aluminium<\/p>\n\n\n\n<div class=\"wp-block-columns is-layout-flex wp-container-core-columns-is-layout-9d6595d7 wp-block-columns-is-layout-flex\">\n<div class=\"wp-block-column is-vertically-aligned-center is-layout-flow wp-block-column-is-layout-flow\"><\/div>\n\n\n\n<div class=\"wp-block-column is-layout-flow wp-block-column-is-layout-flow\"><div class=\"wp-block-image\">\n<figure class=\"aligncenter size-full\"><img loading=\"lazy\" decoding=\"async\" width=\"1500\" height=\"442\" src=\"https:\/\/hunold.com\/privatkunden\/wp-content\/uploads\/2024\/05\/9973092v4.png\" alt=\"\" class=\"wp-image-633\" srcset=\"https:\/\/hunold.com\/privatkunden\/wp-content\/uploads\/2024\/05\/9973092v4.png 1500w, https:\/\/hunold.com\/privatkunden\/wp-content\/uploads\/2024\/05\/9973092v4-300x88.png 300w, https:\/\/hunold.com\/privatkunden\/wp-content\/uploads\/2024\/05\/9973092v4-1024x302.png 1024w, https:\/\/hunold.com\/privatkunden\/wp-content\/uploads\/2024\/05\/9973092v4-768x226.png 768w\" sizes=\"auto, (max-width: 1500px) 100vw, 1500px\" \/><\/figure>\n<\/div><\/div>\n\n\n\n<div class=\"wp-block-column is-layout-flow wp-block-column-is-layout-flow\"><\/div>\n<\/div>\n\n\n\n<div style=\"height:30px\" aria-hidden=\"true\" class=\"wp-block-spacer\"><\/div>\n\n\n\n<hr class=\"wp-block-separator has-alpha-channel-opacity\"\/>\n\n\n\n<p class=\"has-text-align-center\">Einige Links auf dieser Seite f\u00fchren Sie direkt zu Produktseiten unseres Partner f\u00fcr Sonnenschutzprodukte &#8211; Firma WAREMA<\/p>\n\n\n\n<div style=\"height:60px\" aria-hidden=\"true\" class=\"wp-block-spacer\"><\/div>\n\n\n\n<h2 class=\"wp-block-heading has-text-align-center\">NEWS<\/h2>\n\n\n\n<div style=\"height:30px\" aria-hidden=\"true\" class=\"wp-block-spacer\"><\/div>\n\n\n<ul class=\"wp-block-latest-posts__list is-grid columns-4 has-dates alignfull box-shadow wp-block-latest-posts\"><li><div class=\"wp-block-latest-posts__featured-image\"><a href=\"https:\/\/hunold.com\/privatkunden\/die-neue-markise-terrea-k55\/\" aria-label=\"Die neue Markise Terrea K55\"><img loading=\"lazy\" decoding=\"async\" width=\"300\" height=\"169\" src=\"https:\/\/hunold.com\/privatkunden\/wp-content\/uploads\/2026\/02\/titelbild-k55-red10021493v3-300x169.jpg\" class=\"attachment-medium size-medium wp-post-image\" alt=\"\" style=\"\" srcset=\"https:\/\/hunold.com\/privatkunden\/wp-content\/uploads\/2026\/02\/titelbild-k55-red10021493v3-300x169.jpg 300w, https:\/\/hunold.com\/privatkunden\/wp-content\/uploads\/2026\/02\/titelbild-k55-red10021493v3-1024x576.jpg 1024w, https:\/\/hunold.com\/privatkunden\/wp-content\/uploads\/2026\/02\/titelbild-k55-red10021493v3-768x432.jpg 768w, https:\/\/hunold.com\/privatkunden\/wp-content\/uploads\/2026\/02\/titelbild-k55-red10021493v3-1536x864.jpg 1536w, https:\/\/hunold.com\/privatkunden\/wp-content\/uploads\/2026\/02\/titelbild-k55-red10021493v3-1568x882.jpg 1568w, https:\/\/hunold.com\/privatkunden\/wp-content\/uploads\/2026\/02\/titelbild-k55-red10021493v3.jpg 1920w\" sizes=\"auto, (max-width: 34.9rem) calc(100vw - 2rem), (max-width: 53rem) calc(8 * (100vw \/ 12)), (min-width: 53rem) calc(6 * (100vw \/ 12)), 100vw\" \/><\/a><\/div><a class=\"wp-block-latest-posts__post-title\" href=\"https:\/\/hunold.com\/privatkunden\/die-neue-markise-terrea-k55\/\">Die neue Markise Terrea K55<\/a><time datetime=\"2026-02-25T15:31:39+01:00\" class=\"wp-block-latest-posts__post-date\">25. Februar 2026<\/time><div class=\"wp-block-latest-posts__post-excerpt\">Ein Schmuckst\u00fcck f\u00fcr Ihre Terrasse! Die neue Terrea K55 &#8211; die Design-Markise f\u00fcr h\u00f6chste Anspr\u00fcche Ihre Terrasse verdient mehr als\u2026\u00a0<a class=\"wp-block-latest-posts__read-more\" href=\"https:\/\/hunold.com\/privatkunden\/die-neue-markise-terrea-k55\/\" rel=\"noopener noreferrer\"><span class=\"screen-reader-text\">Die neue Markise Terrea K55 <\/span>weiterlesen<\/a><\/div><\/li>\n<li><div class=\"wp-block-latest-posts__featured-image\"><a href=\"https:\/\/hunold.com\/privatkunden\/aktion-sichere-haustueren\/\" aria-label=\"AKTION &#8222;Sichere Haust\u00fcren&#8220;\"><img loading=\"lazy\" decoding=\"async\" width=\"300\" height=\"300\" src=\"https:\/\/hunold.com\/privatkunden\/wp-content\/uploads\/2025\/11\/Cava_Objekt06malt_hoeher_Stimmung_2025_A_WZ-300x300.jpg\" class=\"attachment-medium size-medium wp-post-image\" alt=\"\" style=\"\" srcset=\"https:\/\/hunold.com\/privatkunden\/wp-content\/uploads\/2025\/11\/Cava_Objekt06malt_hoeher_Stimmung_2025_A_WZ-300x300.jpg 300w, https:\/\/hunold.com\/privatkunden\/wp-content\/uploads\/2025\/11\/Cava_Objekt06malt_hoeher_Stimmung_2025_A_WZ-1024x1024.jpg 1024w, https:\/\/hunold.com\/privatkunden\/wp-content\/uploads\/2025\/11\/Cava_Objekt06malt_hoeher_Stimmung_2025_A_WZ-150x150.jpg 150w, https:\/\/hunold.com\/privatkunden\/wp-content\/uploads\/2025\/11\/Cava_Objekt06malt_hoeher_Stimmung_2025_A_WZ-768x768.jpg 768w, https:\/\/hunold.com\/privatkunden\/wp-content\/uploads\/2025\/11\/Cava_Objekt06malt_hoeher_Stimmung_2025_A_WZ.jpg 1080w\" sizes=\"auto, (max-width: 34.9rem) calc(100vw - 2rem), (max-width: 53rem) calc(8 * (100vw \/ 12)), (min-width: 53rem) calc(6 * (100vw \/ 12)), 100vw\" \/><\/a><\/div><a class=\"wp-block-latest-posts__post-title\" href=\"https:\/\/hunold.com\/privatkunden\/aktion-sichere-haustueren\/\">AKTION &#8222;Sichere Haust\u00fcren&#8220;<\/a><time datetime=\"2025-11-30T08:41:16+01:00\" class=\"wp-block-latest-posts__post-date\">30. November 2025<\/time><div class=\"wp-block-latest-posts__post-excerpt\">Aktion &#8222;Sichere Haust\u00fcren&#8220; jetzt verl\u00e4ngert bis zum 31.03.2026! Wir pr\u00e4sentieren Ihnen attraktive Sicherheitspakete f\u00fcr Ihre neue Haust\u00fcr vor. Mehr Sicherheit\u2026\u00a0<a class=\"wp-block-latest-posts__read-more\" href=\"https:\/\/hunold.com\/privatkunden\/aktion-sichere-haustueren\/\" rel=\"noopener noreferrer\"><span class=\"screen-reader-text\">AKTION &#8222;Sichere Haust\u00fcren&#8220; <\/span>weiterlesen<\/a><\/div><\/li>\n<li><div class=\"wp-block-latest-posts__featured-image\"><a href=\"https:\/\/hunold.com\/privatkunden\/10-rabatt-markisen-zum-aktionspreis\/\" aria-label=\"10% Rabatt &#8211; Markisen zum Aktionspreis\"><img loading=\"lazy\" decoding=\"async\" width=\"300\" height=\"169\" src=\"https:\/\/hunold.com\/privatkunden\/wp-content\/uploads\/2025\/11\/warema_wb_hero-winteraktion_20250923_de-de03-300x169.jpg\" class=\"attachment-medium size-medium wp-post-image\" alt=\"\" style=\"\" srcset=\"https:\/\/hunold.com\/privatkunden\/wp-content\/uploads\/2025\/11\/warema_wb_hero-winteraktion_20250923_de-de03-300x169.jpg 300w, https:\/\/hunold.com\/privatkunden\/wp-content\/uploads\/2025\/11\/warema_wb_hero-winteraktion_20250923_de-de03-1024x576.jpg 1024w, https:\/\/hunold.com\/privatkunden\/wp-content\/uploads\/2025\/11\/warema_wb_hero-winteraktion_20250923_de-de03-768x432.jpg 768w, https:\/\/hunold.com\/privatkunden\/wp-content\/uploads\/2025\/11\/warema_wb_hero-winteraktion_20250923_de-de03-1536x864.jpg 1536w, https:\/\/hunold.com\/privatkunden\/wp-content\/uploads\/2025\/11\/warema_wb_hero-winteraktion_20250923_de-de03-2048x1152.jpg 2048w, https:\/\/hunold.com\/privatkunden\/wp-content\/uploads\/2025\/11\/warema_wb_hero-winteraktion_20250923_de-de03-1568x882.jpg 1568w\" sizes=\"auto, (max-width: 34.9rem) calc(100vw - 2rem), (max-width: 53rem) calc(8 * (100vw \/ 12)), (min-width: 53rem) calc(6 * (100vw \/ 12)), 100vw\" \/><\/a><\/div><a class=\"wp-block-latest-posts__post-title\" href=\"https:\/\/hunold.com\/privatkunden\/10-rabatt-markisen-zum-aktionspreis\/\">10% Rabatt &#8211; Markisen zum Aktionspreis<\/a><time datetime=\"2025-11-11T10:03:10+01:00\" class=\"wp-block-latest-posts__post-date\">11. November 2025<\/time><div class=\"wp-block-latest-posts__post-excerpt\">Fr\u00fch buchen, clever sparen \u2013 10\u202f% Rabatt sichern auf drei beliebtesten Markisenmodelle Der n\u00e4chste Fr\u00fchling kommt bestimmt und Sie sehnen\u2026\u00a0<a class=\"wp-block-latest-posts__read-more\" href=\"https:\/\/hunold.com\/privatkunden\/10-rabatt-markisen-zum-aktionspreis\/\" rel=\"noopener noreferrer\"><span class=\"screen-reader-text\">10% Rabatt &#8211; Markisen zum Aktionspreis <\/span>weiterlesen<\/a><\/div><\/li>\n<li><div class=\"wp-block-latest-posts__featured-image\"><a href=\"https:\/\/hunold.com\/privatkunden\/holzdekore\/\" aria-label=\"Holzdekore\"><img loading=\"lazy\" decoding=\"async\" width=\"300\" height=\"199\" src=\"https:\/\/hunold.com\/privatkunden\/wp-content\/uploads\/2025\/05\/2349-52_af_st_g1419_TurnerOak-malt_9.100.10.G_h-300x199.jpg\" class=\"attachment-medium size-medium wp-post-image\" alt=\"Art Decor-Line\" style=\"\" srcset=\"https:\/\/hunold.com\/privatkunden\/wp-content\/uploads\/2025\/05\/2349-52_af_st_g1419_TurnerOak-malt_9.100.10.G_h-300x199.jpg 300w, https:\/\/hunold.com\/privatkunden\/wp-content\/uploads\/2025\/05\/2349-52_af_st_g1419_TurnerOak-malt_9.100.10.G_h-1024x678.jpg 1024w, https:\/\/hunold.com\/privatkunden\/wp-content\/uploads\/2025\/05\/2349-52_af_st_g1419_TurnerOak-malt_9.100.10.G_h-768x508.jpg 768w, https:\/\/hunold.com\/privatkunden\/wp-content\/uploads\/2025\/05\/2349-52_af_st_g1419_TurnerOak-malt_9.100.10.G_h.jpg 1177w\" sizes=\"auto, (max-width: 34.9rem) calc(100vw - 2rem), (max-width: 53rem) calc(8 * (100vw \/ 12)), (min-width: 53rem) calc(6 * (100vw \/ 12)), 100vw\" \/><\/a><\/div><a class=\"wp-block-latest-posts__post-title\" href=\"https:\/\/hunold.com\/privatkunden\/holzdekore\/\">Holzdekore<\/a><time datetime=\"2025-05-05T14:40:53+02:00\" class=\"wp-block-latest-posts__post-date\">5. Mai 2025<\/time><div class=\"wp-block-latest-posts__post-excerpt\">Pflegeleicht, zeitlos und naturgetreu \u2013 Holzdekore liegen absolut im Trend und erfreuen sich zunehmender Beliebtheit. Hunold Aluminium Haust\u00fcren mit Haust\u00fcrf\u00fcllungen\u2026\u00a0<a class=\"wp-block-latest-posts__read-more\" href=\"https:\/\/hunold.com\/privatkunden\/holzdekore\/\" rel=\"noopener noreferrer\"><span class=\"screen-reader-text\">Holzdekore <\/span>weiterlesen<\/a><\/div><\/li>\n<\/ul>\n\n\n<div class=\"wp-block-group\"><div class=\"wp-block-group__inner-container is-layout-constrained wp-block-group-is-layout-constrained\">\n<hr class=\"wp-block-separator has-alpha-channel-opacity\"\/>\n\n\n\n<h2 class=\"wp-block-heading has-text-align-center has-hunold-rot-color has-text-color\" style=\"font-size:36px;font-style:normal;font-weight:500;text-transform:capitalize\">Haben Sie Fragen? <\/h2>\n\n\n\n<p class=\"has-text-align-center has-large-font-size\">Wenn Sie fachliche Unterst\u00fctzung ben\u00f6tigen z\u00f6gern Sie nicht, rufen Sie uns an!<\/p>\n\n\n\n<div class=\"wp-block-buttons is-content-justification-center is-layout-flex wp-container-core-buttons-is-layout-16018d1d wp-block-buttons-is-layout-flex\">\n<div class=\"wp-block-button is-style-outline is-style-outline--2\"><a class=\"wp-block-button__link has-hunold-rot-color has-text-color wp-element-button\" href=\"tel:+49276192520\" style=\"border-radius:2px\" target=\"_blank\" rel=\"noreferrer noopener\"> \u260e\ufe0f 02761 9252-0<\/a><\/div>\n<\/div>\n\n\n\n<div style=\"height:60px\" aria-hidden=\"true\" class=\"wp-block-spacer\"><\/div>\n<\/div><\/div>\n","protected":false},"excerpt":{"rendered":"<p>Die Allrounder vor dem Fenster Rolll\u00e4den von WAREMA bieten effektiven Sicht- und Sonnenschutz, zuverl\u00e4ssigen L\u00e4rmschutz und optimalen W\u00e4rmeschutz f\u00fcr Ihre Fenster. Unser Hunold Team ist auf Grund der langj\u00e4hrigen Erfahrungen in diesem Sachgebiet sowie der regelm\u00e4\u00dfigen Schulungen bei WAREMA der richtige Ansprechpartner. Gerne beraten wir Sie pers\u00f6nlich. Hunold Aluminium Einige Links auf dieser Seite f\u00fchren [&hellip;]<\/p>\n","protected":false},"author":3,"featured_media":0,"parent":0,"menu_order":0,"comment_status":"closed","ping_status":"closed","template":"","meta":{"_themeisle_gutenberg_block_has_review":false,"footnotes":""},"tags":[],"class_list":["post-694","page","type-page","status-publish","hentry","entry"],"yoast_head":"<!-- This site is optimized with the Yoast SEO plugin v27.4 - https:\/\/yoast.com\/product\/yoast-seo-wordpress\/ -->\n<title>Rollladen - Hunold Aluminium<\/title>\n<meta name=\"robots\" content=\"index, follow, max-snippet:-1, max-image-preview:large, max-video-preview:-1\" \/>\n<link rel=\"canonical\" href=\"https:\/\/hunold.com\/privatkunden\/rollladen\/\" \/>\n<meta property=\"og:locale\" content=\"de_DE\" \/>\n<meta property=\"og:type\" content=\"article\" \/>\n<meta property=\"og:title\" content=\"Rollladen - Hunold Aluminium\" \/>\n<meta property=\"og:description\" content=\"Die Allrounder vor dem Fenster Rolll\u00e4den von WAREMA bieten effektiven Sicht- und Sonnenschutz, zuverl\u00e4ssigen L\u00e4rmschutz und optimalen W\u00e4rmeschutz f\u00fcr Ihre Fenster. Unser Hunold Team ist auf Grund der langj\u00e4hrigen Erfahrungen in diesem Sachgebiet sowie der regelm\u00e4\u00dfigen Schulungen bei WAREMA der richtige Ansprechpartner. Gerne beraten wir Sie pers\u00f6nlich. Hunold Aluminium Einige Links auf dieser Seite f\u00fchren [&hellip;]\" \/>\n<meta property=\"og:url\" content=\"https:\/\/hunold.com\/privatkunden\/rollladen\/\" \/>\n<meta property=\"og:site_name\" content=\"Hunold Aluminium\" \/>\n<meta property=\"article:modified_time\" content=\"2025-03-31T12:05:19+00:00\" \/>\n<meta property=\"og:image\" content=\"https:\/\/hunold.com\/privatkunden\/wp-content\/uploads\/2024\/05\/17221v1-1024x683.jpg\" \/>\n<meta name=\"twitter:card\" content=\"summary_large_image\" \/>\n<meta name=\"twitter:label1\" content=\"Gesch\u00e4tzte Lesezeit\" \/>\n\t<meta name=\"twitter:data1\" content=\"2\u00a0Minuten\" \/>\n<script type=\"application\/ld+json\" class=\"yoast-schema-graph\">{\"@context\":\"https:\\\/\\\/schema.org\",\"@graph\":[{\"@type\":\"WebPage\",\"@id\":\"https:\\\/\\\/hunold.com\\\/privatkunden\\\/rollladen\\\/\",\"url\":\"https:\\\/\\\/hunold.com\\\/privatkunden\\\/rollladen\\\/\",\"name\":\"Rollladen - Hunold Aluminium\",\"isPartOf\":{\"@id\":\"https:\\\/\\\/hunold.com\\\/privatkunden\\\/#website\"},\"primaryImageOfPage\":{\"@id\":\"https:\\\/\\\/hunold.com\\\/privatkunden\\\/rollladen\\\/#primaryimage\"},\"image\":{\"@id\":\"https:\\\/\\\/hunold.com\\\/privatkunden\\\/rollladen\\\/#primaryimage\"},\"thumbnailUrl\":\"https:\\\/\\\/hunold.com\\\/privatkunden\\\/wp-content\\\/uploads\\\/2024\\\/05\\\/17221v1-1024x683.jpg\",\"datePublished\":\"2024-05-06T12:19:23+00:00\",\"dateModified\":\"2025-03-31T12:05:19+00:00\",\"breadcrumb\":{\"@id\":\"https:\\\/\\\/hunold.com\\\/privatkunden\\\/rollladen\\\/#breadcrumb\"},\"inLanguage\":\"de\",\"potentialAction\":[{\"@type\":\"ReadAction\",\"target\":[\"https:\\\/\\\/hunold.com\\\/privatkunden\\\/rollladen\\\/\"]}]},{\"@type\":\"ImageObject\",\"inLanguage\":\"de\",\"@id\":\"https:\\\/\\\/hunold.com\\\/privatkunden\\\/rollladen\\\/#primaryimage\",\"url\":\"https:\\\/\\\/hunold.com\\\/privatkunden\\\/wp-content\\\/uploads\\\/2024\\\/05\\\/17221v1.jpg\",\"contentUrl\":\"https:\\\/\\\/hunold.com\\\/privatkunden\\\/wp-content\\\/uploads\\\/2024\\\/05\\\/17221v1.jpg\",\"width\":1500,\"height\":1000},{\"@type\":\"BreadcrumbList\",\"@id\":\"https:\\\/\\\/hunold.com\\\/privatkunden\\\/rollladen\\\/#breadcrumb\",\"itemListElement\":[{\"@type\":\"ListItem\",\"position\":1,\"name\":\"Startseite\",\"item\":\"https:\\\/\\\/hunold.com\\\/privatkunden\\\/\"},{\"@type\":\"ListItem\",\"position\":2,\"name\":\"Rollladen\"}]},{\"@type\":\"WebSite\",\"@id\":\"https:\\\/\\\/hunold.com\\\/privatkunden\\\/#website\",\"url\":\"https:\\\/\\\/hunold.com\\\/privatkunden\\\/\",\"name\":\"Hunold Aluminium\",\"description\":\"Privatkunden\",\"publisher\":{\"@id\":\"https:\\\/\\\/hunold.com\\\/privatkunden\\\/#organization\"},\"potentialAction\":[{\"@type\":\"SearchAction\",\"target\":{\"@type\":\"EntryPoint\",\"urlTemplate\":\"https:\\\/\\\/hunold.com\\\/privatkunden\\\/?s={search_term_string}\"},\"query-input\":{\"@type\":\"PropertyValueSpecification\",\"valueRequired\":true,\"valueName\":\"search_term_string\"}}],\"inLanguage\":\"de\"},{\"@type\":\"Organization\",\"@id\":\"https:\\\/\\\/hunold.com\\\/privatkunden\\\/#organization\",\"name\":\"Hunold Aluminium\",\"url\":\"https:\\\/\\\/hunold.com\\\/privatkunden\\\/\",\"logo\":{\"@type\":\"ImageObject\",\"inLanguage\":\"de\",\"@id\":\"https:\\\/\\\/hunold.com\\\/privatkunden\\\/#\\\/schema\\\/logo\\\/image\\\/\",\"url\":\"https:\\\/\\\/hunold.com\\\/privatkunden\\\/wp-content\\\/uploads\\\/2022\\\/07\\\/Logo-Hunold-Aluminium.svg\",\"contentUrl\":\"https:\\\/\\\/hunold.com\\\/privatkunden\\\/wp-content\\\/uploads\\\/2022\\\/07\\\/Logo-Hunold-Aluminium.svg\",\"caption\":\"Hunold Aluminium\"},\"image\":{\"@id\":\"https:\\\/\\\/hunold.com\\\/privatkunden\\\/#\\\/schema\\\/logo\\\/image\\\/\"}}]}<\/script>\n<!-- \/ Yoast SEO plugin. -->","yoast_head_json":{"title":"Rollladen - Hunold Aluminium","robots":{"index":"index","follow":"follow","max-snippet":"max-snippet:-1","max-image-preview":"max-image-preview:large","max-video-preview":"max-video-preview:-1"},"canonical":"https:\/\/hunold.com\/privatkunden\/rollladen\/","og_locale":"de_DE","og_type":"article","og_title":"Rollladen - Hunold Aluminium","og_description":"Die Allrounder vor dem Fenster Rolll\u00e4den von WAREMA bieten effektiven Sicht- und Sonnenschutz, zuverl\u00e4ssigen L\u00e4rmschutz und optimalen W\u00e4rmeschutz f\u00fcr Ihre Fenster. Unser Hunold Team ist auf Grund der langj\u00e4hrigen Erfahrungen in diesem Sachgebiet sowie der regelm\u00e4\u00dfigen Schulungen bei WAREMA der richtige Ansprechpartner. Gerne beraten wir Sie pers\u00f6nlich. Hunold Aluminium Einige Links auf dieser Seite f\u00fchren [&hellip;]","og_url":"https:\/\/hunold.com\/privatkunden\/rollladen\/","og_site_name":"Hunold Aluminium","article_modified_time":"2025-03-31T12:05:19+00:00","og_image":[{"url":"https:\/\/hunold.com\/privatkunden\/wp-content\/uploads\/2024\/05\/17221v1-1024x683.jpg","type":"","width":"","height":""}],"twitter_card":"summary_large_image","twitter_misc":{"Gesch\u00e4tzte Lesezeit":"2\u00a0Minuten"},"schema":{"@context":"https:\/\/schema.org","@graph":[{"@type":"WebPage","@id":"https:\/\/hunold.com\/privatkunden\/rollladen\/","url":"https:\/\/hunold.com\/privatkunden\/rollladen\/","name":"Rollladen - Hunold Aluminium","isPartOf":{"@id":"https:\/\/hunold.com\/privatkunden\/#website"},"primaryImageOfPage":{"@id":"https:\/\/hunold.com\/privatkunden\/rollladen\/#primaryimage"},"image":{"@id":"https:\/\/hunold.com\/privatkunden\/rollladen\/#primaryimage"},"thumbnailUrl":"https:\/\/hunold.com\/privatkunden\/wp-content\/uploads\/2024\/05\/17221v1-1024x683.jpg","datePublished":"2024-05-06T12:19:23+00:00","dateModified":"2025-03-31T12:05:19+00:00","breadcrumb":{"@id":"https:\/\/hunold.com\/privatkunden\/rollladen\/#breadcrumb"},"inLanguage":"de","potentialAction":[{"@type":"ReadAction","target":["https:\/\/hunold.com\/privatkunden\/rollladen\/"]}]},{"@type":"ImageObject","inLanguage":"de","@id":"https:\/\/hunold.com\/privatkunden\/rollladen\/#primaryimage","url":"https:\/\/hunold.com\/privatkunden\/wp-content\/uploads\/2024\/05\/17221v1.jpg","contentUrl":"https:\/\/hunold.com\/privatkunden\/wp-content\/uploads\/2024\/05\/17221v1.jpg","width":1500,"height":1000},{"@type":"BreadcrumbList","@id":"https:\/\/hunold.com\/privatkunden\/rollladen\/#breadcrumb","itemListElement":[{"@type":"ListItem","position":1,"name":"Startseite","item":"https:\/\/hunold.com\/privatkunden\/"},{"@type":"ListItem","position":2,"name":"Rollladen"}]},{"@type":"WebSite","@id":"https:\/\/hunold.com\/privatkunden\/#website","url":"https:\/\/hunold.com\/privatkunden\/","name":"Hunold Aluminium","description":"Privatkunden","publisher":{"@id":"https:\/\/hunold.com\/privatkunden\/#organization"},"potentialAction":[{"@type":"SearchAction","target":{"@type":"EntryPoint","urlTemplate":"https:\/\/hunold.com\/privatkunden\/?s={search_term_string}"},"query-input":{"@type":"PropertyValueSpecification","valueRequired":true,"valueName":"search_term_string"}}],"inLanguage":"de"},{"@type":"Organization","@id":"https:\/\/hunold.com\/privatkunden\/#organization","name":"Hunold Aluminium","url":"https:\/\/hunold.com\/privatkunden\/","logo":{"@type":"ImageObject","inLanguage":"de","@id":"https:\/\/hunold.com\/privatkunden\/#\/schema\/logo\/image\/","url":"https:\/\/hunold.com\/privatkunden\/wp-content\/uploads\/2022\/07\/Logo-Hunold-Aluminium.svg","contentUrl":"https:\/\/hunold.com\/privatkunden\/wp-content\/uploads\/2022\/07\/Logo-Hunold-Aluminium.svg","caption":"Hunold Aluminium"},"image":{"@id":"https:\/\/hunold.com\/privatkunden\/#\/schema\/logo\/image\/"}}]}},"_links":{"self":[{"href":"https:\/\/hunold.com\/privatkunden\/wp-json\/wp\/v2\/pages\/694","targetHints":{"allow":["GET"]}}],"collection":[{"href":"https:\/\/hunold.com\/privatkunden\/wp-json\/wp\/v2\/pages"}],"about":[{"href":"https:\/\/hunold.com\/privatkunden\/wp-json\/wp\/v2\/types\/page"}],"author":[{"embeddable":true,"href":"https:\/\/hunold.com\/privatkunden\/wp-json\/wp\/v2\/users\/3"}],"replies":[{"embeddable":true,"href":"https:\/\/hunold.com\/privatkunden\/wp-json\/wp\/v2\/comments?post=694"}],"version-history":[{"count":13,"href":"https:\/\/hunold.com\/privatkunden\/wp-json\/wp\/v2\/pages\/694\/revisions"}],"predecessor-version":[{"id":1541,"href":"https:\/\/hunold.com\/privatkunden\/wp-json\/wp\/v2\/pages\/694\/revisions\/1541"}],"wp:attachment":[{"href":"https:\/\/hunold.com\/privatkunden\/wp-json\/wp\/v2\/media?parent=694"}],"wp:term":[{"taxonomy":"post_tag","embeddable":true,"href":"https:\/\/hunold.com\/privatkunden\/wp-json\/wp\/v2\/tags?post=694"}],"curies":[{"name":"wp","href":"https:\/\/api.w.org\/{rel}","templated":true}]}}