{"id":76,"date":"2023-11-08T10:33:39","date_gmt":"2023-11-08T09:33:39","guid":{"rendered":"https:\/\/hunold.com\/privatkunden\/?page_id=76"},"modified":"2024-06-13T16:01:18","modified_gmt":"2024-06-13T14:01:18","slug":"sonnenschutz","status":"publish","type":"page","link":"https:\/\/hunold.com\/privatkunden\/sonnenschutz\/","title":{"rendered":"Sonnenschutz"},"content":{"rendered":"\n<p class=\"has-text-align-center\">Ihr Zuhause ist einzigartig \u2013 genauso wie Ihre Anforderungen an den Sonnenschutz. Wir bieten ma\u00dfgeschneiderte L\u00f6sungen, die perfekt zu Ihrem Stil und Ihren Bed\u00fcrfnissen passen.<\/p>\n\n\n\n<div style=\"height:60px\" aria-hidden=\"true\" class=\"wp-block-spacer\"><\/div>\n\n\n\n<div class=\"wp-block-cover alignfull is-light has-parallax\" style=\"min-height:600px;aspect-ratio:unset;\"><span aria-hidden=\"true\" class=\"wp-block-cover__background has-hunold-hellgrau-background-color has-background-dim\"><\/span><div class=\"wp-block-cover__image-background wp-image-459 has-parallax\" style=\"background-position:50% 50%;background-image:url(https:\/\/hunold.com\/gutenberg\/wp-content\/uploads\/2022\/08\/Home_Comfort_15.jpg)\"><\/div><div class=\"wp-block-cover__inner-container is-layout-flow wp-block-cover-is-layout-flow\">\n<div style=\"height:40px\" aria-hidden=\"true\" class=\"wp-block-spacer\"><\/div>\n\n\n\n<p class=\"has-text-align-center\" style=\"font-size:42px\">Sonnenschutz- so individuell wie Ihr Zuhause,<\/p>\n\n\n\n<p class=\"has-text-align-center has-large-font-size\">mehr Lebensqualit\u00e4t, weniger Heizkosten.<\/p>\n\n\n\n<div style=\"height:60px\" aria-hidden=\"true\" class=\"wp-block-spacer\"><\/div>\n<\/div><\/div>\n\n\n\n<div style=\"height:60px\" aria-hidden=\"true\" class=\"wp-block-spacer\"><\/div>\n\n\n\n<p class=\"has-text-align-center\">Wir sind Partner der Marktf\u00fchrer <strong>WAREMA<\/strong> Renkhoff SE aus Marktheidenfeld und begleiten Sie von der Planung bis zur Montage.<\/p>\n\n\n\n<div style=\"height:60px\" aria-hidden=\"true\" class=\"wp-block-spacer\"><\/div>\n\n\n\n<div class=\"wp-block-columns alignfull box-shadow is-layout-flex wp-container-core-columns-is-layout-9d6595d7 wp-block-columns-is-layout-flex\">\n<div class=\"wp-block-column box-shadow is-layout-flow wp-block-column-is-layout-flow\">\n<figure class=\"wp-block-image size-large larger\"><a href=\"https:\/\/hunold.com\/privatkunden\/markisen\/\" target=\"_blank\" rel=\"Fenster noopener\"><img decoding=\"async\" src=\"https:\/\/hunold.com\/gutenberg\/wp-content\/uploads\/2023\/04\/WAREMA_K50_18445v7-1024x682.jpg\" alt=\"\" class=\"wp-image-2976\"\/><\/a><\/figure>\n\n\n\n<div style=\"height:10px\" aria-hidden=\"true\" class=\"wp-block-spacer\"><\/div>\n\n\n\n<p class=\"has-text-align-center is-style-default has-hunold-rot-color has-text-color has-large-font-size\"><a href=\"https:\/\/hunold.com\/privatkunden\/markisen\/\">MARKISEN<\/a><\/p>\n<\/div>\n\n\n\n<div class=\"wp-block-column is-layout-flow wp-block-column-is-layout-flow\">\n<figure class=\"wp-block-image size-large box-shadow, larger\"><a href=\"https:\/\/hunold.com\/privatkunden\/lamellendach\/\"><img decoding=\"async\" src=\"https:\/\/hunold.com\/gutenberg\/wp-content\/uploads\/2023\/04\/WAREMA_Lamaxa_1-1024x678.jpg\" alt=\"\" class=\"wp-image-2970\"\/><\/a><\/figure>\n\n\n\n<div style=\"height:10px\" aria-hidden=\"true\" class=\"wp-block-spacer\"><\/div>\n\n\n\n<p class=\"has-text-align-center has-hunold-rot-color has-text-color has-large-font-size\"><a href=\"https:\/\/hunold.com\/privatkunden\/lamellendach\/\">LAMELLENDACH<\/a><\/p>\n<\/div>\n\n\n\n<div class=\"wp-block-column box-shadow is-layout-flow wp-block-column-is-layout-flow\">\n<figure class=\"wp-block-image size-large box-shadow, larger\"><a href=\"https:\/\/hunold.com\/privatkunden\/jalousien\/\"><img decoding=\"async\" src=\"https:\/\/hunold.com\/gutenberg\/wp-content\/uploads\/2023\/04\/WAREMA_Vorbau-Raffstoren_19007v3-1024x682.jpg\" alt=\"\" class=\"wp-image-2975\"\/><\/a><\/figure>\n\n\n\n<div style=\"height:10px\" aria-hidden=\"true\" class=\"wp-block-spacer\"><\/div>\n\n\n\n<p class=\"has-text-align-center has-hunold-rot-color has-text-color has-large-font-size\"><a href=\"https:\/\/hunold.com\/privatkunden\/jalousien\/\">AU\u00dfENJALOUSIEN<\/a><\/p>\n<\/div>\n\n\n\n<div class=\"wp-block-column box-shadow is-layout-flow wp-block-column-is-layout-flow\">\n<figure class=\"wp-block-image size-large box-shadow, larger\"><a href=\"https:\/\/hunold.com\/privatkunden\/rollladen\/\"><img decoding=\"async\" src=\"https:\/\/hunold.com\/gutenberg\/wp-content\/uploads\/2023\/04\/17221-1024x683.jpg\" alt=\"\" class=\"wp-image-2980\"\/><\/a><\/figure>\n\n\n\n<div style=\"height:10px\" aria-hidden=\"true\" class=\"wp-block-spacer\"><\/div>\n\n\n\n<p class=\"has-text-align-center has-hunold-rot-color has-text-color has-large-font-size\"><a href=\"https:\/\/hunold.com\/privatkunden\/rollladen\/\">ROLLLADEN<\/a><\/p>\n<\/div>\n<\/div>\n\n\n\n<div style=\"height:30px\" aria-hidden=\"true\" class=\"wp-block-spacer\"><\/div>\n\n\n\n<div class=\"wp-block-group has-white-background-color has-background\"><div class=\"wp-block-group__inner-container is-layout-constrained wp-block-group-is-layout-constrained\">\n<h2 class=\"wp-block-heading\">WAREMA Sonnenschutzsysteme bieten Ihnen zahlreiche Vorteile:<\/h2>\n\n\n\n<ul class=\"wp-block-list\">\n<li><strong>Ma\u00dfgeschneiderte L\u00f6sungen<\/strong>: Ob Rolll\u00e4den, Markisen oder Jalousien \u2013 wir passen den Sonnenschutz genau an die Gegebenheiten Ihres Hauses an.<\/li>\n\n\n\n<li><strong>Energieeffizienz<\/strong>: Durch effektiven Sonnenschutz k\u00f6nnen Sie den Energieverbrauch f\u00fcr K\u00fchlung und Heizung reduzieren und dabei die Umwelt schonen.<\/li>\n\n\n\n<li><strong>Komfort und Wohlf\u00fchlklima<\/strong>: Sch\u00fctzen Sie Ihre R\u00e4ume vor \u00fcberm\u00e4\u00dfiger Sonneneinstrahlung und schaffen Sie eine angenehme Atmosph\u00e4re zu jeder Jahreszeit.<\/li>\n\n\n\n<li><strong>\u00c4sthetik und Design<\/strong>: W\u00e4hlen Sie aus einer Vielzahl von Farben und Designs, die sich harmonisch in die Architektur Ihres Hauses einf\u00fcgen.<\/li>\n<\/ul>\n\n\n\n<p>Lassen Sie uns gemeinsam die perfekte Sonnenschutzl\u00f6sung f\u00fcr Ihr Zuhause finden. Kontaktieren Sie uns f\u00fcr eine unverbindliche Beratung und ein individuelles Angebot.<\/p>\n\n\n\n<h2 class=\"wp-block-heading has-text-align-left\">Wir freuen uns darauf, Ihre W\u00fcnsche in die Tat umzusetzen!<\/h2>\n<\/div><\/div>\n\n\n\n<div style=\"height:60px\" aria-hidden=\"true\" class=\"wp-block-spacer\"><\/div>\n\n\n\n<hr class=\"wp-block-separator has-alpha-channel-opacity\"\/>\n\n\n\n<div style=\"height:30px\" aria-hidden=\"true\" class=\"wp-block-spacer\"><\/div>\n\n\n\n<h2 class=\"wp-block-heading has-text-align-center\" style=\"font-size:42px;text-transform:uppercase\">Hunold Aluminium<\/h2>\n\n\n\n<div style=\"height:20px\" aria-hidden=\"true\" class=\"wp-block-spacer\"><\/div>\n\n\n\n<div class=\"wp-block-columns is-layout-flex wp-container-core-columns-is-layout-9d6595d7 wp-block-columns-is-layout-flex\">\n<div class=\"wp-block-column is-layout-flow wp-block-column-is-layout-flow\"><div class=\"wp-block-image is-style-default\">\n<figure class=\"aligncenter size-full is-resized\"><img decoding=\"async\" src=\"https:\/\/hunold.com\/gutenberg\/wp-content\/uploads\/2024\/03\/9973092v4.png\" alt=\"\" class=\"wp-image-3792\" style=\"width:412px;height:122px\"\/><\/figure>\n<\/div><\/div>\n<\/div>\n\n\n\n<div style=\"height:30px\" aria-hidden=\"true\" class=\"wp-block-spacer\"><\/div>\n\n\n\n<div class=\"wp-block-group\"><div class=\"wp-block-group__inner-container is-layout-constrained wp-block-group-is-layout-constrained\">\n<hr class=\"wp-block-separator has-alpha-channel-opacity\"\/>\n\n\n\n<h2 class=\"wp-block-heading has-text-align-center has-hunold-rot-color has-text-color\" style=\"font-size:36px;font-style:normal;font-weight:500;text-transform:capitalize\">Haben Sie Fragen? <\/h2>\n\n\n\n<p class=\"has-text-align-center has-large-font-size\">Wenn Sie fachliche Unterst\u00fctzung ben\u00f6tigen z\u00f6gern Sie nicht, rufen Sie uns an!<\/p>\n\n\n\n<div class=\"wp-block-buttons is-content-justification-center is-layout-flex wp-container-core-buttons-is-layout-16018d1d wp-block-buttons-is-layout-flex\">\n<div class=\"wp-block-button is-style-outline is-style-outline--1\"><a class=\"wp-block-button__link has-hunold-rot-color has-text-color wp-element-button\" href=\"tel:+49276192520\" style=\"border-radius:2px\" target=\"_blank\" rel=\"noreferrer noopener\"> \u260e\ufe0f 02761 9252-0<\/a><\/div>\n<\/div>\n\n\n\n<div style=\"height:60px\" aria-hidden=\"true\" class=\"wp-block-spacer\"><\/div>\n<\/div><\/div>\n","protected":false},"excerpt":{"rendered":"<p>Ihr Zuhause ist einzigartig \u2013 genauso wie Ihre Anforderungen an den Sonnenschutz. Wir bieten ma\u00dfgeschneiderte L\u00f6sungen, die perfekt zu Ihrem Stil und Ihren Bed\u00fcrfnissen passen. Wir sind Partner der Marktf\u00fchrer WAREMA Renkhoff SE aus Marktheidenfeld und begleiten Sie von der Planung bis zur Montage. MARKISEN LAMELLENDACH AU\u00dfENJALOUSIEN ROLLLADEN WAREMA Sonnenschutzsysteme bieten Ihnen zahlreiche Vorteile: Lassen [&hellip;]<\/p>\n","protected":false},"author":3,"featured_media":0,"parent":0,"menu_order":0,"comment_status":"closed","ping_status":"closed","template":"","meta":{"_themeisle_gutenberg_block_has_review":false,"footnotes":""},"tags":[23,11,19,22],"class_list":["post-76","page","type-page","status-publish","hentry","tag-markisen","tag-olpe","tag-siegen","tag-sonnenschutz","entry"],"yoast_head":"<!-- This site is optimized with the Yoast SEO plugin v27.4 - https:\/\/yoast.com\/product\/yoast-seo-wordpress\/ -->\n<title>Sonnenschutz - Hunold Aluminium<\/title>\n<meta name=\"robots\" content=\"index, follow, max-snippet:-1, max-image-preview:large, max-video-preview:-1\" \/>\n<link rel=\"canonical\" href=\"https:\/\/hunold.com\/privatkunden\/sonnenschutz\/\" \/>\n<meta property=\"og:locale\" content=\"de_DE\" \/>\n<meta property=\"og:type\" content=\"article\" \/>\n<meta property=\"og:title\" content=\"Sonnenschutz - Hunold Aluminium\" \/>\n<meta property=\"og:description\" content=\"Ihr Zuhause ist einzigartig \u2013 genauso wie Ihre Anforderungen an den Sonnenschutz. Wir bieten ma\u00dfgeschneiderte L\u00f6sungen, die perfekt zu Ihrem Stil und Ihren Bed\u00fcrfnissen passen. Wir sind Partner der Marktf\u00fchrer WAREMA Renkhoff SE aus Marktheidenfeld und begleiten Sie von der Planung bis zur Montage. MARKISEN LAMELLENDACH AU\u00dfENJALOUSIEN ROLLLADEN WAREMA Sonnenschutzsysteme bieten Ihnen zahlreiche Vorteile: Lassen [&hellip;]\" \/>\n<meta property=\"og:url\" content=\"https:\/\/hunold.com\/privatkunden\/sonnenschutz\/\" \/>\n<meta property=\"og:site_name\" content=\"Hunold Aluminium\" \/>\n<meta property=\"article:modified_time\" content=\"2024-06-13T14:01:18+00:00\" \/>\n<meta property=\"og:image\" content=\"https:\/\/hunold.com\/gutenberg\/wp-content\/uploads\/2023\/04\/WAREMA_K50_18445v7-1024x682.jpg\" \/>\n<meta name=\"twitter:card\" content=\"summary_large_image\" \/>\n<meta name=\"twitter:label1\" content=\"Gesch\u00e4tzte Lesezeit\" \/>\n\t<meta name=\"twitter:data1\" content=\"3\u00a0Minuten\" \/>\n<script type=\"application\/ld+json\" class=\"yoast-schema-graph\">{\"@context\":\"https:\\\/\\\/schema.org\",\"@graph\":[{\"@type\":\"WebPage\",\"@id\":\"https:\\\/\\\/hunold.com\\\/privatkunden\\\/sonnenschutz\\\/\",\"url\":\"https:\\\/\\\/hunold.com\\\/privatkunden\\\/sonnenschutz\\\/\",\"name\":\"Sonnenschutz - Hunold Aluminium\",\"isPartOf\":{\"@id\":\"https:\\\/\\\/hunold.com\\\/privatkunden\\\/#website\"},\"primaryImageOfPage\":{\"@id\":\"https:\\\/\\\/hunold.com\\\/privatkunden\\\/sonnenschutz\\\/#primaryimage\"},\"image\":{\"@id\":\"https:\\\/\\\/hunold.com\\\/privatkunden\\\/sonnenschutz\\\/#primaryimage\"},\"thumbnailUrl\":\"https:\\\/\\\/hunold.com\\\/gutenberg\\\/wp-content\\\/uploads\\\/2023\\\/04\\\/WAREMA_K50_18445v7-1024x682.jpg\",\"datePublished\":\"2023-11-08T09:33:39+00:00\",\"dateModified\":\"2024-06-13T14:01:18+00:00\",\"breadcrumb\":{\"@id\":\"https:\\\/\\\/hunold.com\\\/privatkunden\\\/sonnenschutz\\\/#breadcrumb\"},\"inLanguage\":\"de\",\"potentialAction\":[{\"@type\":\"ReadAction\",\"target\":[\"https:\\\/\\\/hunold.com\\\/privatkunden\\\/sonnenschutz\\\/\"]}]},{\"@type\":\"ImageObject\",\"inLanguage\":\"de\",\"@id\":\"https:\\\/\\\/hunold.com\\\/privatkunden\\\/sonnenschutz\\\/#primaryimage\",\"url\":\"https:\\\/\\\/hunold.com\\\/gutenberg\\\/wp-content\\\/uploads\\\/2023\\\/04\\\/WAREMA_K50_18445v7-1024x682.jpg\",\"contentUrl\":\"https:\\\/\\\/hunold.com\\\/gutenberg\\\/wp-content\\\/uploads\\\/2023\\\/04\\\/WAREMA_K50_18445v7-1024x682.jpg\"},{\"@type\":\"BreadcrumbList\",\"@id\":\"https:\\\/\\\/hunold.com\\\/privatkunden\\\/sonnenschutz\\\/#breadcrumb\",\"itemListElement\":[{\"@type\":\"ListItem\",\"position\":1,\"name\":\"Startseite\",\"item\":\"https:\\\/\\\/hunold.com\\\/privatkunden\\\/\"},{\"@type\":\"ListItem\",\"position\":2,\"name\":\"Sonnenschutz\"}]},{\"@type\":\"WebSite\",\"@id\":\"https:\\\/\\\/hunold.com\\\/privatkunden\\\/#website\",\"url\":\"https:\\\/\\\/hunold.com\\\/privatkunden\\\/\",\"name\":\"Hunold Aluminium\",\"description\":\"Privatkunden\",\"publisher\":{\"@id\":\"https:\\\/\\\/hunold.com\\\/privatkunden\\\/#organization\"},\"potentialAction\":[{\"@type\":\"SearchAction\",\"target\":{\"@type\":\"EntryPoint\",\"urlTemplate\":\"https:\\\/\\\/hunold.com\\\/privatkunden\\\/?s={search_term_string}\"},\"query-input\":{\"@type\":\"PropertyValueSpecification\",\"valueRequired\":true,\"valueName\":\"search_term_string\"}}],\"inLanguage\":\"de\"},{\"@type\":\"Organization\",\"@id\":\"https:\\\/\\\/hunold.com\\\/privatkunden\\\/#organization\",\"name\":\"Hunold Aluminium\",\"url\":\"https:\\\/\\\/hunold.com\\\/privatkunden\\\/\",\"logo\":{\"@type\":\"ImageObject\",\"inLanguage\":\"de\",\"@id\":\"https:\\\/\\\/hunold.com\\\/privatkunden\\\/#\\\/schema\\\/logo\\\/image\\\/\",\"url\":\"https:\\\/\\\/hunold.com\\\/privatkunden\\\/wp-content\\\/uploads\\\/2022\\\/07\\\/Logo-Hunold-Aluminium.svg\",\"contentUrl\":\"https:\\\/\\\/hunold.com\\\/privatkunden\\\/wp-content\\\/uploads\\\/2022\\\/07\\\/Logo-Hunold-Aluminium.svg\",\"caption\":\"Hunold Aluminium\"},\"image\":{\"@id\":\"https:\\\/\\\/hunold.com\\\/privatkunden\\\/#\\\/schema\\\/logo\\\/image\\\/\"}}]}<\/script>\n<!-- \/ Yoast SEO plugin. -->","yoast_head_json":{"title":"Sonnenschutz - Hunold Aluminium","robots":{"index":"index","follow":"follow","max-snippet":"max-snippet:-1","max-image-preview":"max-image-preview:large","max-video-preview":"max-video-preview:-1"},"canonical":"https:\/\/hunold.com\/privatkunden\/sonnenschutz\/","og_locale":"de_DE","og_type":"article","og_title":"Sonnenschutz - Hunold Aluminium","og_description":"Ihr Zuhause ist einzigartig \u2013 genauso wie Ihre Anforderungen an den Sonnenschutz. Wir bieten ma\u00dfgeschneiderte L\u00f6sungen, die perfekt zu Ihrem Stil und Ihren Bed\u00fcrfnissen passen. Wir sind Partner der Marktf\u00fchrer WAREMA Renkhoff SE aus Marktheidenfeld und begleiten Sie von der Planung bis zur Montage. MARKISEN LAMELLENDACH AU\u00dfENJALOUSIEN ROLLLADEN WAREMA Sonnenschutzsysteme bieten Ihnen zahlreiche Vorteile: Lassen [&hellip;]","og_url":"https:\/\/hunold.com\/privatkunden\/sonnenschutz\/","og_site_name":"Hunold Aluminium","article_modified_time":"2024-06-13T14:01:18+00:00","og_image":[{"url":"https:\/\/hunold.com\/gutenberg\/wp-content\/uploads\/2023\/04\/WAREMA_K50_18445v7-1024x682.jpg","type":"","width":"","height":""}],"twitter_card":"summary_large_image","twitter_misc":{"Gesch\u00e4tzte Lesezeit":"3\u00a0Minuten"},"schema":{"@context":"https:\/\/schema.org","@graph":[{"@type":"WebPage","@id":"https:\/\/hunold.com\/privatkunden\/sonnenschutz\/","url":"https:\/\/hunold.com\/privatkunden\/sonnenschutz\/","name":"Sonnenschutz - Hunold Aluminium","isPartOf":{"@id":"https:\/\/hunold.com\/privatkunden\/#website"},"primaryImageOfPage":{"@id":"https:\/\/hunold.com\/privatkunden\/sonnenschutz\/#primaryimage"},"image":{"@id":"https:\/\/hunold.com\/privatkunden\/sonnenschutz\/#primaryimage"},"thumbnailUrl":"https:\/\/hunold.com\/gutenberg\/wp-content\/uploads\/2023\/04\/WAREMA_K50_18445v7-1024x682.jpg","datePublished":"2023-11-08T09:33:39+00:00","dateModified":"2024-06-13T14:01:18+00:00","breadcrumb":{"@id":"https:\/\/hunold.com\/privatkunden\/sonnenschutz\/#breadcrumb"},"inLanguage":"de","potentialAction":[{"@type":"ReadAction","target":["https:\/\/hunold.com\/privatkunden\/sonnenschutz\/"]}]},{"@type":"ImageObject","inLanguage":"de","@id":"https:\/\/hunold.com\/privatkunden\/sonnenschutz\/#primaryimage","url":"https:\/\/hunold.com\/gutenberg\/wp-content\/uploads\/2023\/04\/WAREMA_K50_18445v7-1024x682.jpg","contentUrl":"https:\/\/hunold.com\/gutenberg\/wp-content\/uploads\/2023\/04\/WAREMA_K50_18445v7-1024x682.jpg"},{"@type":"BreadcrumbList","@id":"https:\/\/hunold.com\/privatkunden\/sonnenschutz\/#breadcrumb","itemListElement":[{"@type":"ListItem","position":1,"name":"Startseite","item":"https:\/\/hunold.com\/privatkunden\/"},{"@type":"ListItem","position":2,"name":"Sonnenschutz"}]},{"@type":"WebSite","@id":"https:\/\/hunold.com\/privatkunden\/#website","url":"https:\/\/hunold.com\/privatkunden\/","name":"Hunold Aluminium","description":"Privatkunden","publisher":{"@id":"https:\/\/hunold.com\/privatkunden\/#organization"},"potentialAction":[{"@type":"SearchAction","target":{"@type":"EntryPoint","urlTemplate":"https:\/\/hunold.com\/privatkunden\/?s={search_term_string}"},"query-input":{"@type":"PropertyValueSpecification","valueRequired":true,"valueName":"search_term_string"}}],"inLanguage":"de"},{"@type":"Organization","@id":"https:\/\/hunold.com\/privatkunden\/#organization","name":"Hunold Aluminium","url":"https:\/\/hunold.com\/privatkunden\/","logo":{"@type":"ImageObject","inLanguage":"de","@id":"https:\/\/hunold.com\/privatkunden\/#\/schema\/logo\/image\/","url":"https:\/\/hunold.com\/privatkunden\/wp-content\/uploads\/2022\/07\/Logo-Hunold-Aluminium.svg","contentUrl":"https:\/\/hunold.com\/privatkunden\/wp-content\/uploads\/2022\/07\/Logo-Hunold-Aluminium.svg","caption":"Hunold Aluminium"},"image":{"@id":"https:\/\/hunold.com\/privatkunden\/#\/schema\/logo\/image\/"}}]}},"_links":{"self":[{"href":"https:\/\/hunold.com\/privatkunden\/wp-json\/wp\/v2\/pages\/76","targetHints":{"allow":["GET"]}}],"collection":[{"href":"https:\/\/hunold.com\/privatkunden\/wp-json\/wp\/v2\/pages"}],"about":[{"href":"https:\/\/hunold.com\/privatkunden\/wp-json\/wp\/v2\/types\/page"}],"author":[{"embeddable":true,"href":"https:\/\/hunold.com\/privatkunden\/wp-json\/wp\/v2\/users\/3"}],"replies":[{"embeddable":true,"href":"https:\/\/hunold.com\/privatkunden\/wp-json\/wp\/v2\/comments?post=76"}],"version-history":[{"count":11,"href":"https:\/\/hunold.com\/privatkunden\/wp-json\/wp\/v2\/pages\/76\/revisions"}],"predecessor-version":[{"id":862,"href":"https:\/\/hunold.com\/privatkunden\/wp-json\/wp\/v2\/pages\/76\/revisions\/862"}],"wp:attachment":[{"href":"https:\/\/hunold.com\/privatkunden\/wp-json\/wp\/v2\/media?parent=76"}],"wp:term":[{"taxonomy":"post_tag","embeddable":true,"href":"https:\/\/hunold.com\/privatkunden\/wp-json\/wp\/v2\/tags?post=76"}],"curies":[{"name":"wp","href":"https:\/\/api.w.org\/{rel}","templated":true}]}}