{"id":82,"date":"2023-11-08T10:40:48","date_gmt":"2023-11-08T09:40:48","guid":{"rendered":"https:\/\/hunold.com\/privatkunden\/?page_id=82"},"modified":"2025-03-31T13:40:32","modified_gmt":"2025-03-31T11:40:32","slug":"foerderung","status":"publish","type":"page","link":"https:\/\/hunold.com\/privatkunden\/foerderung\/","title":{"rendered":"F\u00f6rderung"},"content":{"rendered":"\n<h2 class=\"wp-block-heading has-text-align-center\">F\u00f6rderung f\u00fcr Fenster und T\u00fcren, egal ob energetische Sanierungen oder Neubau<\/h2>\n\n\n\n<div style=\"height:60px\" aria-hidden=\"true\" class=\"wp-block-spacer\"><\/div>\n\n\n\n<div class=\"wp-block-group alignwide\"><div class=\"wp-block-group__inner-container is-layout-constrained wp-block-group-is-layout-constrained\">\n<figure class=\"wp-block-video\"><video height=\"1080\" style=\"aspect-ratio: 1920 \/ 1080;\" width=\"1920\" controls src=\"https:\/\/hunold.com\/privatkunden\/wp-content\/uploads\/2024\/06\/211220_VFF_Foerderung_Spot-1.mp4\"><\/video><\/figure>\n<\/div><\/div>\n\n\n\n<div style=\"height:60px\" aria-hidden=\"true\" class=\"wp-block-spacer\"><\/div>\n\n\n\n<div style=\"height:30px\" aria-hidden=\"true\" class=\"wp-block-spacer\"><\/div>\n\n\n\n<h2 class=\"wp-block-heading has-text-align-center\" style=\"font-size:42px;text-transform:uppercase\">Aktuell<\/h2>\n\n\n\n<div style=\"height:60px\" aria-hidden=\"true\" class=\"wp-block-spacer\"><\/div>\n\n\n\n<div class=\"wp-block-cover alignfull is-light has-parallax wp-elements-8d182fc18505dbff4dd68eb42ea0e650\" style=\"min-height:500px;aspect-ratio:unset;\"><span aria-hidden=\"true\" class=\"wp-block-cover__background has-light-gray-background-color has-background-dim-0 has-background-dim\"><\/span><div class=\"wp-block-cover__image-background wp-image-140 has-parallax\" style=\"background-position:50% 50%;background-image:url(https:\/\/hunold.com\/privatkunden\/wp-content\/uploads\/2024\/02\/Lightrail-Tag-scaled.jpg)\"><\/div><div class=\"wp-block-cover__inner-container is-layout-constrained wp-block-cover-is-layout-constrained\">\n<div class=\"wp-block-group alignfull\"><div class=\"wp-block-group__inner-container is-layout-constrained wp-block-group-is-layout-constrained\">\n<div class=\"wp-block-group alignfull has-hunold-petrol-background-color has-background\"><div class=\"wp-block-group__inner-container is-layout-constrained wp-block-group-is-layout-constrained\">\n<p class=\"has-text-align-center is-style-default has-white-color has-text-color has-link-color has-huge-font-size wp-elements-a36f0113529d7b7133db1e88823c83fb\"><strong>BAFA-F\u00f6rderungen f\u00fcr Haust\u00fcren &#8211; 2025<\/strong><\/p>\n\n\n\n<p class=\"has-text-align-center has-white-color has-text-color has-link-color has-huge-font-size wp-elements-47bea2c2e2ee930d4f48b1a6e8bf24cb\">Sparen Sie durch eine BAFA-F\u00f6rderung bis zu 15 % der Kosten.<\/p>\n\n\n\n<p class=\"has-text-align-center has-white-color has-text-color has-link-color has-huge-font-size wp-elements-4d6cb7b1ad6e91ba18e42ef30dd10092\"><strong>WICHTIG: <\/strong><br><a href=\"https:\/\/hunold.com\/privatkunden\/2025\/03\/31\/bafa-foerderungen-fuer-haustueren-2025\/\" target=\"_blank\" rel=\"noreferrer noopener\">Starten Sie jetzt Ihr Haust\u00fcr Projekt mit uns!<\/a><\/p>\n<\/div><\/div>\n<\/div><\/div>\n<\/div><\/div>\n\n\n\n<div style=\"height:60px\" aria-hidden=\"true\" class=\"wp-block-spacer\"><\/div>\n\n\n\n<h2 class=\"wp-block-heading\"><strong>\u00dcberzeugen Sie sich selbst! Gerne beraten wir Sie auch pers\u00f6nlich!<\/strong><\/h2>\n\n\n\n<p>Neue Verordnungen, ge\u00e4nderte Rahmenbedingungen, unterschiedlichste F\u00f6rderprogramme von Bund, L\u00e4ndern und Gemeinden \u2026 wer soll sich da noch zurechtfinden? <br>Mit dem VFF F\u00f6rdermittel-Assistenten k\u00f6nnen Sie schnell und einfach alle F\u00f6rderangebote, die f\u00fcr Ihr individuelles Bauvorhaben infrage kommen sich anschauen. Tagesaktuell und detailliert.<\/p>\n\n\n\n<hr class=\"wp-block-separator has-alpha-channel-opacity\"\/>\n\n\n\n<div style=\"height:30px\" aria-hidden=\"true\" class=\"wp-block-spacer\"><\/div>\n\n\n\n<div class=\"wp-block-group alignfull has-hunold-hellgrau-background-color has-background\"><div class=\"wp-block-group__inner-container is-layout-constrained wp-block-group-is-layout-constrained\">\n<p class=\"has-text-align-center\">Hier verlinken wir Sie auf die Seite des Verbands f\u00fcr Fenster und Fassaden, wo unser Betrieb auch Mitglied ist.<\/p>\n\n\n\n<div class=\"wp-block-columns alignwide box-shadow is-layout-flex wp-container-core-columns-is-layout-9d6595d7 wp-block-columns-is-layout-flex\">\n<div class=\"wp-block-column box-shadow has-primary-background-color has-background is-layout-flow wp-block-column-is-layout-flow\">\n<h2 class=\"wp-block-heading alignwide has-text-align-center has-white-color has-text-color has-link-color wp-elements-f8602c4ce9617cde2693a4da9393f7a7\">Tipps rund um die F\u00f6rderung &#8211;<\/h2>\n\n\n\n<p class=\"has-text-align-center has-white-color has-text-color has-link-color has-huge-font-size wp-elements-9fbf0f76b98d3df15e40f5daf90f0652\"><strong><a href=\"https:\/\/fenster-koennen-mehr.de\/uebersicht-erklaervideos\/\" target=\"_blank\" rel=\"noreferrer noopener\">Fenster sanieren lohnt sich jetzt besonders<\/a><\/strong><\/p>\n\n\n\n<p class=\"has-text-align-center\">(LINK \u00f6ffnet in einem neuen Fenster)<\/p>\n<\/div>\n\n\n\n<div class=\"wp-block-column box-shadow has-primary-background-color has-background is-layout-flow wp-block-column-is-layout-flow\">\n<h2 class=\"wp-block-heading alignwide has-text-align-center has-white-color has-text-color has-link-color wp-elements-2400d0c3aa069489bab5d85b24701093\">VFF F\u00f6rdermittel Assistent &#8211;<\/h2>\n\n\n\n<p class=\"has-text-align-center has-white-color has-text-color has-link-color has-huge-font-size wp-elements-b696ff6130b826484f741372f5939ec3\"><a href=\"https:\/\/fenster-koennen-mehr.de\/foerdermittel-assistent\/\" target=\"_blank\" rel=\"noreferrer noopener\"><strong>Jetzt in wenigen Schritten zur individuellen F\u00f6rder\u00adauskunft<\/strong><\/a><\/p>\n\n\n\n<p class=\"has-text-align-center\">(LINK \u00f6ffnet in einem neuen Fenster)<\/p>\n<\/div>\n<\/div>\n\n\n\n<div class=\"wp-block-columns is-layout-flex wp-container-core-columns-is-layout-9d6595d7 wp-block-columns-is-layout-flex\">\n<div class=\"wp-block-column is-layout-flow wp-block-column-is-layout-flow\"><\/div>\n\n\n\n<div class=\"wp-block-column is-layout-flow wp-block-column-is-layout-flow\"><div class=\"wp-block-image is-style-default\">\n<figure class=\"aligncenter size-large\"><img decoding=\"async\" src=\"https:\/\/hunold.com\/gutenberg\/wp-content\/uploads\/2023\/03\/logo-vff_RGB-1024x503.png\" alt=\"\" class=\"wp-image-2469\"\/><\/figure>\n<\/div><\/div>\n\n\n\n<div class=\"wp-block-column is-layout-flow wp-block-column-is-layout-flow\"><\/div>\n<\/div>\n<\/div><\/div>\n\n\n\n<hr class=\"wp-block-separator has-alpha-channel-opacity\"\/>\n\n\n\n<div style=\"height:30px\" aria-hidden=\"true\" class=\"wp-block-spacer\"><\/div>\n\n\n\n<h2 class=\"wp-block-heading has-text-align-center has-hunold-rot-color has-text-color\" style=\"font-size:36px;font-style:normal;font-weight:500\">Gerne beraten wir Sie pers\u00f6nlich.<\/h2>\n\n\n\n<p class=\"has-text-align-center\">Sprechen Sie uns an und vereinbaren Sie einen unverbindlichen Beratungstermin. <br><\/p>\n\n\n\n<div style=\"height:30px\" aria-hidden=\"true\" class=\"wp-block-spacer\"><\/div>\n\n\n\n<p class=\"has-text-align-center has-hunold-rot-color has-text-color has-link-color wp-elements-d01d9d5058604062c358667bdbd4009a\"><strong>Ihr Ansprechpartner bei Hunold &#8211; Herr Andre Schnorbus<\/strong><\/p>\n\n\n\n<div style=\"height:30px\" aria-hidden=\"true\" class=\"wp-block-spacer\"><\/div>\n\n\n\n<div class=\"wp-block-buttons is-content-justification-center is-layout-flex wp-container-core-buttons-is-layout-16018d1d wp-block-buttons-is-layout-flex\">\n<div class=\"wp-block-button is-style-outline is-style-outline--1\"><a class=\"wp-block-button__link has-hunold-rot-color has-text-color wp-element-button\" href=\"tel:+49276192520\" style=\"border-radius:2px\" target=\"_blank\" rel=\"noreferrer noopener\">\u260e\ufe0f 02761 9252-15<\/a><\/div>\n<\/div>\n\n\n\n<div style=\"height:60px\" aria-hidden=\"true\" class=\"wp-block-spacer\"><\/div>\n\n\n\n<h2 class=\"wp-block-heading has-text-align-center\">NEWS<\/h2>\n\n\n\n<div style=\"height:30px\" aria-hidden=\"true\" class=\"wp-block-spacer\"><\/div>\n\n\n<ul class=\"wp-block-latest-posts__list is-grid columns-4 has-dates alignfull box-shadow wp-block-latest-posts\"><li><div class=\"wp-block-latest-posts__featured-image\"><a href=\"https:\/\/hunold.com\/privatkunden\/die-neue-markise-terrea-k55\/\" aria-label=\"Die neue Markise Terrea K55\"><img loading=\"lazy\" decoding=\"async\" width=\"300\" height=\"169\" src=\"https:\/\/hunold.com\/privatkunden\/wp-content\/uploads\/2026\/02\/titelbild-k55-red10021493v3-300x169.jpg\" class=\"attachment-medium size-medium wp-post-image\" alt=\"\" style=\"\" srcset=\"https:\/\/hunold.com\/privatkunden\/wp-content\/uploads\/2026\/02\/titelbild-k55-red10021493v3-300x169.jpg 300w, https:\/\/hunold.com\/privatkunden\/wp-content\/uploads\/2026\/02\/titelbild-k55-red10021493v3-1024x576.jpg 1024w, https:\/\/hunold.com\/privatkunden\/wp-content\/uploads\/2026\/02\/titelbild-k55-red10021493v3-768x432.jpg 768w, https:\/\/hunold.com\/privatkunden\/wp-content\/uploads\/2026\/02\/titelbild-k55-red10021493v3-1536x864.jpg 1536w, https:\/\/hunold.com\/privatkunden\/wp-content\/uploads\/2026\/02\/titelbild-k55-red10021493v3-1568x882.jpg 1568w, https:\/\/hunold.com\/privatkunden\/wp-content\/uploads\/2026\/02\/titelbild-k55-red10021493v3.jpg 1920w\" sizes=\"auto, (max-width: 34.9rem) calc(100vw - 2rem), (max-width: 53rem) calc(8 * (100vw \/ 12)), (min-width: 53rem) calc(6 * (100vw \/ 12)), 100vw\" \/><\/a><\/div><a class=\"wp-block-latest-posts__post-title\" href=\"https:\/\/hunold.com\/privatkunden\/die-neue-markise-terrea-k55\/\">Die neue Markise Terrea K55<\/a><time datetime=\"2026-02-25T15:31:39+01:00\" class=\"wp-block-latest-posts__post-date\">25. Februar 2026<\/time><div class=\"wp-block-latest-posts__post-excerpt\">Ein Schmuckst\u00fcck f\u00fcr Ihre Terrasse! Die neue Terrea K55 &#8211; die Design-Markise f\u00fcr h\u00f6chste Anspr\u00fcche Ihre Terrasse verdient mehr als\u2026\u00a0<a class=\"wp-block-latest-posts__read-more\" href=\"https:\/\/hunold.com\/privatkunden\/die-neue-markise-terrea-k55\/\" rel=\"noopener noreferrer\"><span class=\"screen-reader-text\">Die neue Markise Terrea K55 <\/span>weiterlesen<\/a><\/div><\/li>\n<li><div class=\"wp-block-latest-posts__featured-image\"><a href=\"https:\/\/hunold.com\/privatkunden\/aktion-sichere-haustueren\/\" aria-label=\"AKTION &#8222;Sichere Haust\u00fcren&#8220;\"><img loading=\"lazy\" decoding=\"async\" width=\"300\" height=\"300\" src=\"https:\/\/hunold.com\/privatkunden\/wp-content\/uploads\/2025\/11\/Cava_Objekt06malt_hoeher_Stimmung_2025_A_WZ-300x300.jpg\" class=\"attachment-medium size-medium wp-post-image\" alt=\"\" style=\"\" srcset=\"https:\/\/hunold.com\/privatkunden\/wp-content\/uploads\/2025\/11\/Cava_Objekt06malt_hoeher_Stimmung_2025_A_WZ-300x300.jpg 300w, https:\/\/hunold.com\/privatkunden\/wp-content\/uploads\/2025\/11\/Cava_Objekt06malt_hoeher_Stimmung_2025_A_WZ-1024x1024.jpg 1024w, https:\/\/hunold.com\/privatkunden\/wp-content\/uploads\/2025\/11\/Cava_Objekt06malt_hoeher_Stimmung_2025_A_WZ-150x150.jpg 150w, https:\/\/hunold.com\/privatkunden\/wp-content\/uploads\/2025\/11\/Cava_Objekt06malt_hoeher_Stimmung_2025_A_WZ-768x768.jpg 768w, https:\/\/hunold.com\/privatkunden\/wp-content\/uploads\/2025\/11\/Cava_Objekt06malt_hoeher_Stimmung_2025_A_WZ.jpg 1080w\" sizes=\"auto, (max-width: 34.9rem) calc(100vw - 2rem), (max-width: 53rem) calc(8 * (100vw \/ 12)), (min-width: 53rem) calc(6 * (100vw \/ 12)), 100vw\" \/><\/a><\/div><a class=\"wp-block-latest-posts__post-title\" href=\"https:\/\/hunold.com\/privatkunden\/aktion-sichere-haustueren\/\">AKTION &#8222;Sichere Haust\u00fcren&#8220;<\/a><time datetime=\"2025-11-30T08:41:16+01:00\" class=\"wp-block-latest-posts__post-date\">30. November 2025<\/time><div class=\"wp-block-latest-posts__post-excerpt\">Aktion &#8222;Sichere Haust\u00fcren&#8220; jetzt verl\u00e4ngert bis zum 31.03.2026! Wir pr\u00e4sentieren Ihnen attraktive Sicherheitspakete f\u00fcr Ihre neue Haust\u00fcr vor. Mehr Sicherheit\u2026\u00a0<a class=\"wp-block-latest-posts__read-more\" href=\"https:\/\/hunold.com\/privatkunden\/aktion-sichere-haustueren\/\" rel=\"noopener noreferrer\"><span class=\"screen-reader-text\">AKTION &#8222;Sichere Haust\u00fcren&#8220; <\/span>weiterlesen<\/a><\/div><\/li>\n<li><div class=\"wp-block-latest-posts__featured-image\"><a href=\"https:\/\/hunold.com\/privatkunden\/10-rabatt-markisen-zum-aktionspreis\/\" aria-label=\"10% Rabatt &#8211; Markisen zum Aktionspreis\"><img loading=\"lazy\" decoding=\"async\" width=\"300\" height=\"169\" src=\"https:\/\/hunold.com\/privatkunden\/wp-content\/uploads\/2025\/11\/warema_wb_hero-winteraktion_20250923_de-de03-300x169.jpg\" class=\"attachment-medium size-medium wp-post-image\" alt=\"\" style=\"\" srcset=\"https:\/\/hunold.com\/privatkunden\/wp-content\/uploads\/2025\/11\/warema_wb_hero-winteraktion_20250923_de-de03-300x169.jpg 300w, https:\/\/hunold.com\/privatkunden\/wp-content\/uploads\/2025\/11\/warema_wb_hero-winteraktion_20250923_de-de03-1024x576.jpg 1024w, https:\/\/hunold.com\/privatkunden\/wp-content\/uploads\/2025\/11\/warema_wb_hero-winteraktion_20250923_de-de03-768x432.jpg 768w, https:\/\/hunold.com\/privatkunden\/wp-content\/uploads\/2025\/11\/warema_wb_hero-winteraktion_20250923_de-de03-1536x864.jpg 1536w, https:\/\/hunold.com\/privatkunden\/wp-content\/uploads\/2025\/11\/warema_wb_hero-winteraktion_20250923_de-de03-2048x1152.jpg 2048w, https:\/\/hunold.com\/privatkunden\/wp-content\/uploads\/2025\/11\/warema_wb_hero-winteraktion_20250923_de-de03-1568x882.jpg 1568w\" sizes=\"auto, (max-width: 34.9rem) calc(100vw - 2rem), (max-width: 53rem) calc(8 * (100vw \/ 12)), (min-width: 53rem) calc(6 * (100vw \/ 12)), 100vw\" \/><\/a><\/div><a class=\"wp-block-latest-posts__post-title\" href=\"https:\/\/hunold.com\/privatkunden\/10-rabatt-markisen-zum-aktionspreis\/\">10% Rabatt &#8211; Markisen zum Aktionspreis<\/a><time datetime=\"2025-11-11T10:03:10+01:00\" class=\"wp-block-latest-posts__post-date\">11. November 2025<\/time><div class=\"wp-block-latest-posts__post-excerpt\">Fr\u00fch buchen, clever sparen \u2013 10\u202f% Rabatt sichern auf drei beliebtesten Markisenmodelle Der n\u00e4chste Fr\u00fchling kommt bestimmt und Sie sehnen\u2026\u00a0<a class=\"wp-block-latest-posts__read-more\" href=\"https:\/\/hunold.com\/privatkunden\/10-rabatt-markisen-zum-aktionspreis\/\" rel=\"noopener noreferrer\"><span class=\"screen-reader-text\">10% Rabatt &#8211; Markisen zum Aktionspreis <\/span>weiterlesen<\/a><\/div><\/li>\n<li><div class=\"wp-block-latest-posts__featured-image\"><a href=\"https:\/\/hunold.com\/privatkunden\/holzdekore\/\" aria-label=\"Holzdekore\"><img loading=\"lazy\" decoding=\"async\" width=\"300\" height=\"199\" src=\"https:\/\/hunold.com\/privatkunden\/wp-content\/uploads\/2025\/05\/2349-52_af_st_g1419_TurnerOak-malt_9.100.10.G_h-300x199.jpg\" class=\"attachment-medium size-medium wp-post-image\" alt=\"Art Decor-Line\" style=\"\" srcset=\"https:\/\/hunold.com\/privatkunden\/wp-content\/uploads\/2025\/05\/2349-52_af_st_g1419_TurnerOak-malt_9.100.10.G_h-300x199.jpg 300w, https:\/\/hunold.com\/privatkunden\/wp-content\/uploads\/2025\/05\/2349-52_af_st_g1419_TurnerOak-malt_9.100.10.G_h-1024x678.jpg 1024w, https:\/\/hunold.com\/privatkunden\/wp-content\/uploads\/2025\/05\/2349-52_af_st_g1419_TurnerOak-malt_9.100.10.G_h-768x508.jpg 768w, https:\/\/hunold.com\/privatkunden\/wp-content\/uploads\/2025\/05\/2349-52_af_st_g1419_TurnerOak-malt_9.100.10.G_h.jpg 1177w\" sizes=\"auto, (max-width: 34.9rem) calc(100vw - 2rem), (max-width: 53rem) calc(8 * (100vw \/ 12)), (min-width: 53rem) calc(6 * (100vw \/ 12)), 100vw\" \/><\/a><\/div><a class=\"wp-block-latest-posts__post-title\" href=\"https:\/\/hunold.com\/privatkunden\/holzdekore\/\">Holzdekore<\/a><time datetime=\"2025-05-05T14:40:53+02:00\" class=\"wp-block-latest-posts__post-date\">5. Mai 2025<\/time><div class=\"wp-block-latest-posts__post-excerpt\">Pflegeleicht, zeitlos und naturgetreu \u2013 Holzdekore liegen absolut im Trend und erfreuen sich zunehmender Beliebtheit. Hunold Aluminium Haust\u00fcren mit Haust\u00fcrf\u00fcllungen\u2026\u00a0<a class=\"wp-block-latest-posts__read-more\" href=\"https:\/\/hunold.com\/privatkunden\/holzdekore\/\" rel=\"noopener noreferrer\"><span class=\"screen-reader-text\">Holzdekore <\/span>weiterlesen<\/a><\/div><\/li>\n<\/ul>","protected":false},"excerpt":{"rendered":"<p>F\u00f6rderung f\u00fcr Fenster und T\u00fcren, egal ob energetische Sanierungen oder Neubau Aktuell \u00dcberzeugen Sie sich selbst! Gerne beraten wir Sie auch pers\u00f6nlich! Neue Verordnungen, ge\u00e4nderte Rahmenbedingungen, unterschiedlichste F\u00f6rderprogramme von Bund, L\u00e4ndern und Gemeinden \u2026 wer soll sich da noch zurechtfinden? Mit dem VFF F\u00f6rdermittel-Assistenten k\u00f6nnen Sie schnell und einfach alle F\u00f6rderangebote, die f\u00fcr Ihr individuelles [&hellip;]<\/p>\n","protected":false},"author":3,"featured_media":0,"parent":0,"menu_order":0,"comment_status":"closed","ping_status":"closed","template":"","meta":{"_themeisle_gutenberg_block_has_review":false,"footnotes":""},"tags":[29,27,11,28,30],"class_list":["post-82","page","type-page","status-publish","hentry","tag-haus","tag-home","tag-olpe","tag-smart","tag-zuhause","entry"],"yoast_head":"<!-- This site is optimized with the Yoast SEO plugin v27.4 - https:\/\/yoast.com\/product\/yoast-seo-wordpress\/ -->\n<title>F\u00f6rderung - Hunold Aluminium<\/title>\n<meta name=\"robots\" content=\"index, follow, max-snippet:-1, max-image-preview:large, max-video-preview:-1\" \/>\n<link rel=\"canonical\" href=\"https:\/\/hunold.com\/privatkunden\/foerderung\/\" \/>\n<meta property=\"og:locale\" content=\"de_DE\" \/>\n<meta property=\"og:type\" content=\"article\" \/>\n<meta property=\"og:title\" content=\"F\u00f6rderung - Hunold Aluminium\" \/>\n<meta property=\"og:description\" content=\"F\u00f6rderung f\u00fcr Fenster und T\u00fcren, egal ob energetische Sanierungen oder Neubau Aktuell \u00dcberzeugen Sie sich selbst! Gerne beraten wir Sie auch pers\u00f6nlich! Neue Verordnungen, ge\u00e4nderte Rahmenbedingungen, unterschiedlichste F\u00f6rderprogramme von Bund, L\u00e4ndern und Gemeinden \u2026 wer soll sich da noch zurechtfinden? Mit dem VFF F\u00f6rdermittel-Assistenten k\u00f6nnen Sie schnell und einfach alle F\u00f6rderangebote, die f\u00fcr Ihr individuelles [&hellip;]\" \/>\n<meta property=\"og:url\" content=\"https:\/\/hunold.com\/privatkunden\/foerderung\/\" \/>\n<meta property=\"og:site_name\" content=\"Hunold Aluminium\" \/>\n<meta property=\"article:modified_time\" content=\"2025-03-31T11:40:32+00:00\" \/>\n<meta property=\"og:image\" content=\"https:\/\/hunold.com\/gutenberg\/wp-content\/uploads\/2023\/03\/logo-vff_RGB-1024x503.png\" \/>\n<meta name=\"twitter:card\" content=\"summary_large_image\" \/>\n<meta name=\"twitter:label1\" content=\"Gesch\u00e4tzte Lesezeit\" \/>\n\t<meta name=\"twitter:data1\" content=\"2\u00a0Minuten\" \/>\n<script type=\"application\/ld+json\" class=\"yoast-schema-graph\">{\"@context\":\"https:\\\/\\\/schema.org\",\"@graph\":[{\"@type\":\"WebPage\",\"@id\":\"https:\\\/\\\/hunold.com\\\/privatkunden\\\/foerderung\\\/\",\"url\":\"https:\\\/\\\/hunold.com\\\/privatkunden\\\/foerderung\\\/\",\"name\":\"F\u00f6rderung - Hunold Aluminium\",\"isPartOf\":{\"@id\":\"https:\\\/\\\/hunold.com\\\/privatkunden\\\/#website\"},\"primaryImageOfPage\":{\"@id\":\"https:\\\/\\\/hunold.com\\\/privatkunden\\\/foerderung\\\/#primaryimage\"},\"image\":{\"@id\":\"https:\\\/\\\/hunold.com\\\/privatkunden\\\/foerderung\\\/#primaryimage\"},\"thumbnailUrl\":\"https:\\\/\\\/hunold.com\\\/gutenberg\\\/wp-content\\\/uploads\\\/2023\\\/03\\\/logo-vff_RGB-1024x503.png\",\"datePublished\":\"2023-11-08T09:40:48+00:00\",\"dateModified\":\"2025-03-31T11:40:32+00:00\",\"breadcrumb\":{\"@id\":\"https:\\\/\\\/hunold.com\\\/privatkunden\\\/foerderung\\\/#breadcrumb\"},\"inLanguage\":\"de\",\"potentialAction\":[{\"@type\":\"ReadAction\",\"target\":[\"https:\\\/\\\/hunold.com\\\/privatkunden\\\/foerderung\\\/\"]}]},{\"@type\":\"ImageObject\",\"inLanguage\":\"de\",\"@id\":\"https:\\\/\\\/hunold.com\\\/privatkunden\\\/foerderung\\\/#primaryimage\",\"url\":\"https:\\\/\\\/hunold.com\\\/gutenberg\\\/wp-content\\\/uploads\\\/2023\\\/03\\\/logo-vff_RGB-1024x503.png\",\"contentUrl\":\"https:\\\/\\\/hunold.com\\\/gutenberg\\\/wp-content\\\/uploads\\\/2023\\\/03\\\/logo-vff_RGB-1024x503.png\"},{\"@type\":\"BreadcrumbList\",\"@id\":\"https:\\\/\\\/hunold.com\\\/privatkunden\\\/foerderung\\\/#breadcrumb\",\"itemListElement\":[{\"@type\":\"ListItem\",\"position\":1,\"name\":\"Startseite\",\"item\":\"https:\\\/\\\/hunold.com\\\/privatkunden\\\/\"},{\"@type\":\"ListItem\",\"position\":2,\"name\":\"F\u00f6rderung\"}]},{\"@type\":\"WebSite\",\"@id\":\"https:\\\/\\\/hunold.com\\\/privatkunden\\\/#website\",\"url\":\"https:\\\/\\\/hunold.com\\\/privatkunden\\\/\",\"name\":\"Hunold Aluminium\",\"description\":\"Privatkunden\",\"publisher\":{\"@id\":\"https:\\\/\\\/hunold.com\\\/privatkunden\\\/#organization\"},\"potentialAction\":[{\"@type\":\"SearchAction\",\"target\":{\"@type\":\"EntryPoint\",\"urlTemplate\":\"https:\\\/\\\/hunold.com\\\/privatkunden\\\/?s={search_term_string}\"},\"query-input\":{\"@type\":\"PropertyValueSpecification\",\"valueRequired\":true,\"valueName\":\"search_term_string\"}}],\"inLanguage\":\"de\"},{\"@type\":\"Organization\",\"@id\":\"https:\\\/\\\/hunold.com\\\/privatkunden\\\/#organization\",\"name\":\"Hunold Aluminium\",\"url\":\"https:\\\/\\\/hunold.com\\\/privatkunden\\\/\",\"logo\":{\"@type\":\"ImageObject\",\"inLanguage\":\"de\",\"@id\":\"https:\\\/\\\/hunold.com\\\/privatkunden\\\/#\\\/schema\\\/logo\\\/image\\\/\",\"url\":\"https:\\\/\\\/hunold.com\\\/privatkunden\\\/wp-content\\\/uploads\\\/2022\\\/07\\\/Logo-Hunold-Aluminium.svg\",\"contentUrl\":\"https:\\\/\\\/hunold.com\\\/privatkunden\\\/wp-content\\\/uploads\\\/2022\\\/07\\\/Logo-Hunold-Aluminium.svg\",\"caption\":\"Hunold Aluminium\"},\"image\":{\"@id\":\"https:\\\/\\\/hunold.com\\\/privatkunden\\\/#\\\/schema\\\/logo\\\/image\\\/\"}}]}<\/script>\n<!-- \/ Yoast SEO plugin. -->","yoast_head_json":{"title":"F\u00f6rderung - Hunold Aluminium","robots":{"index":"index","follow":"follow","max-snippet":"max-snippet:-1","max-image-preview":"max-image-preview:large","max-video-preview":"max-video-preview:-1"},"canonical":"https:\/\/hunold.com\/privatkunden\/foerderung\/","og_locale":"de_DE","og_type":"article","og_title":"F\u00f6rderung - Hunold Aluminium","og_description":"F\u00f6rderung f\u00fcr Fenster und T\u00fcren, egal ob energetische Sanierungen oder Neubau Aktuell \u00dcberzeugen Sie sich selbst! Gerne beraten wir Sie auch pers\u00f6nlich! Neue Verordnungen, ge\u00e4nderte Rahmenbedingungen, unterschiedlichste F\u00f6rderprogramme von Bund, L\u00e4ndern und Gemeinden \u2026 wer soll sich da noch zurechtfinden? Mit dem VFF F\u00f6rdermittel-Assistenten k\u00f6nnen Sie schnell und einfach alle F\u00f6rderangebote, die f\u00fcr Ihr individuelles [&hellip;]","og_url":"https:\/\/hunold.com\/privatkunden\/foerderung\/","og_site_name":"Hunold Aluminium","article_modified_time":"2025-03-31T11:40:32+00:00","og_image":[{"url":"https:\/\/hunold.com\/gutenberg\/wp-content\/uploads\/2023\/03\/logo-vff_RGB-1024x503.png","type":"","width":"","height":""}],"twitter_card":"summary_large_image","twitter_misc":{"Gesch\u00e4tzte Lesezeit":"2\u00a0Minuten"},"schema":{"@context":"https:\/\/schema.org","@graph":[{"@type":"WebPage","@id":"https:\/\/hunold.com\/privatkunden\/foerderung\/","url":"https:\/\/hunold.com\/privatkunden\/foerderung\/","name":"F\u00f6rderung - Hunold Aluminium","isPartOf":{"@id":"https:\/\/hunold.com\/privatkunden\/#website"},"primaryImageOfPage":{"@id":"https:\/\/hunold.com\/privatkunden\/foerderung\/#primaryimage"},"image":{"@id":"https:\/\/hunold.com\/privatkunden\/foerderung\/#primaryimage"},"thumbnailUrl":"https:\/\/hunold.com\/gutenberg\/wp-content\/uploads\/2023\/03\/logo-vff_RGB-1024x503.png","datePublished":"2023-11-08T09:40:48+00:00","dateModified":"2025-03-31T11:40:32+00:00","breadcrumb":{"@id":"https:\/\/hunold.com\/privatkunden\/foerderung\/#breadcrumb"},"inLanguage":"de","potentialAction":[{"@type":"ReadAction","target":["https:\/\/hunold.com\/privatkunden\/foerderung\/"]}]},{"@type":"ImageObject","inLanguage":"de","@id":"https:\/\/hunold.com\/privatkunden\/foerderung\/#primaryimage","url":"https:\/\/hunold.com\/gutenberg\/wp-content\/uploads\/2023\/03\/logo-vff_RGB-1024x503.png","contentUrl":"https:\/\/hunold.com\/gutenberg\/wp-content\/uploads\/2023\/03\/logo-vff_RGB-1024x503.png"},{"@type":"BreadcrumbList","@id":"https:\/\/hunold.com\/privatkunden\/foerderung\/#breadcrumb","itemListElement":[{"@type":"ListItem","position":1,"name":"Startseite","item":"https:\/\/hunold.com\/privatkunden\/"},{"@type":"ListItem","position":2,"name":"F\u00f6rderung"}]},{"@type":"WebSite","@id":"https:\/\/hunold.com\/privatkunden\/#website","url":"https:\/\/hunold.com\/privatkunden\/","name":"Hunold Aluminium","description":"Privatkunden","publisher":{"@id":"https:\/\/hunold.com\/privatkunden\/#organization"},"potentialAction":[{"@type":"SearchAction","target":{"@type":"EntryPoint","urlTemplate":"https:\/\/hunold.com\/privatkunden\/?s={search_term_string}"},"query-input":{"@type":"PropertyValueSpecification","valueRequired":true,"valueName":"search_term_string"}}],"inLanguage":"de"},{"@type":"Organization","@id":"https:\/\/hunold.com\/privatkunden\/#organization","name":"Hunold Aluminium","url":"https:\/\/hunold.com\/privatkunden\/","logo":{"@type":"ImageObject","inLanguage":"de","@id":"https:\/\/hunold.com\/privatkunden\/#\/schema\/logo\/image\/","url":"https:\/\/hunold.com\/privatkunden\/wp-content\/uploads\/2022\/07\/Logo-Hunold-Aluminium.svg","contentUrl":"https:\/\/hunold.com\/privatkunden\/wp-content\/uploads\/2022\/07\/Logo-Hunold-Aluminium.svg","caption":"Hunold Aluminium"},"image":{"@id":"https:\/\/hunold.com\/privatkunden\/#\/schema\/logo\/image\/"}}]}},"_links":{"self":[{"href":"https:\/\/hunold.com\/privatkunden\/wp-json\/wp\/v2\/pages\/82","targetHints":{"allow":["GET"]}}],"collection":[{"href":"https:\/\/hunold.com\/privatkunden\/wp-json\/wp\/v2\/pages"}],"about":[{"href":"https:\/\/hunold.com\/privatkunden\/wp-json\/wp\/v2\/types\/page"}],"author":[{"embeddable":true,"href":"https:\/\/hunold.com\/privatkunden\/wp-json\/wp\/v2\/users\/3"}],"replies":[{"embeddable":true,"href":"https:\/\/hunold.com\/privatkunden\/wp-json\/wp\/v2\/comments?post=82"}],"version-history":[{"count":57,"href":"https:\/\/hunold.com\/privatkunden\/wp-json\/wp\/v2\/pages\/82\/revisions"}],"predecessor-version":[{"id":1528,"href":"https:\/\/hunold.com\/privatkunden\/wp-json\/wp\/v2\/pages\/82\/revisions\/1528"}],"wp:attachment":[{"href":"https:\/\/hunold.com\/privatkunden\/wp-json\/wp\/v2\/media?parent=82"}],"wp:term":[{"taxonomy":"post_tag","embeddable":true,"href":"https:\/\/hunold.com\/privatkunden\/wp-json\/wp\/v2\/tags?post=82"}],"curies":[{"name":"wp","href":"https:\/\/api.w.org\/{rel}","templated":true}]}}