{"id":152,"date":"2024-04-11T12:26:09","date_gmt":"2024-04-11T10:26:09","guid":{"rendered":"https:\/\/hunold.com\/service\/?page_id=152"},"modified":"2024-04-11T12:26:10","modified_gmt":"2024-04-11T10:26:10","slug":"impressum","status":"publish","type":"page","link":"https:\/\/hunold.com\/service\/impressum\/","title":{"rendered":"Impressum"},"content":{"rendered":"\n<p>Hunold Service GmbH<br>Raiffeisenstra\u00dfe 6<br>57462 Olpe<br>Tel.: +49 (0)2761\/92 52 0<br>Fax: +49 (0)2761\/92 52 33<br>Email: info@hunold.com<br>Internet: www.hunold.com<\/p>\n\n\n\n<p>Gesch\u00e4ftsf\u00fchrung: Martin Hunold, Simon Hunold, Roland Hunold<\/p>\n\n\n\n<p><br>Amtsgericht Siegen<br>HRB Nr. 9094<\/p>\n\n\n\n<h3 class=\"wp-block-heading\">Verantwortlich f\u00fcr den Inhalt dieser Seite<\/h3>\n\n\n\n<p>Martin Hunold<\/p>\n\n\n\n<p>Copyright, Haftung Alle Informationen und Inhalte dienen ausschlie\u00dflich der pers\u00f6nlichen Information der Website-Besucher. Alle Angaben und Darstellungen wurden mit gr\u00f6\u00dfter Sorgfalt zusammengestellt. Das Layout der Seiten (Grafiken, Bilder, Texte) ist urheberrechtlich gesch\u00fctzt. Die Seiten d\u00fcrfen nur zum privaten Gebrauch vervielf\u00e4ltigt (gespeichert, ausgedruckt) werden. Es d\u00fcrfen keine \u00c4nderungen vorgenommen und Kopien weder verbreitet noch zur \u00f6ffentlichen Wiedergabe benutzt werden. S\u00e4mtliche Informationen auf diesen Webseiten erfolgen ohne Gew\u00e4hr f\u00fcr die Richtigkeit. Hunold Service GmbH \u00fcbernimmt keine Verantwortung f\u00fcr Sch\u00e4den, die sich aus der Verwendung der abgerufenen Informationen ergeben. Irrtum und \u00c4nderungen bleiben vorbehalten.<\/p>\n\n\n\n<h3 class=\"wp-block-heading\">Hinweise zu allen Links unserer Website<\/h3>\n\n\n\n<p>Mit Urteil vom 12. Mai 1998 hat das Landgericht Hamburg entschieden, dass man durch die Ausbringung eines Links die Inhalte der gelinkten Seite ggf. mitzuverantworten hat. Dies kann \u2013 so das Landgericht \u2013 nur dadurch verhindert werden, dass man sich ausdr\u00fccklich von diesen Inhalten distanziert. Wir haben auf verschiedenen Seiten dieser Homepage Links zu anderen Seiten im Internet gelegt. F\u00fcr all diese Links gilt: Wir m\u00f6chten ausdr\u00fccklich betonen, dass wir keinerlei Einfluss auf die Gestaltung und die Inhalte der gelinkten Seite haben und machen uns Ihre Inhalte nicht zueigen. Diese Erkl\u00e4rung gilt f\u00fcr alle auf unserer Homepage existierenden Links.<\/p>\n\n\n\n<h3 class=\"wp-block-heading\">Rechtshinweise<\/h3>\n\n\n\n<p>Soweit nicht anders angegeben, sind alle Markenzeichen auf Hunold Service GmbH Websites markenrechtlich gesch\u00fctzt. Dies gilt insbesondere f\u00fcr Hunold Service Marken, Typenschilder, Firmenlogos und Embleme. Die auf unseren Seiten verwendeten Marken und Gestaltungselemente sind geistiges Eigentum von Hunold Service GmbH und deren Inhabern.<\/p>\n\n\n\n<p>Diese Website wurde mit gr\u00f6\u00dftm\u00f6glicher Sorgfalt zusammengestellt. Trotzdem kann Hunold Service GmbH f\u00fcr die Fehlerfreiheit und Genauigkeit der enthaltenen Informationen nicht garantieren. Hunold Service GmbH schlie\u00dft jegliche Haftung f\u00fcr Sch\u00e4den, die direkt oder indirekt aus der Benutzung dieser Website entstehen, aus, soweit diese nicht auf Vorsatz oder grober Fahrl\u00e4ssigkeit von Hunold Service GmbH beruhen.<\/p>\n\n\n\n<p>Das in der Website von Firma Hunold Service enthaltene geistige Eigentum wie Patente, Marken und Urheberrechte ist gesch\u00fctzt. Durch diese Website wird keine Lizenz zur Nutzung des geistigen Eigentums von Hunold Service oder Dritten erteilt.<\/p>\n\n\n\n<p>Hunold Service freut sich \u00fcber Ihren Besuch auf dieser Website und Ihr Interesse an den Produkten. S\u00e4mtliche auf der Website von Hunold Service GmbH erhobenen pers\u00f6nlichen Daten werden ausschlie\u00dflich zu Ihrer individuellen Betreuung, der \u00dcbersendung von Produktinformationen oder der Unterbreitung von Serviceangeboten gespeichert und verarbeitet. Hunold Service sichert zu, dass Ihre Angaben entsprechend den geltenden datenschutzrechtlichen Bestimmungen vertraulich behandelt werden.<\/p>\n\n\n\n<h3 class=\"wp-block-heading\">Layout und Realisation<\/h3>\n\n\n\n<p>hunold<\/p>\n\n\n\n<h3 class=\"wp-block-heading\">Imagebilder<\/h3>\n\n\n\n<p>www.photocase.de und www.fotolia.de, Eigentum der Fa. Hunold Service und Hunold Aluminium, Eigentum der Fa. Sch\u00fcco International KG, Fa. Adeco, Fa. Obuk, Fa. Rodenberg, Fa. WAREMA.<\/p>\n","protected":false},"excerpt":{"rendered":"<p>Hunold Service GmbHRaiffeisenstra\u00dfe 657462 OlpeTel.: +49 (0)2761\/92 52 0Fax: +49 (0)2761\/92 52 33Email: info@hunold.comInternet: www.hunold.com Gesch\u00e4ftsf\u00fchrung: Martin Hunold, Simon Hunold, Roland Hunold Amtsgericht SiegenHRB Nr. 9094 Verantwortlich f\u00fcr den Inhalt dieser Seite Martin Hunold Copyright, Haftung Alle Informationen und Inhalte dienen ausschlie\u00dflich der pers\u00f6nlichen Information der Website-Besucher. Alle Angaben und Darstellungen wurden mit gr\u00f6\u00dfter Sorgfalt [&hellip;]<\/p>\n","protected":false},"author":2,"featured_media":0,"parent":0,"menu_order":0,"comment_status":"closed","ping_status":"closed","template":"","meta":{"_themeisle_gutenberg_block_has_review":false,"footnotes":""},"tags":[],"class_list":["post-152","page","type-page","status-publish","hentry","entry"],"yoast_head":"<!-- This site is optimized with the Yoast SEO plugin v27.4 - https:\/\/yoast.com\/product\/yoast-seo-wordpress\/ -->\n<title>Impressum - Hunold Service<\/title>\n<meta name=\"robots\" content=\"index, follow, max-snippet:-1, max-image-preview:large, max-video-preview:-1\" \/>\n<link rel=\"canonical\" href=\"https:\/\/hunold.com\/service\/impressum\/\" \/>\n<meta property=\"og:locale\" content=\"de_DE\" \/>\n<meta property=\"og:type\" content=\"article\" \/>\n<meta property=\"og:title\" content=\"Impressum - Hunold Service\" \/>\n<meta property=\"og:description\" content=\"Hunold Service GmbHRaiffeisenstra\u00dfe 657462 OlpeTel.: +49 (0)2761\/92 52 0Fax: +49 (0)2761\/92 52 33Email: info@hunold.comInternet: www.hunold.com Gesch\u00e4ftsf\u00fchrung: Martin Hunold, Simon Hunold, Roland Hunold Amtsgericht SiegenHRB Nr. 9094 Verantwortlich f\u00fcr den Inhalt dieser Seite Martin Hunold Copyright, Haftung Alle Informationen und Inhalte dienen ausschlie\u00dflich der pers\u00f6nlichen Information der Website-Besucher. Alle Angaben und Darstellungen wurden mit gr\u00f6\u00dfter Sorgfalt [&hellip;]\" \/>\n<meta property=\"og:url\" content=\"https:\/\/hunold.com\/service\/impressum\/\" \/>\n<meta property=\"og:site_name\" content=\"Hunold Service\" \/>\n<meta property=\"article:modified_time\" content=\"2024-04-11T10:26:10+00:00\" \/>\n<meta name=\"twitter:card\" content=\"summary_large_image\" \/>\n<meta name=\"twitter:label1\" content=\"Gesch\u00e4tzte Lesezeit\" \/>\n\t<meta name=\"twitter:data1\" content=\"3\u00a0Minuten\" \/>\n<script type=\"application\/ld+json\" class=\"yoast-schema-graph\">{\"@context\":\"https:\\\/\\\/schema.org\",\"@graph\":[{\"@type\":\"WebPage\",\"@id\":\"https:\\\/\\\/hunold.com\\\/service\\\/impressum\\\/\",\"url\":\"https:\\\/\\\/hunold.com\\\/service\\\/impressum\\\/\",\"name\":\"Impressum - Hunold Service\",\"isPartOf\":{\"@id\":\"https:\\\/\\\/hunold.com\\\/service\\\/#website\"},\"datePublished\":\"2024-04-11T10:26:09+00:00\",\"dateModified\":\"2024-04-11T10:26:10+00:00\",\"breadcrumb\":{\"@id\":\"https:\\\/\\\/hunold.com\\\/service\\\/impressum\\\/#breadcrumb\"},\"inLanguage\":\"de\",\"potentialAction\":[{\"@type\":\"ReadAction\",\"target\":[\"https:\\\/\\\/hunold.com\\\/service\\\/impressum\\\/\"]}]},{\"@type\":\"BreadcrumbList\",\"@id\":\"https:\\\/\\\/hunold.com\\\/service\\\/impressum\\\/#breadcrumb\",\"itemListElement\":[{\"@type\":\"ListItem\",\"position\":1,\"name\":\"Startseite\",\"item\":\"https:\\\/\\\/hunold.com\\\/service\\\/\"},{\"@type\":\"ListItem\",\"position\":2,\"name\":\"Impressum\"}]},{\"@type\":\"WebSite\",\"@id\":\"https:\\\/\\\/hunold.com\\\/service\\\/#website\",\"url\":\"https:\\\/\\\/hunold.com\\\/service\\\/\",\"name\":\"Hunold Service\",\"description\":\"Wartung, Instandhaltung und Reparatur von Fenstern, T\u00fcren und Toren\",\"publisher\":{\"@id\":\"https:\\\/\\\/hunold.com\\\/service\\\/#organization\"},\"potentialAction\":[{\"@type\":\"SearchAction\",\"target\":{\"@type\":\"EntryPoint\",\"urlTemplate\":\"https:\\\/\\\/hunold.com\\\/service\\\/?s={search_term_string}\"},\"query-input\":{\"@type\":\"PropertyValueSpecification\",\"valueRequired\":true,\"valueName\":\"search_term_string\"}}],\"inLanguage\":\"de\"},{\"@type\":\"Organization\",\"@id\":\"https:\\\/\\\/hunold.com\\\/service\\\/#organization\",\"name\":\"Hunold Service\",\"url\":\"https:\\\/\\\/hunold.com\\\/service\\\/\",\"logo\":{\"@type\":\"ImageObject\",\"inLanguage\":\"de\",\"@id\":\"https:\\\/\\\/hunold.com\\\/service\\\/#\\\/schema\\\/logo\\\/image\\\/\",\"url\":\"https:\\\/\\\/hunold.com\\\/service\\\/wp-content\\\/uploads\\\/2023\\\/03\\\/cropped-Logo_H_Service2_23.png\",\"contentUrl\":\"https:\\\/\\\/hunold.com\\\/service\\\/wp-content\\\/uploads\\\/2023\\\/03\\\/cropped-Logo_H_Service2_23.png\",\"width\":1655,\"height\":350,\"caption\":\"Hunold Service\"},\"image\":{\"@id\":\"https:\\\/\\\/hunold.com\\\/service\\\/#\\\/schema\\\/logo\\\/image\\\/\"}}]}<\/script>\n<!-- \/ Yoast SEO plugin. -->","yoast_head_json":{"title":"Impressum - Hunold Service","robots":{"index":"index","follow":"follow","max-snippet":"max-snippet:-1","max-image-preview":"max-image-preview:large","max-video-preview":"max-video-preview:-1"},"canonical":"https:\/\/hunold.com\/service\/impressum\/","og_locale":"de_DE","og_type":"article","og_title":"Impressum - Hunold Service","og_description":"Hunold Service GmbHRaiffeisenstra\u00dfe 657462 OlpeTel.: +49 (0)2761\/92 52 0Fax: +49 (0)2761\/92 52 33Email: info@hunold.comInternet: www.hunold.com Gesch\u00e4ftsf\u00fchrung: Martin Hunold, Simon Hunold, Roland Hunold Amtsgericht SiegenHRB Nr. 9094 Verantwortlich f\u00fcr den Inhalt dieser Seite Martin Hunold Copyright, Haftung Alle Informationen und Inhalte dienen ausschlie\u00dflich der pers\u00f6nlichen Information der Website-Besucher. Alle Angaben und Darstellungen wurden mit gr\u00f6\u00dfter Sorgfalt [&hellip;]","og_url":"https:\/\/hunold.com\/service\/impressum\/","og_site_name":"Hunold Service","article_modified_time":"2024-04-11T10:26:10+00:00","twitter_card":"summary_large_image","twitter_misc":{"Gesch\u00e4tzte Lesezeit":"3\u00a0Minuten"},"schema":{"@context":"https:\/\/schema.org","@graph":[{"@type":"WebPage","@id":"https:\/\/hunold.com\/service\/impressum\/","url":"https:\/\/hunold.com\/service\/impressum\/","name":"Impressum - Hunold Service","isPartOf":{"@id":"https:\/\/hunold.com\/service\/#website"},"datePublished":"2024-04-11T10:26:09+00:00","dateModified":"2024-04-11T10:26:10+00:00","breadcrumb":{"@id":"https:\/\/hunold.com\/service\/impressum\/#breadcrumb"},"inLanguage":"de","potentialAction":[{"@type":"ReadAction","target":["https:\/\/hunold.com\/service\/impressum\/"]}]},{"@type":"BreadcrumbList","@id":"https:\/\/hunold.com\/service\/impressum\/#breadcrumb","itemListElement":[{"@type":"ListItem","position":1,"name":"Startseite","item":"https:\/\/hunold.com\/service\/"},{"@type":"ListItem","position":2,"name":"Impressum"}]},{"@type":"WebSite","@id":"https:\/\/hunold.com\/service\/#website","url":"https:\/\/hunold.com\/service\/","name":"Hunold Service","description":"Wartung, Instandhaltung und Reparatur von Fenstern, T\u00fcren und Toren","publisher":{"@id":"https:\/\/hunold.com\/service\/#organization"},"potentialAction":[{"@type":"SearchAction","target":{"@type":"EntryPoint","urlTemplate":"https:\/\/hunold.com\/service\/?s={search_term_string}"},"query-input":{"@type":"PropertyValueSpecification","valueRequired":true,"valueName":"search_term_string"}}],"inLanguage":"de"},{"@type":"Organization","@id":"https:\/\/hunold.com\/service\/#organization","name":"Hunold Service","url":"https:\/\/hunold.com\/service\/","logo":{"@type":"ImageObject","inLanguage":"de","@id":"https:\/\/hunold.com\/service\/#\/schema\/logo\/image\/","url":"https:\/\/hunold.com\/service\/wp-content\/uploads\/2023\/03\/cropped-Logo_H_Service2_23.png","contentUrl":"https:\/\/hunold.com\/service\/wp-content\/uploads\/2023\/03\/cropped-Logo_H_Service2_23.png","width":1655,"height":350,"caption":"Hunold Service"},"image":{"@id":"https:\/\/hunold.com\/service\/#\/schema\/logo\/image\/"}}]}},"_links":{"self":[{"href":"https:\/\/hunold.com\/service\/wp-json\/wp\/v2\/pages\/152","targetHints":{"allow":["GET"]}}],"collection":[{"href":"https:\/\/hunold.com\/service\/wp-json\/wp\/v2\/pages"}],"about":[{"href":"https:\/\/hunold.com\/service\/wp-json\/wp\/v2\/types\/page"}],"author":[{"embeddable":true,"href":"https:\/\/hunold.com\/service\/wp-json\/wp\/v2\/users\/2"}],"replies":[{"embeddable":true,"href":"https:\/\/hunold.com\/service\/wp-json\/wp\/v2\/comments?post=152"}],"version-history":[{"count":3,"href":"https:\/\/hunold.com\/service\/wp-json\/wp\/v2\/pages\/152\/revisions"}],"predecessor-version":[{"id":595,"href":"https:\/\/hunold.com\/service\/wp-json\/wp\/v2\/pages\/152\/revisions\/595"}],"wp:attachment":[{"href":"https:\/\/hunold.com\/service\/wp-json\/wp\/v2\/media?parent=152"}],"wp:term":[{"taxonomy":"post_tag","embeddable":true,"href":"https:\/\/hunold.com\/service\/wp-json\/wp\/v2\/tags?post=152"}],"curies":[{"name":"wp","href":"https:\/\/api.w.org\/{rel}","templated":true}]}}