{"id":82,"date":"2023-03-28T12:00:36","date_gmt":"2023-03-28T10:00:36","guid":{"rendered":"https:\/\/hunold.com\/service\/?page_id=82"},"modified":"2024-04-11T10:41:13","modified_gmt":"2024-04-11T08:41:13","slug":"wartung-und-reparatur-von-tueren-fenstern-und-toren","status":"publish","type":"page","link":"https:\/\/hunold.com\/service\/wartung-und-reparatur-von-tueren-fenstern-und-toren\/","title":{"rendered":"Wartung und Reparatur von kraftbet\u00e4tigten Fenstern,T\u00fcren und Toren"},"content":{"rendered":"\n<div style=\"height:60px\" aria-hidden=\"true\" class=\"wp-block-spacer\"><\/div>\n\n\n\n<div class=\"wp-block-media-text alignfull has-media-on-the-right is-stacked-on-mobile has-hunold-hellgrau-background-color has-background\"><div class=\"wp-block-media-text__content\">\n<p class=\"has-huge-font-size\" style=\"font-style:normal;font-weight:500\">Kraftbet\u00e4tigte Fenster, T\u00fcren und Tore<\/p>\n\n\n\n<p>Kraftbet\u00e4tigt sind Fenster, T\u00fcren und Tore, wenn die f\u00fcr die Bewegung der Fl\u00fcgel erforderliche Energie teilweise oder vollst\u00e4ndig von Kraftmaschinen\/Motoren zugef\u00fchrt wird.<\/p>\n\n\n\n<p>Kraftbet\u00e4tigte Fenster, T\u00fcren und Tore m\u00fcssen von einem Fachmann gepr\u00fcft werden, bevor sie in Betrieb genommen werden. Danach m\u00fcssen sie mindestens einmal im Jahr auf ihre volle Funktionsf\u00e4higkeit gepr\u00fcft werden. Mit einem Wartungsvertrag erhalten Sie den Wert und die Funktionsf\u00e4higkeit von T\u00fcren und Fenstern. <\/p>\n<\/div><figure class=\"wp-block-media-text__media\"><img loading=\"lazy\" decoding=\"async\" width=\"948\" height=\"600\" src=\"https:\/\/hunold.com\/service\/wp-content\/uploads\/2023\/03\/RuB-01.jpg\" alt=\"\" class=\"wp-image-53 size-full\" srcset=\"https:\/\/hunold.com\/service\/wp-content\/uploads\/2023\/03\/RuB-01.jpg 948w, https:\/\/hunold.com\/service\/wp-content\/uploads\/2023\/03\/RuB-01-300x190.jpg 300w, https:\/\/hunold.com\/service\/wp-content\/uploads\/2023\/03\/RuB-01-768x486.jpg 768w\" sizes=\"auto, (max-width: 948px) 100vw, 948px\" \/><\/figure><\/div>\n\n\n\n<div style=\"height:60px\" aria-hidden=\"true\" class=\"wp-block-spacer\"><\/div>\n\n\n\n<hr class=\"wp-block-separator has-alpha-channel-opacity\"\/>\n\n\n\n<div style=\"height:30px\" aria-hidden=\"true\" class=\"wp-block-spacer\"><\/div>\n\n\n\n<h2 class=\"wp-block-heading has-text-align-center\">Unser Hunold Service Team erf\u00fcllt auf Grund der langj\u00e4hrigen Erfahrungen in diesem Sachgebiet sowie der regelm\u00e4\u00dfigen Schulungen die Voraussetzungen f\u00fcr die Pr\u00fcfung und Instandhaltung.<\/h2>\n\n\n\n<div style=\"height:30px\" aria-hidden=\"true\" class=\"wp-block-spacer\"><\/div>\n\n\n\n<hr class=\"wp-block-separator has-alpha-channel-opacity\"\/>\n\n\n\n<div style=\"height:60px\" aria-hidden=\"true\" class=\"wp-block-spacer\"><\/div>\n\n\n\n<div class=\"wp-block-media-text alignwide has-media-on-the-right is-stacked-on-mobile has-white-color has-light-gray-background-color has-text-color has-background has-link-color wp-elements-fac83524f99548bcee244ca03c84dfb4\"><div class=\"wp-block-media-text__content\">\n<p class=\"has-huge-font-size\" style=\"font-style:normal;font-weight:500\">Unsere Wartungsleistungen:<\/p>\n\n\n\n<ul class=\"has-normal-font-size wp-block-list\">\n<li>Pr\u00fcfung der Anlage auf ihren betriebssicheren Zustand durch einen erfahrenen Servicetechniker unseres Teams<\/li>\n\n\n\n<li>Feststellung und Beurteilung des ist Zustandes<\/li>\n\n\n\n<li>Einstellung und Justierung<\/li>\n\n\n\n<li>Protokollierung und Kennzeichnung<\/li>\n\n\n\n<li>Schriftliche Best\u00e4tigung nach erfolgter Abnahme <\/li>\n<\/ul>\n<\/div><figure class=\"wp-block-media-text__media\"><img loading=\"lazy\" decoding=\"async\" width=\"948\" height=\"600\" src=\"https:\/\/hunold.com\/service\/wp-content\/uploads\/2023\/03\/RuB-10.jpg\" alt=\"\" class=\"wp-image-60 size-full\" srcset=\"https:\/\/hunold.com\/service\/wp-content\/uploads\/2023\/03\/RuB-10.jpg 948w, https:\/\/hunold.com\/service\/wp-content\/uploads\/2023\/03\/RuB-10-300x190.jpg 300w, https:\/\/hunold.com\/service\/wp-content\/uploads\/2023\/03\/RuB-10-768x486.jpg 768w\" sizes=\"auto, (max-width: 948px) 100vw, 948px\" \/><\/figure><\/div>\n\n\n\n<div class=\"wp-block-media-text alignwide is-stacked-on-mobile has-white-color has-dark-gray-background-color has-text-color has-background has-link-color wp-elements-d77730d5ff5ff211512f98a4b18822ba\"><figure class=\"wp-block-media-text__media\"><img loading=\"lazy\" decoding=\"async\" width=\"948\" height=\"600\" src=\"https:\/\/hunold.com\/service\/wp-content\/uploads\/2023\/03\/RuB-08.jpg\" alt=\"\" class=\"wp-image-58 size-full\" srcset=\"https:\/\/hunold.com\/service\/wp-content\/uploads\/2023\/03\/RuB-08.jpg 948w, https:\/\/hunold.com\/service\/wp-content\/uploads\/2023\/03\/RuB-08-300x190.jpg 300w, https:\/\/hunold.com\/service\/wp-content\/uploads\/2023\/03\/RuB-08-768x486.jpg 768w\" sizes=\"auto, (max-width: 948px) 100vw, 948px\" \/><\/figure><div class=\"wp-block-media-text__content\">\n<p class=\"has-huge-font-size\" style=\"font-style:normal;font-weight:500\">Weitere Leistungen:<\/p>\n\n\n\n<ul class=\"has-normal-font-size wp-block-list\">\n<li>Ersatzteilbeschaffung<\/li>\n\n\n\n<li>Hilfe bei St\u00f6rungen oder nach Einbruch<\/li>\n<\/ul>\n\n\n\n<p>Wir arbeiten mit der Erfahrung aus der eigenen Produktion von Rauch- und Brandschutzst\u00fcren und Fenstern aus Aluminium.<br>Bei Sch\u00e4den sind wir schnell f\u00fcr Sie da und kennen ihre Anlage: Wir wissen, welche Ersatzteile gebraucht werden und wie die Funktionst\u00fcchtigkeit und Sicherheit unverz\u00fcglich wieder hergestellt werden kann. Das ist Sicherheit von Anfang an.<\/p>\n<\/div><\/div>\n\n\n\n<div style=\"height:60px\" aria-hidden=\"true\" class=\"wp-block-spacer\"><\/div>\n\n\n\n<hr class=\"wp-block-separator has-alpha-channel-opacity\"\/>\n\n\n\n<div class=\"wp-block-group alignwide\"><div class=\"wp-block-group__inner-container is-layout-constrained wp-block-group-is-layout-constrained\">\n<div style=\"height:30px\" aria-hidden=\"true\" class=\"wp-block-spacer\"><\/div>\n\n\n\n<h2 class=\"wp-block-heading alignwide has-text-align-center has-hunold-rot-color has-text-color has-link-color wp-elements-574e4a7a65e703fcfd6c0e90b4eef0d3\" style=\"font-size:36px\">Gerne beraten wir Sie pers\u00f6nlich.<\/h2>\n\n\n\n<div style=\"height:30px\" aria-hidden=\"true\" class=\"wp-block-spacer\"><\/div>\n\n\n\n<p class=\"has-text-align-center has-large-font-size\" style=\"font-style:normal;font-weight:500\">Sprechen Sie uns an und vereinbaren Sie ein unverbindliches Beratungsgespr\u00e4ch.<\/p>\n\n\n\n<div style=\"height:30px\" aria-hidden=\"true\" class=\"wp-block-spacer\"><\/div>\n\n\n\n<div class=\"wp-block-buttons is-content-justification-center is-layout-flex wp-container-core-buttons-is-layout-16018d1d wp-block-buttons-is-layout-flex\">\n<div class=\"wp-block-button is-style-outline is-style-outline--1\"><a class=\"wp-block-button__link has-hunold-rot-color has-text-color has-link-color has-text-align-center wp-element-button\" href=\"https:\/\/hunold.com\/service\/haben-sie-fragen-wir-freuen-uns-auch-uber-anmerk\/\" style=\"border-radius:2px\" target=\"_blank\" rel=\"noreferrer noopener\">Kontaktformular<\/a><\/div>\n\n\n\n<div class=\"wp-block-button is-style-outline is-style-outline--2\"><a class=\"wp-block-button__link has-hunold-rot-color has-text-color has-text-align-center wp-element-button\" href=\"tel:+49276192520\" style=\"border-radius:2px\" target=\"_blank\" rel=\"noreferrer noopener\">02761 9252-0<\/a><\/div>\n<\/div>\n\n\n\n<div style=\"height:60px\" aria-hidden=\"true\" class=\"wp-block-spacer\"><\/div>\n<\/div><\/div>\n","protected":false},"excerpt":{"rendered":"<p>Kraftbet\u00e4tigte Fenster, T\u00fcren und Tore Kraftbet\u00e4tigt sind Fenster, T\u00fcren und Tore, wenn die f\u00fcr die Bewegung der Fl\u00fcgel erforderliche Energie teilweise oder vollst\u00e4ndig von Kraftmaschinen\/Motoren zugef\u00fchrt wird. Kraftbet\u00e4tigte Fenster, T\u00fcren und Tore m\u00fcssen von einem Fachmann gepr\u00fcft werden, bevor sie in Betrieb genommen werden. Danach m\u00fcssen sie mindestens einmal im Jahr auf ihre volle Funktionsf\u00e4higkeit [&hellip;]<\/p>\n","protected":false},"author":2,"featured_media":0,"parent":0,"menu_order":0,"comment_status":"closed","ping_status":"closed","template":"","meta":{"_themeisle_gutenberg_block_has_review":false,"footnotes":""},"tags":[],"class_list":["post-82","page","type-page","status-publish","hentry","entry"],"yoast_head":"<!-- This site is optimized with the Yoast SEO plugin v27.4 - https:\/\/yoast.com\/product\/yoast-seo-wordpress\/ -->\n<title>Wartung und Reparatur von kraftbet\u00e4tigten Fenstern,T\u00fcren und Toren - Hunold Service<\/title>\n<meta name=\"robots\" content=\"index, follow, max-snippet:-1, max-image-preview:large, max-video-preview:-1\" \/>\n<link rel=\"canonical\" href=\"https:\/\/hunold.com\/service\/wartung-und-reparatur-von-tueren-fenstern-und-toren\/\" \/>\n<meta property=\"og:locale\" content=\"de_DE\" \/>\n<meta property=\"og:type\" content=\"article\" \/>\n<meta property=\"og:title\" content=\"Wartung und Reparatur von kraftbet\u00e4tigten Fenstern,T\u00fcren und Toren - Hunold Service\" \/>\n<meta property=\"og:description\" content=\"Kraftbet\u00e4tigte Fenster, T\u00fcren und Tore Kraftbet\u00e4tigt sind Fenster, T\u00fcren und Tore, wenn die f\u00fcr die Bewegung der Fl\u00fcgel erforderliche Energie teilweise oder vollst\u00e4ndig von Kraftmaschinen\/Motoren zugef\u00fchrt wird. Kraftbet\u00e4tigte Fenster, T\u00fcren und Tore m\u00fcssen von einem Fachmann gepr\u00fcft werden, bevor sie in Betrieb genommen werden. Danach m\u00fcssen sie mindestens einmal im Jahr auf ihre volle Funktionsf\u00e4higkeit [&hellip;]\" \/>\n<meta property=\"og:url\" content=\"https:\/\/hunold.com\/service\/wartung-und-reparatur-von-tueren-fenstern-und-toren\/\" \/>\n<meta property=\"og:site_name\" content=\"Hunold Service\" \/>\n<meta property=\"article:modified_time\" content=\"2024-04-11T08:41:13+00:00\" \/>\n<meta property=\"og:image\" content=\"https:\/\/hunold.com\/service\/wp-content\/uploads\/2023\/03\/RuB-01.jpg\" \/>\n<meta name=\"twitter:card\" content=\"summary_large_image\" \/>\n<meta name=\"twitter:label1\" content=\"Gesch\u00e4tzte Lesezeit\" \/>\n\t<meta name=\"twitter:data1\" content=\"2\u00a0Minuten\" \/>\n<script type=\"application\/ld+json\" class=\"yoast-schema-graph\">{\"@context\":\"https:\\\/\\\/schema.org\",\"@graph\":[{\"@type\":\"WebPage\",\"@id\":\"https:\\\/\\\/hunold.com\\\/service\\\/wartung-und-reparatur-von-tueren-fenstern-und-toren\\\/\",\"url\":\"https:\\\/\\\/hunold.com\\\/service\\\/wartung-und-reparatur-von-tueren-fenstern-und-toren\\\/\",\"name\":\"Wartung und Reparatur von kraftbet\u00e4tigten Fenstern,T\u00fcren und Toren - Hunold Service\",\"isPartOf\":{\"@id\":\"https:\\\/\\\/hunold.com\\\/service\\\/#website\"},\"primaryImageOfPage\":{\"@id\":\"https:\\\/\\\/hunold.com\\\/service\\\/wartung-und-reparatur-von-tueren-fenstern-und-toren\\\/#primaryimage\"},\"image\":{\"@id\":\"https:\\\/\\\/hunold.com\\\/service\\\/wartung-und-reparatur-von-tueren-fenstern-und-toren\\\/#primaryimage\"},\"thumbnailUrl\":\"https:\\\/\\\/hunold.com\\\/service\\\/wp-content\\\/uploads\\\/2023\\\/03\\\/RuB-01.jpg\",\"datePublished\":\"2023-03-28T10:00:36+00:00\",\"dateModified\":\"2024-04-11T08:41:13+00:00\",\"breadcrumb\":{\"@id\":\"https:\\\/\\\/hunold.com\\\/service\\\/wartung-und-reparatur-von-tueren-fenstern-und-toren\\\/#breadcrumb\"},\"inLanguage\":\"de\",\"potentialAction\":[{\"@type\":\"ReadAction\",\"target\":[\"https:\\\/\\\/hunold.com\\\/service\\\/wartung-und-reparatur-von-tueren-fenstern-und-toren\\\/\"]}]},{\"@type\":\"ImageObject\",\"inLanguage\":\"de\",\"@id\":\"https:\\\/\\\/hunold.com\\\/service\\\/wartung-und-reparatur-von-tueren-fenstern-und-toren\\\/#primaryimage\",\"url\":\"https:\\\/\\\/hunold.com\\\/service\\\/wp-content\\\/uploads\\\/2023\\\/03\\\/RuB-01.jpg\",\"contentUrl\":\"https:\\\/\\\/hunold.com\\\/service\\\/wp-content\\\/uploads\\\/2023\\\/03\\\/RuB-01.jpg\",\"width\":948,\"height\":600},{\"@type\":\"BreadcrumbList\",\"@id\":\"https:\\\/\\\/hunold.com\\\/service\\\/wartung-und-reparatur-von-tueren-fenstern-und-toren\\\/#breadcrumb\",\"itemListElement\":[{\"@type\":\"ListItem\",\"position\":1,\"name\":\"Startseite\",\"item\":\"https:\\\/\\\/hunold.com\\\/service\\\/\"},{\"@type\":\"ListItem\",\"position\":2,\"name\":\"Wartung und Reparatur von kraftbet\u00e4tigten Fenstern,T\u00fcren und Toren\"}]},{\"@type\":\"WebSite\",\"@id\":\"https:\\\/\\\/hunold.com\\\/service\\\/#website\",\"url\":\"https:\\\/\\\/hunold.com\\\/service\\\/\",\"name\":\"Hunold Service\",\"description\":\"Wartung, Instandhaltung und Reparatur von Fenstern, T\u00fcren und Toren\",\"publisher\":{\"@id\":\"https:\\\/\\\/hunold.com\\\/service\\\/#organization\"},\"potentialAction\":[{\"@type\":\"SearchAction\",\"target\":{\"@type\":\"EntryPoint\",\"urlTemplate\":\"https:\\\/\\\/hunold.com\\\/service\\\/?s={search_term_string}\"},\"query-input\":{\"@type\":\"PropertyValueSpecification\",\"valueRequired\":true,\"valueName\":\"search_term_string\"}}],\"inLanguage\":\"de\"},{\"@type\":\"Organization\",\"@id\":\"https:\\\/\\\/hunold.com\\\/service\\\/#organization\",\"name\":\"Hunold Service\",\"url\":\"https:\\\/\\\/hunold.com\\\/service\\\/\",\"logo\":{\"@type\":\"ImageObject\",\"inLanguage\":\"de\",\"@id\":\"https:\\\/\\\/hunold.com\\\/service\\\/#\\\/schema\\\/logo\\\/image\\\/\",\"url\":\"https:\\\/\\\/hunold.com\\\/service\\\/wp-content\\\/uploads\\\/2023\\\/03\\\/cropped-Logo_H_Service2_23.png\",\"contentUrl\":\"https:\\\/\\\/hunold.com\\\/service\\\/wp-content\\\/uploads\\\/2023\\\/03\\\/cropped-Logo_H_Service2_23.png\",\"width\":1655,\"height\":350,\"caption\":\"Hunold Service\"},\"image\":{\"@id\":\"https:\\\/\\\/hunold.com\\\/service\\\/#\\\/schema\\\/logo\\\/image\\\/\"}}]}<\/script>\n<!-- \/ Yoast SEO plugin. -->","yoast_head_json":{"title":"Wartung und Reparatur von kraftbet\u00e4tigten Fenstern,T\u00fcren und Toren - Hunold Service","robots":{"index":"index","follow":"follow","max-snippet":"max-snippet:-1","max-image-preview":"max-image-preview:large","max-video-preview":"max-video-preview:-1"},"canonical":"https:\/\/hunold.com\/service\/wartung-und-reparatur-von-tueren-fenstern-und-toren\/","og_locale":"de_DE","og_type":"article","og_title":"Wartung und Reparatur von kraftbet\u00e4tigten Fenstern,T\u00fcren und Toren - Hunold Service","og_description":"Kraftbet\u00e4tigte Fenster, T\u00fcren und Tore Kraftbet\u00e4tigt sind Fenster, T\u00fcren und Tore, wenn die f\u00fcr die Bewegung der Fl\u00fcgel erforderliche Energie teilweise oder vollst\u00e4ndig von Kraftmaschinen\/Motoren zugef\u00fchrt wird. Kraftbet\u00e4tigte Fenster, T\u00fcren und Tore m\u00fcssen von einem Fachmann gepr\u00fcft werden, bevor sie in Betrieb genommen werden. Danach m\u00fcssen sie mindestens einmal im Jahr auf ihre volle Funktionsf\u00e4higkeit [&hellip;]","og_url":"https:\/\/hunold.com\/service\/wartung-und-reparatur-von-tueren-fenstern-und-toren\/","og_site_name":"Hunold Service","article_modified_time":"2024-04-11T08:41:13+00:00","og_image":[{"url":"https:\/\/hunold.com\/service\/wp-content\/uploads\/2023\/03\/RuB-01.jpg","type":"","width":"","height":""}],"twitter_card":"summary_large_image","twitter_misc":{"Gesch\u00e4tzte Lesezeit":"2\u00a0Minuten"},"schema":{"@context":"https:\/\/schema.org","@graph":[{"@type":"WebPage","@id":"https:\/\/hunold.com\/service\/wartung-und-reparatur-von-tueren-fenstern-und-toren\/","url":"https:\/\/hunold.com\/service\/wartung-und-reparatur-von-tueren-fenstern-und-toren\/","name":"Wartung und Reparatur von kraftbet\u00e4tigten Fenstern,T\u00fcren und Toren - Hunold Service","isPartOf":{"@id":"https:\/\/hunold.com\/service\/#website"},"primaryImageOfPage":{"@id":"https:\/\/hunold.com\/service\/wartung-und-reparatur-von-tueren-fenstern-und-toren\/#primaryimage"},"image":{"@id":"https:\/\/hunold.com\/service\/wartung-und-reparatur-von-tueren-fenstern-und-toren\/#primaryimage"},"thumbnailUrl":"https:\/\/hunold.com\/service\/wp-content\/uploads\/2023\/03\/RuB-01.jpg","datePublished":"2023-03-28T10:00:36+00:00","dateModified":"2024-04-11T08:41:13+00:00","breadcrumb":{"@id":"https:\/\/hunold.com\/service\/wartung-und-reparatur-von-tueren-fenstern-und-toren\/#breadcrumb"},"inLanguage":"de","potentialAction":[{"@type":"ReadAction","target":["https:\/\/hunold.com\/service\/wartung-und-reparatur-von-tueren-fenstern-und-toren\/"]}]},{"@type":"ImageObject","inLanguage":"de","@id":"https:\/\/hunold.com\/service\/wartung-und-reparatur-von-tueren-fenstern-und-toren\/#primaryimage","url":"https:\/\/hunold.com\/service\/wp-content\/uploads\/2023\/03\/RuB-01.jpg","contentUrl":"https:\/\/hunold.com\/service\/wp-content\/uploads\/2023\/03\/RuB-01.jpg","width":948,"height":600},{"@type":"BreadcrumbList","@id":"https:\/\/hunold.com\/service\/wartung-und-reparatur-von-tueren-fenstern-und-toren\/#breadcrumb","itemListElement":[{"@type":"ListItem","position":1,"name":"Startseite","item":"https:\/\/hunold.com\/service\/"},{"@type":"ListItem","position":2,"name":"Wartung und Reparatur von kraftbet\u00e4tigten Fenstern,T\u00fcren und Toren"}]},{"@type":"WebSite","@id":"https:\/\/hunold.com\/service\/#website","url":"https:\/\/hunold.com\/service\/","name":"Hunold Service","description":"Wartung, Instandhaltung und Reparatur von Fenstern, T\u00fcren und Toren","publisher":{"@id":"https:\/\/hunold.com\/service\/#organization"},"potentialAction":[{"@type":"SearchAction","target":{"@type":"EntryPoint","urlTemplate":"https:\/\/hunold.com\/service\/?s={search_term_string}"},"query-input":{"@type":"PropertyValueSpecification","valueRequired":true,"valueName":"search_term_string"}}],"inLanguage":"de"},{"@type":"Organization","@id":"https:\/\/hunold.com\/service\/#organization","name":"Hunold Service","url":"https:\/\/hunold.com\/service\/","logo":{"@type":"ImageObject","inLanguage":"de","@id":"https:\/\/hunold.com\/service\/#\/schema\/logo\/image\/","url":"https:\/\/hunold.com\/service\/wp-content\/uploads\/2023\/03\/cropped-Logo_H_Service2_23.png","contentUrl":"https:\/\/hunold.com\/service\/wp-content\/uploads\/2023\/03\/cropped-Logo_H_Service2_23.png","width":1655,"height":350,"caption":"Hunold Service"},"image":{"@id":"https:\/\/hunold.com\/service\/#\/schema\/logo\/image\/"}}]}},"_links":{"self":[{"href":"https:\/\/hunold.com\/service\/wp-json\/wp\/v2\/pages\/82","targetHints":{"allow":["GET"]}}],"collection":[{"href":"https:\/\/hunold.com\/service\/wp-json\/wp\/v2\/pages"}],"about":[{"href":"https:\/\/hunold.com\/service\/wp-json\/wp\/v2\/types\/page"}],"author":[{"embeddable":true,"href":"https:\/\/hunold.com\/service\/wp-json\/wp\/v2\/users\/2"}],"replies":[{"embeddable":true,"href":"https:\/\/hunold.com\/service\/wp-json\/wp\/v2\/comments?post=82"}],"version-history":[{"count":19,"href":"https:\/\/hunold.com\/service\/wp-json\/wp\/v2\/pages\/82\/revisions"}],"predecessor-version":[{"id":555,"href":"https:\/\/hunold.com\/service\/wp-json\/wp\/v2\/pages\/82\/revisions\/555"}],"wp:attachment":[{"href":"https:\/\/hunold.com\/service\/wp-json\/wp\/v2\/media?parent=82"}],"wp:term":[{"taxonomy":"post_tag","embeddable":true,"href":"https:\/\/hunold.com\/service\/wp-json\/wp\/v2\/tags?post=82"}],"curies":[{"name":"wp","href":"https:\/\/api.w.org\/{rel}","templated":true}]}}