{"id":87,"date":"2023-03-28T12:10:20","date_gmt":"2023-03-28T10:10:20","guid":{"rendered":"https:\/\/hunold.com\/service\/?page_id=87"},"modified":"2024-04-11T10:44:51","modified_gmt":"2024-04-11T08:44:51","slug":"wartung-von-rauchschutz-und-brandschutz-bauelementen","status":"publish","type":"page","link":"https:\/\/hunold.com\/service\/wartung-von-rauchschutz-und-brandschutz-bauelementen\/","title":{"rendered":"Wartung von Rauch- und Brandschutz-Bauelementen"},"content":{"rendered":"\n<div style=\"height:60px\" aria-hidden=\"true\" class=\"wp-block-spacer\"><\/div>\n\n\n\n<div class=\"wp-block-media-text alignfull is-stacked-on-mobile has-white-color has-dark-gray-background-color has-text-color has-background has-link-color wp-elements-e1f80315062e93622f288499e5e4292b\"><figure class=\"wp-block-media-text__media\"><img loading=\"lazy\" decoding=\"async\" width=\"1024\" height=\"717\" src=\"https:\/\/hunold.com\/service\/wp-content\/uploads\/2024\/01\/FireStop_ADS_90_FR_90_Uni_mit_Feuer-1024x717.jpg\" alt=\"\" class=\"wp-image-207 size-full\" srcset=\"https:\/\/hunold.com\/service\/wp-content\/uploads\/2024\/01\/FireStop_ADS_90_FR_90_Uni_mit_Feuer-1024x717.jpg 1024w, https:\/\/hunold.com\/service\/wp-content\/uploads\/2024\/01\/FireStop_ADS_90_FR_90_Uni_mit_Feuer-300x210.jpg 300w, https:\/\/hunold.com\/service\/wp-content\/uploads\/2024\/01\/FireStop_ADS_90_FR_90_Uni_mit_Feuer-768x538.jpg 768w, https:\/\/hunold.com\/service\/wp-content\/uploads\/2024\/01\/FireStop_ADS_90_FR_90_Uni_mit_Feuer-1536x1075.jpg 1536w, https:\/\/hunold.com\/service\/wp-content\/uploads\/2024\/01\/FireStop_ADS_90_FR_90_Uni_mit_Feuer-2048x1434.jpg 2048w, https:\/\/hunold.com\/service\/wp-content\/uploads\/2024\/01\/FireStop_ADS_90_FR_90_Uni_mit_Feuer-1568x1098.jpg 1568w\" sizes=\"auto, (max-width: 1024px) 100vw, 1024px\" \/><\/figure><div class=\"wp-block-media-text__content\">\n<p class=\"has-huge-font-size\" style=\"font-style:normal;font-weight:500\">Brand- und Rauchschutzt\u00fcren<\/p>\n\n\n\n<p>Brand- und Rauchschutzt\u00fcren m\u00fcssen mindestens einmal im Jahr fachgerecht auf ihre Sicherheit gepr\u00fcft und gewartet werden. Sie geh\u00f6ren zu den lebensrettenden Bauelementen in Krankenh\u00e4usern, Alten- und Pflegeheimen, Schulen und Kinderg\u00e4rten, in Warenh\u00e4usern, B\u00fcrogeb\u00e4uden, in Kinos, im Theater usw.<\/p>\n\n\n\n<p>Unsere Kompetenz liegt in der Wartung, Instandhaltung und Reparatur funktions\u00fcbergreifender Rauch- und Brandschutzsysteme. F\u00fcr diesen sicherheitsrelevanten Bereich bieten wir Ihnen individuelle Sicherheitsvarianten an, welche den geplanten Anwendungen und landesspezifischen Anforderungen pr\u00e4zise entsprechen.<\/p>\n\n\n\n<p>Wir untersuchen die Anlagen auf Besch\u00e4digungen, Funktionsfehler und Roststellen und testen das ordnungsgem\u00e4\u00dfe Schlie\u00dfen.<\/p>\n<\/div><\/div>\n\n\n\n<div style=\"height:30px\" aria-hidden=\"true\" class=\"wp-block-spacer\"><\/div>\n\n\n\n<hr class=\"wp-block-separator has-alpha-channel-opacity\"\/>\n\n\n\n<div style=\"height:30px\" aria-hidden=\"true\" class=\"wp-block-spacer\"><\/div>\n\n\n\n<h2 class=\"wp-block-heading has-text-align-center\">Unser Hunold Service Team erf\u00fcllt auf Grund der langj\u00e4hrigen Erfahrungen in diesem Sachgebiet sowie der regelm\u00e4\u00dfigen Schulungen die Voraussetzungen f\u00fcr die Pr\u00fcfung und Instandhaltung.<\/h2>\n\n\n\n<div style=\"height:30px\" aria-hidden=\"true\" class=\"wp-block-spacer\"><\/div>\n\n\n\n<hr class=\"wp-block-separator has-alpha-channel-opacity\"\/>\n\n\n\n<div style=\"height:30px\" aria-hidden=\"true\" class=\"wp-block-spacer\"><\/div>\n\n\n\n<div class=\"wp-block-group alignwide\"><div class=\"wp-block-group__inner-container is-layout-constrained wp-block-group-is-layout-constrained\">\n<div style=\"height:30px\" aria-hidden=\"true\" class=\"wp-block-spacer\"><\/div>\n\n\n\n<h2 class=\"wp-block-heading alignwide has-text-align-center has-hunold-rot-color has-text-color has-link-color wp-elements-574e4a7a65e703fcfd6c0e90b4eef0d3\" style=\"font-size:36px\">Gerne beraten wir Sie pers\u00f6nlich.<\/h2>\n\n\n\n<div style=\"height:30px\" aria-hidden=\"true\" class=\"wp-block-spacer\"><\/div>\n\n\n\n<p class=\"has-text-align-center has-large-font-size\" style=\"font-style:normal;font-weight:500\">Sprechen Sie uns an und vereinbaren Sie ein unverbindliches Beratungsgespr\u00e4ch.<\/p>\n\n\n\n<div style=\"height:30px\" aria-hidden=\"true\" class=\"wp-block-spacer\"><\/div>\n\n\n\n<div class=\"wp-block-buttons is-content-justification-center is-layout-flex wp-container-core-buttons-is-layout-16018d1d wp-block-buttons-is-layout-flex\">\n<div class=\"wp-block-button is-style-outline is-style-outline--1\"><a class=\"wp-block-button__link has-hunold-rot-color has-text-color has-link-color has-text-align-center wp-element-button\" href=\"https:\/\/hunold.com\/service\/haben-sie-fragen-wir-freuen-uns-auch-uber-anmerk\/\" style=\"border-radius:2px\" target=\"_blank\" rel=\"noreferrer noopener\">Kontaktformular<\/a><\/div>\n\n\n\n<div class=\"wp-block-button is-style-outline is-style-outline--2\"><a class=\"wp-block-button__link has-hunold-rot-color has-text-color has-text-align-center wp-element-button\" href=\"tel:+49276192520\" style=\"border-radius:2px\" target=\"_blank\" rel=\"noreferrer noopener\">02761 9252-0<\/a><\/div>\n<\/div>\n\n\n\n<div style=\"height:60px\" aria-hidden=\"true\" class=\"wp-block-spacer\"><\/div>\n<\/div><\/div>\n","protected":false},"excerpt":{"rendered":"<p>Brand- und Rauchschutzt\u00fcren Brand- und Rauchschutzt\u00fcren m\u00fcssen mindestens einmal im Jahr fachgerecht auf ihre Sicherheit gepr\u00fcft und gewartet werden. Sie geh\u00f6ren zu den lebensrettenden Bauelementen in Krankenh\u00e4usern, Alten- und Pflegeheimen, Schulen und Kinderg\u00e4rten, in Warenh\u00e4usern, B\u00fcrogeb\u00e4uden, in Kinos, im Theater usw. Unsere Kompetenz liegt in der Wartung, Instandhaltung und Reparatur funktions\u00fcbergreifender Rauch- und Brandschutzsysteme. F\u00fcr [&hellip;]<\/p>\n","protected":false},"author":2,"featured_media":0,"parent":0,"menu_order":0,"comment_status":"closed","ping_status":"closed","template":"","meta":{"_themeisle_gutenberg_block_has_review":false,"footnotes":""},"tags":[],"class_list":["post-87","page","type-page","status-publish","hentry","entry"],"yoast_head":"<!-- This site is optimized with the Yoast SEO plugin v27.4 - https:\/\/yoast.com\/product\/yoast-seo-wordpress\/ -->\n<title>Wartung von Rauch- und Brandschutz-Bauelementen - Hunold Service<\/title>\n<meta name=\"robots\" content=\"index, follow, max-snippet:-1, max-image-preview:large, max-video-preview:-1\" \/>\n<link rel=\"canonical\" href=\"https:\/\/hunold.com\/service\/wartung-von-rauchschutz-und-brandschutz-bauelementen\/\" \/>\n<meta property=\"og:locale\" content=\"de_DE\" \/>\n<meta property=\"og:type\" content=\"article\" \/>\n<meta property=\"og:title\" content=\"Wartung von Rauch- und Brandschutz-Bauelementen - Hunold Service\" \/>\n<meta property=\"og:description\" content=\"Brand- und Rauchschutzt\u00fcren Brand- und Rauchschutzt\u00fcren m\u00fcssen mindestens einmal im Jahr fachgerecht auf ihre Sicherheit gepr\u00fcft und gewartet werden. Sie geh\u00f6ren zu den lebensrettenden Bauelementen in Krankenh\u00e4usern, Alten- und Pflegeheimen, Schulen und Kinderg\u00e4rten, in Warenh\u00e4usern, B\u00fcrogeb\u00e4uden, in Kinos, im Theater usw. Unsere Kompetenz liegt in der Wartung, Instandhaltung und Reparatur funktions\u00fcbergreifender Rauch- und Brandschutzsysteme. F\u00fcr [&hellip;]\" \/>\n<meta property=\"og:url\" content=\"https:\/\/hunold.com\/service\/wartung-von-rauchschutz-und-brandschutz-bauelementen\/\" \/>\n<meta property=\"og:site_name\" content=\"Hunold Service\" \/>\n<meta property=\"article:modified_time\" content=\"2024-04-11T08:44:51+00:00\" \/>\n<meta property=\"og:image\" content=\"https:\/\/hunold.com\/service\/wp-content\/uploads\/2024\/01\/FireStop_ADS_90_FR_90_Uni_mit_Feuer-1024x717.jpg\" \/>\n<meta name=\"twitter:card\" content=\"summary_large_image\" \/>\n<meta name=\"twitter:label1\" content=\"Gesch\u00e4tzte Lesezeit\" \/>\n\t<meta name=\"twitter:data1\" content=\"1\u00a0Minute\" \/>\n<script type=\"application\/ld+json\" class=\"yoast-schema-graph\">{\"@context\":\"https:\\\/\\\/schema.org\",\"@graph\":[{\"@type\":\"WebPage\",\"@id\":\"https:\\\/\\\/hunold.com\\\/service\\\/wartung-von-rauchschutz-und-brandschutz-bauelementen\\\/\",\"url\":\"https:\\\/\\\/hunold.com\\\/service\\\/wartung-von-rauchschutz-und-brandschutz-bauelementen\\\/\",\"name\":\"Wartung von Rauch- und Brandschutz-Bauelementen - Hunold Service\",\"isPartOf\":{\"@id\":\"https:\\\/\\\/hunold.com\\\/service\\\/#website\"},\"primaryImageOfPage\":{\"@id\":\"https:\\\/\\\/hunold.com\\\/service\\\/wartung-von-rauchschutz-und-brandschutz-bauelementen\\\/#primaryimage\"},\"image\":{\"@id\":\"https:\\\/\\\/hunold.com\\\/service\\\/wartung-von-rauchschutz-und-brandschutz-bauelementen\\\/#primaryimage\"},\"thumbnailUrl\":\"https:\\\/\\\/hunold.com\\\/service\\\/wp-content\\\/uploads\\\/2024\\\/01\\\/FireStop_ADS_90_FR_90_Uni_mit_Feuer-1024x717.jpg\",\"datePublished\":\"2023-03-28T10:10:20+00:00\",\"dateModified\":\"2024-04-11T08:44:51+00:00\",\"breadcrumb\":{\"@id\":\"https:\\\/\\\/hunold.com\\\/service\\\/wartung-von-rauchschutz-und-brandschutz-bauelementen\\\/#breadcrumb\"},\"inLanguage\":\"de\",\"potentialAction\":[{\"@type\":\"ReadAction\",\"target\":[\"https:\\\/\\\/hunold.com\\\/service\\\/wartung-von-rauchschutz-und-brandschutz-bauelementen\\\/\"]}]},{\"@type\":\"ImageObject\",\"inLanguage\":\"de\",\"@id\":\"https:\\\/\\\/hunold.com\\\/service\\\/wartung-von-rauchschutz-und-brandschutz-bauelementen\\\/#primaryimage\",\"url\":\"https:\\\/\\\/hunold.com\\\/service\\\/wp-content\\\/uploads\\\/2024\\\/01\\\/FireStop_ADS_90_FR_90_Uni_mit_Feuer-scaled.jpg\",\"contentUrl\":\"https:\\\/\\\/hunold.com\\\/service\\\/wp-content\\\/uploads\\\/2024\\\/01\\\/FireStop_ADS_90_FR_90_Uni_mit_Feuer-scaled.jpg\",\"width\":2560,\"height\":1792},{\"@type\":\"BreadcrumbList\",\"@id\":\"https:\\\/\\\/hunold.com\\\/service\\\/wartung-von-rauchschutz-und-brandschutz-bauelementen\\\/#breadcrumb\",\"itemListElement\":[{\"@type\":\"ListItem\",\"position\":1,\"name\":\"Startseite\",\"item\":\"https:\\\/\\\/hunold.com\\\/service\\\/\"},{\"@type\":\"ListItem\",\"position\":2,\"name\":\"Wartung von Rauch- und Brandschutz-Bauelementen\"}]},{\"@type\":\"WebSite\",\"@id\":\"https:\\\/\\\/hunold.com\\\/service\\\/#website\",\"url\":\"https:\\\/\\\/hunold.com\\\/service\\\/\",\"name\":\"Hunold Service\",\"description\":\"Wartung, Instandhaltung und Reparatur von Fenstern, T\u00fcren und Toren\",\"publisher\":{\"@id\":\"https:\\\/\\\/hunold.com\\\/service\\\/#organization\"},\"potentialAction\":[{\"@type\":\"SearchAction\",\"target\":{\"@type\":\"EntryPoint\",\"urlTemplate\":\"https:\\\/\\\/hunold.com\\\/service\\\/?s={search_term_string}\"},\"query-input\":{\"@type\":\"PropertyValueSpecification\",\"valueRequired\":true,\"valueName\":\"search_term_string\"}}],\"inLanguage\":\"de\"},{\"@type\":\"Organization\",\"@id\":\"https:\\\/\\\/hunold.com\\\/service\\\/#organization\",\"name\":\"Hunold Service\",\"url\":\"https:\\\/\\\/hunold.com\\\/service\\\/\",\"logo\":{\"@type\":\"ImageObject\",\"inLanguage\":\"de\",\"@id\":\"https:\\\/\\\/hunold.com\\\/service\\\/#\\\/schema\\\/logo\\\/image\\\/\",\"url\":\"https:\\\/\\\/hunold.com\\\/service\\\/wp-content\\\/uploads\\\/2023\\\/03\\\/cropped-Logo_H_Service2_23.png\",\"contentUrl\":\"https:\\\/\\\/hunold.com\\\/service\\\/wp-content\\\/uploads\\\/2023\\\/03\\\/cropped-Logo_H_Service2_23.png\",\"width\":1655,\"height\":350,\"caption\":\"Hunold Service\"},\"image\":{\"@id\":\"https:\\\/\\\/hunold.com\\\/service\\\/#\\\/schema\\\/logo\\\/image\\\/\"}}]}<\/script>\n<!-- \/ Yoast SEO plugin. -->","yoast_head_json":{"title":"Wartung von Rauch- und Brandschutz-Bauelementen - Hunold Service","robots":{"index":"index","follow":"follow","max-snippet":"max-snippet:-1","max-image-preview":"max-image-preview:large","max-video-preview":"max-video-preview:-1"},"canonical":"https:\/\/hunold.com\/service\/wartung-von-rauchschutz-und-brandschutz-bauelementen\/","og_locale":"de_DE","og_type":"article","og_title":"Wartung von Rauch- und Brandschutz-Bauelementen - Hunold Service","og_description":"Brand- und Rauchschutzt\u00fcren Brand- und Rauchschutzt\u00fcren m\u00fcssen mindestens einmal im Jahr fachgerecht auf ihre Sicherheit gepr\u00fcft und gewartet werden. Sie geh\u00f6ren zu den lebensrettenden Bauelementen in Krankenh\u00e4usern, Alten- und Pflegeheimen, Schulen und Kinderg\u00e4rten, in Warenh\u00e4usern, B\u00fcrogeb\u00e4uden, in Kinos, im Theater usw. Unsere Kompetenz liegt in der Wartung, Instandhaltung und Reparatur funktions\u00fcbergreifender Rauch- und Brandschutzsysteme. F\u00fcr [&hellip;]","og_url":"https:\/\/hunold.com\/service\/wartung-von-rauchschutz-und-brandschutz-bauelementen\/","og_site_name":"Hunold Service","article_modified_time":"2024-04-11T08:44:51+00:00","og_image":[{"url":"https:\/\/hunold.com\/service\/wp-content\/uploads\/2024\/01\/FireStop_ADS_90_FR_90_Uni_mit_Feuer-1024x717.jpg","type":"","width":"","height":""}],"twitter_card":"summary_large_image","twitter_misc":{"Gesch\u00e4tzte Lesezeit":"1\u00a0Minute"},"schema":{"@context":"https:\/\/schema.org","@graph":[{"@type":"WebPage","@id":"https:\/\/hunold.com\/service\/wartung-von-rauchschutz-und-brandschutz-bauelementen\/","url":"https:\/\/hunold.com\/service\/wartung-von-rauchschutz-und-brandschutz-bauelementen\/","name":"Wartung von Rauch- und Brandschutz-Bauelementen - Hunold Service","isPartOf":{"@id":"https:\/\/hunold.com\/service\/#website"},"primaryImageOfPage":{"@id":"https:\/\/hunold.com\/service\/wartung-von-rauchschutz-und-brandschutz-bauelementen\/#primaryimage"},"image":{"@id":"https:\/\/hunold.com\/service\/wartung-von-rauchschutz-und-brandschutz-bauelementen\/#primaryimage"},"thumbnailUrl":"https:\/\/hunold.com\/service\/wp-content\/uploads\/2024\/01\/FireStop_ADS_90_FR_90_Uni_mit_Feuer-1024x717.jpg","datePublished":"2023-03-28T10:10:20+00:00","dateModified":"2024-04-11T08:44:51+00:00","breadcrumb":{"@id":"https:\/\/hunold.com\/service\/wartung-von-rauchschutz-und-brandschutz-bauelementen\/#breadcrumb"},"inLanguage":"de","potentialAction":[{"@type":"ReadAction","target":["https:\/\/hunold.com\/service\/wartung-von-rauchschutz-und-brandschutz-bauelementen\/"]}]},{"@type":"ImageObject","inLanguage":"de","@id":"https:\/\/hunold.com\/service\/wartung-von-rauchschutz-und-brandschutz-bauelementen\/#primaryimage","url":"https:\/\/hunold.com\/service\/wp-content\/uploads\/2024\/01\/FireStop_ADS_90_FR_90_Uni_mit_Feuer-scaled.jpg","contentUrl":"https:\/\/hunold.com\/service\/wp-content\/uploads\/2024\/01\/FireStop_ADS_90_FR_90_Uni_mit_Feuer-scaled.jpg","width":2560,"height":1792},{"@type":"BreadcrumbList","@id":"https:\/\/hunold.com\/service\/wartung-von-rauchschutz-und-brandschutz-bauelementen\/#breadcrumb","itemListElement":[{"@type":"ListItem","position":1,"name":"Startseite","item":"https:\/\/hunold.com\/service\/"},{"@type":"ListItem","position":2,"name":"Wartung von Rauch- und Brandschutz-Bauelementen"}]},{"@type":"WebSite","@id":"https:\/\/hunold.com\/service\/#website","url":"https:\/\/hunold.com\/service\/","name":"Hunold Service","description":"Wartung, Instandhaltung und Reparatur von Fenstern, T\u00fcren und Toren","publisher":{"@id":"https:\/\/hunold.com\/service\/#organization"},"potentialAction":[{"@type":"SearchAction","target":{"@type":"EntryPoint","urlTemplate":"https:\/\/hunold.com\/service\/?s={search_term_string}"},"query-input":{"@type":"PropertyValueSpecification","valueRequired":true,"valueName":"search_term_string"}}],"inLanguage":"de"},{"@type":"Organization","@id":"https:\/\/hunold.com\/service\/#organization","name":"Hunold Service","url":"https:\/\/hunold.com\/service\/","logo":{"@type":"ImageObject","inLanguage":"de","@id":"https:\/\/hunold.com\/service\/#\/schema\/logo\/image\/","url":"https:\/\/hunold.com\/service\/wp-content\/uploads\/2023\/03\/cropped-Logo_H_Service2_23.png","contentUrl":"https:\/\/hunold.com\/service\/wp-content\/uploads\/2023\/03\/cropped-Logo_H_Service2_23.png","width":1655,"height":350,"caption":"Hunold Service"},"image":{"@id":"https:\/\/hunold.com\/service\/#\/schema\/logo\/image\/"}}]}},"_links":{"self":[{"href":"https:\/\/hunold.com\/service\/wp-json\/wp\/v2\/pages\/87","targetHints":{"allow":["GET"]}}],"collection":[{"href":"https:\/\/hunold.com\/service\/wp-json\/wp\/v2\/pages"}],"about":[{"href":"https:\/\/hunold.com\/service\/wp-json\/wp\/v2\/types\/page"}],"author":[{"embeddable":true,"href":"https:\/\/hunold.com\/service\/wp-json\/wp\/v2\/users\/2"}],"replies":[{"embeddable":true,"href":"https:\/\/hunold.com\/service\/wp-json\/wp\/v2\/comments?post=87"}],"version-history":[{"count":14,"href":"https:\/\/hunold.com\/service\/wp-json\/wp\/v2\/pages\/87\/revisions"}],"predecessor-version":[{"id":563,"href":"https:\/\/hunold.com\/service\/wp-json\/wp\/v2\/pages\/87\/revisions\/563"}],"wp:attachment":[{"href":"https:\/\/hunold.com\/service\/wp-json\/wp\/v2\/media?parent=87"}],"wp:term":[{"taxonomy":"post_tag","embeddable":true,"href":"https:\/\/hunold.com\/service\/wp-json\/wp\/v2\/tags?post=87"}],"curies":[{"name":"wp","href":"https:\/\/api.w.org\/{rel}","templated":true}]}}