{"id":91,"date":"2023-03-28T12:15:25","date_gmt":"2023-03-28T10:15:25","guid":{"rendered":"https:\/\/hunold.com\/service\/?page_id=91"},"modified":"2024-04-11T11:46:13","modified_gmt":"2024-04-11T09:46:13","slug":"beschattungen-ueberdachungen-markisen-und-rollladen-pflegen","status":"publish","type":"page","link":"https:\/\/hunold.com\/service\/beschattungen-ueberdachungen-markisen-und-rollladen-pflegen\/","title":{"rendered":"Reparatur und Pr\u00fcfung von Sonnenschutz"},"content":{"rendered":"\n<div style=\"height:60px\" aria-hidden=\"true\" class=\"wp-block-spacer\"><\/div>\n\n\n\n<div class=\"wp-block-media-text alignfull has-media-on-the-right is-stacked-on-mobile has-hunold-hellgrau-background-color has-background\"><div class=\"wp-block-media-text__content\">\n<p class=\"has-huge-font-size\" style=\"font-style:normal;font-weight:500\">Wartung und Reparaturen von Markisen, Raffstoreanlagen und Rollladen.<\/p>\n\n\n\n<p>Ein intelligenter Sonnenschutz tr\u00e4gt nicht nur entscheidend zur Energieeffizienz des Geb\u00e4udes bei, sondern auch zur Zufriedenheit der Anwender. F\u00fcr eine dauerhafte Funktion bei gleichzeitig hoher Planungssicherheit nutzen Sie den Hunold Servicevertrag \u2013 ma\u00dfgeschneidert nach Ihren Bed\u00fcrfnissen. <\/p>\n\n\n\n<ul class=\"has-large-font-size wp-block-list\">\n<li>Verl\u00e4ngern Sie die Nutzungsdauer und profitieren Sie von einer h\u00f6heren Verf\u00fcgbarkeit der Anlagen. <\/li>\n\n\n\n<li>Sorgen Sie f\u00fcr Schutz und Werterhalt der Immobilie bei planbaren Investitionen. <\/li>\n\n\n\n<li>Entlasten Sie eigene Ressourcen durch umfangreiche Wartungsarbeiten. Schaffen Sie perfekte Wohn- und Arbeitsbedingungen f\u00fcr Geb\u00e4ude-Nutzer!<\/li>\n<\/ul>\n<\/div><figure class=\"wp-block-media-text__media\"><img loading=\"lazy\" decoding=\"async\" width=\"948\" height=\"600\" src=\"https:\/\/hunold.com\/service\/wp-content\/uploads\/2023\/05\/MH4-44-1.jpg\" alt=\"\" class=\"wp-image-116 size-full\" srcset=\"https:\/\/hunold.com\/service\/wp-content\/uploads\/2023\/05\/MH4-44-1.jpg 948w, https:\/\/hunold.com\/service\/wp-content\/uploads\/2023\/05\/MH4-44-1-300x190.jpg 300w, https:\/\/hunold.com\/service\/wp-content\/uploads\/2023\/05\/MH4-44-1-768x486.jpg 768w\" sizes=\"auto, (max-width: 948px) 100vw, 948px\" \/><\/figure><\/div>\n\n\n\n<div style=\"height:60px\" aria-hidden=\"true\" class=\"wp-block-spacer\"><\/div>\n\n\n\n<hr class=\"wp-block-separator has-alpha-channel-opacity\"\/>\n\n\n\n<div style=\"height:30px\" aria-hidden=\"true\" class=\"wp-block-spacer\"><\/div>\n\n\n\n<h2 class=\"wp-block-heading has-text-align-center\">Unser Hunold Service Team erf\u00fcllt auf Grund der langj\u00e4hrigen Erfahrungen in diesem Sachgebiet sowie der regelm\u00e4\u00dfigen Schulungen die Voraussetzungen f\u00fcr die Pr\u00fcfung und Instandhaltung.<\/h2>\n\n\n\n<div style=\"height:30px\" aria-hidden=\"true\" class=\"wp-block-spacer\"><\/div>\n\n\n\n<hr class=\"wp-block-separator has-alpha-channel-opacity\"\/>\n\n\n\n<div style=\"height:60px\" aria-hidden=\"true\" class=\"wp-block-spacer\"><\/div>\n\n\n\n<div class=\"wp-block-media-text alignwide has-media-on-the-right is-stacked-on-mobile has-white-color has-light-gray-background-color has-text-color has-background has-link-color wp-elements-fe5029c690ea77d3d3de237e41fc23f8\"><div class=\"wp-block-media-text__content\">\n<p class=\"has-huge-font-size\" style=\"font-style:normal;font-weight:500\">Unsere Leistungen:<\/p>\n\n\n\n<ul class=\"has-normal-font-size wp-block-list\">\n<li>Optimal auf Ihre individuellen Bed\u00fcrfnisse angepasstes Wartungsangebot<\/li>\n\n\n\n<li>Professionelle Pr\u00fcfung aller Anlagenkomponenten mit Nachjustierung oder Sofortreparaturen (bis zu individuellem Maximalbetrag)<\/li>\n\n\n\n<li>Erf\u00fcllung der gesetzlichen Wartungsvorschriften f\u00fcr Sonnenschutz an Flucht- und Rettungswegen<\/li>\n\n\n\n<li>Wartung von Sonnenschutzprodukten aller g\u00e4ngiger Marken <\/li>\n\n\n\n<li>Bei Bedarf transparente und faire Reparaturangebote<\/li>\n<\/ul>\n<\/div><figure class=\"wp-block-media-text__media\"><img loading=\"lazy\" decoding=\"async\" width=\"1024\" height=\"745\" src=\"https:\/\/hunold.com\/service\/wp-content\/uploads\/2024\/02\/11024-1024x745.jpg\" alt=\"\" class=\"wp-image-377 size-full\" srcset=\"https:\/\/hunold.com\/service\/wp-content\/uploads\/2024\/02\/11024-1024x745.jpg 1024w, https:\/\/hunold.com\/service\/wp-content\/uploads\/2024\/02\/11024-300x218.jpg 300w, https:\/\/hunold.com\/service\/wp-content\/uploads\/2024\/02\/11024-768x559.jpg 768w, https:\/\/hunold.com\/service\/wp-content\/uploads\/2024\/02\/11024.jpg 1500w\" sizes=\"auto, (max-width: 1024px) 100vw, 1024px\" \/><\/figure><\/div>\n\n\n\n<div class=\"wp-block-media-text alignwide is-stacked-on-mobile has-white-color has-dark-gray-background-color has-text-color has-background has-link-color wp-elements-a7f400d9c78871fc6c8e26c6849e55d7\"><figure class=\"wp-block-media-text__media\"><img loading=\"lazy\" decoding=\"async\" width=\"1024\" height=\"683\" src=\"https:\/\/hunold.com\/service\/wp-content\/uploads\/2024\/02\/10008258v1-1024x683.jpg\" alt=\"\" class=\"wp-image-378 size-full\" srcset=\"https:\/\/hunold.com\/service\/wp-content\/uploads\/2024\/02\/10008258v1-1024x683.jpg 1024w, https:\/\/hunold.com\/service\/wp-content\/uploads\/2024\/02\/10008258v1-300x200.jpg 300w, https:\/\/hunold.com\/service\/wp-content\/uploads\/2024\/02\/10008258v1-768x512.jpg 768w, https:\/\/hunold.com\/service\/wp-content\/uploads\/2024\/02\/10008258v1.jpg 1500w\" sizes=\"auto, (max-width: 1024px) 100vw, 1024px\" \/><\/figure><div class=\"wp-block-media-text__content\">\n<p class=\"has-huge-font-size\" style=\"font-style:normal;font-weight:500\">Ihre Vorteile:<\/p>\n\n\n\n<ul class=\"has-normal-font-size wp-block-list\">\n<li>Professionelle Wartung durch Hunold Service Team<\/li>\n\n\n\n<li>Ersatzteilbeschaffung<\/li>\n\n\n\n<li>Schnelle Reaktion und effizienter Einsatz hochqualifizierter Servicetechniker<\/li>\n\n\n\n<li>Eine lange Lebensdauer und ein gepflegtes Aussehen Ihrer Sonnenschutzanlagen durch eine regelm\u00e4\u00dfige Reinigung aller Teile sowie eine Pr\u00fcfung der Statik und der Roll- bzw. Gleitfunktionen.<br><\/li>\n<\/ul>\n\n\n\n<p>Auch technische Nachr\u00fcstungen und Erg\u00e4nzungen Ihrer Sonnenschutzanlagen f\u00fchren wir f\u00fcr Sie gerne aus.<\/p>\n\n\n\n<p>Bei Planung und Neuanschaffung aller au\u00dfenliegenden Beschattungen k\u00f6nnen wir Sie mit einer breiten Produktpalette beraten.<\/p>\n<\/div><\/div>\n\n\n\n<div style=\"height:60px\" aria-hidden=\"true\" class=\"wp-block-spacer\"><\/div>\n\n\n\n<hr class=\"wp-block-separator has-alpha-channel-opacity\"\/>\n\n\n\n<div style=\"height:60px\" aria-hidden=\"true\" class=\"wp-block-spacer\"><\/div>\n\n\n\n<div class=\"wp-block-group alignwide\"><div class=\"wp-block-group__inner-container is-layout-constrained wp-block-group-is-layout-constrained\">\n<div style=\"height:30px\" aria-hidden=\"true\" class=\"wp-block-spacer\"><\/div>\n\n\n\n<h2 class=\"wp-block-heading alignwide has-text-align-center has-hunold-rot-color has-text-color has-link-color wp-elements-574e4a7a65e703fcfd6c0e90b4eef0d3\" style=\"font-size:36px\">Gerne beraten wir Sie pers\u00f6nlich.<\/h2>\n\n\n\n<div style=\"height:30px\" aria-hidden=\"true\" class=\"wp-block-spacer\"><\/div>\n\n\n\n<p class=\"has-text-align-center has-large-font-size\" style=\"font-style:normal;font-weight:500\">Sprechen Sie uns an und vereinbaren Sie ein unverbindliches Beratungsgespr\u00e4ch.<\/p>\n\n\n\n<div style=\"height:30px\" aria-hidden=\"true\" class=\"wp-block-spacer\"><\/div>\n\n\n\n<div class=\"wp-block-buttons is-content-justification-center is-layout-flex wp-container-core-buttons-is-layout-16018d1d wp-block-buttons-is-layout-flex\">\n<div class=\"wp-block-button is-style-outline is-style-outline--1\"><a class=\"wp-block-button__link has-hunold-rot-color has-text-color has-link-color has-text-align-center wp-element-button\" href=\"https:\/\/hunold.com\/service\/haben-sie-fragen-wir-freuen-uns-auch-uber-anmerk\/\" style=\"border-radius:2px\" target=\"_blank\" rel=\"noreferrer noopener\">Kontaktformular<\/a><\/div>\n\n\n\n<div class=\"wp-block-button is-style-outline is-style-outline--2\"><a class=\"wp-block-button__link has-hunold-rot-color has-text-color has-text-align-center wp-element-button\" href=\"tel:+49276192520\" style=\"border-radius:2px\" target=\"_blank\" rel=\"noreferrer noopener\">02761 9252-0<\/a><\/div>\n<\/div>\n\n\n\n<div style=\"height:60px\" aria-hidden=\"true\" class=\"wp-block-spacer\"><\/div>\n<\/div><\/div>\n\n\n\n<hr class=\"wp-block-separator has-alpha-channel-opacity\"\/>\n\n\n\n<div style=\"height:60px\" aria-hidden=\"true\" class=\"wp-block-spacer\"><\/div>\n\n\n\n<h2 class=\"wp-block-heading has-text-align-center\" style=\"font-size:36px;letter-spacing:1px\">Unsere Partner<\/h2>\n\n\n\n<div style=\"height:60px\" aria-hidden=\"true\" class=\"wp-block-spacer\"><\/div>\n\n\n\n<div class=\"wp-block-columns are-vertically-aligned-center box-shadow is-layout-flex wp-container-core-columns-is-layout-9d6595d7 wp-block-columns-is-layout-flex\">\n<div class=\"wp-block-column is-vertically-aligned-center box shadow is-layout-flow wp-block-column-is-layout-flow\">\n<figure class=\"wp-block-image size-large is-style-default\"><a href=\"https:\/\/www.warema.com\/de-de\/\" target=\"_blank\" rel=\"noreferrer noopener\"><img loading=\"lazy\" decoding=\"async\" width=\"1024\" height=\"578\" src=\"https:\/\/hunold.com\/service\/wp-content\/uploads\/2024\/02\/logo_warema_raute_rgb-1024x578.png\" alt=\"\" class=\"wp-image-366\" srcset=\"https:\/\/hunold.com\/service\/wp-content\/uploads\/2024\/02\/logo_warema_raute_rgb-1024x578.png 1024w, https:\/\/hunold.com\/service\/wp-content\/uploads\/2024\/02\/logo_warema_raute_rgb-300x169.png 300w, https:\/\/hunold.com\/service\/wp-content\/uploads\/2024\/02\/logo_warema_raute_rgb-768x434.png 768w, https:\/\/hunold.com\/service\/wp-content\/uploads\/2024\/02\/logo_warema_raute_rgb-1536x867.png 1536w, https:\/\/hunold.com\/service\/wp-content\/uploads\/2024\/02\/logo_warema_raute_rgb-2048x1156.png 2048w, https:\/\/hunold.com\/service\/wp-content\/uploads\/2024\/02\/logo_warema_raute_rgb-1568x885.png 1568w\" sizes=\"auto, (max-width: 1024px) 100vw, 1024px\" \/><\/a><\/figure>\n<\/div>\n\n\n\n<div class=\"wp-block-column is-vertically-aligned-center box shadow is-layout-flow wp-block-column-is-layout-flow\">\n<figure class=\"wp-block-image size-full is-style-default\"><img loading=\"lazy\" decoding=\"async\" width=\"2363\" height=\"499\" src=\"https:\/\/hunold.com\/service\/wp-content\/uploads\/2024\/04\/LOGO-Hunold-2022.jpg\" alt=\"\" class=\"wp-image-592\" srcset=\"https:\/\/hunold.com\/service\/wp-content\/uploads\/2024\/04\/LOGO-Hunold-2022.jpg 2363w, https:\/\/hunold.com\/service\/wp-content\/uploads\/2024\/04\/LOGO-Hunold-2022-300x63.jpg 300w, https:\/\/hunold.com\/service\/wp-content\/uploads\/2024\/04\/LOGO-Hunold-2022-1024x216.jpg 1024w, https:\/\/hunold.com\/service\/wp-content\/uploads\/2024\/04\/LOGO-Hunold-2022-768x162.jpg 768w, https:\/\/hunold.com\/service\/wp-content\/uploads\/2024\/04\/LOGO-Hunold-2022-1536x324.jpg 1536w, https:\/\/hunold.com\/service\/wp-content\/uploads\/2024\/04\/LOGO-Hunold-2022-2048x432.jpg 2048w, https:\/\/hunold.com\/service\/wp-content\/uploads\/2024\/04\/LOGO-Hunold-2022-1568x331.jpg 1568w\" sizes=\"auto, (max-width: 2363px) 100vw, 2363px\" \/><\/figure>\n<\/div>\n\n\n\n<div class=\"wp-block-column is-vertically-aligned-center box shadow is-layout-flow wp-block-column-is-layout-flow\">\n<figure class=\"wp-block-image size-large is-style-default\"><a href=\"https:\/\/www.warema.com\/de-de\/\" target=\"_blank\" rel=\"noreferrer noopener\"><img loading=\"lazy\" decoding=\"async\" width=\"1024\" height=\"578\" src=\"https:\/\/hunold.com\/service\/wp-content\/uploads\/2024\/02\/logo_warema_raute_rgb-1024x578.png\" alt=\"\" class=\"wp-image-366\" srcset=\"https:\/\/hunold.com\/service\/wp-content\/uploads\/2024\/02\/logo_warema_raute_rgb-1024x578.png 1024w, https:\/\/hunold.com\/service\/wp-content\/uploads\/2024\/02\/logo_warema_raute_rgb-300x169.png 300w, https:\/\/hunold.com\/service\/wp-content\/uploads\/2024\/02\/logo_warema_raute_rgb-768x434.png 768w, https:\/\/hunold.com\/service\/wp-content\/uploads\/2024\/02\/logo_warema_raute_rgb-1536x867.png 1536w, https:\/\/hunold.com\/service\/wp-content\/uploads\/2024\/02\/logo_warema_raute_rgb-2048x1156.png 2048w, https:\/\/hunold.com\/service\/wp-content\/uploads\/2024\/02\/logo_warema_raute_rgb-1568x885.png 1568w\" sizes=\"auto, (max-width: 1024px) 100vw, 1024px\" \/><\/a><\/figure>\n<\/div>\n<\/div>\n","protected":false},"excerpt":{"rendered":"<p>Unsere Partner<\/p>\n","protected":false},"author":2,"featured_media":0,"parent":0,"menu_order":0,"comment_status":"closed","ping_status":"closed","template":"","meta":{"_themeisle_gutenberg_block_has_review":false,"footnotes":""},"tags":[],"class_list":["post-91","page","type-page","status-publish","hentry","entry"],"yoast_head":"<!-- This site is optimized with the Yoast SEO plugin v27.4 - https:\/\/yoast.com\/product\/yoast-seo-wordpress\/ -->\n<title>Reparatur und Pr\u00fcfung von Sonnenschutz - Hunold Service<\/title>\n<meta name=\"robots\" content=\"index, follow, max-snippet:-1, max-image-preview:large, max-video-preview:-1\" \/>\n<link rel=\"canonical\" href=\"https:\/\/hunold.com\/service\/beschattungen-ueberdachungen-markisen-und-rollladen-pflegen\/\" \/>\n<meta property=\"og:locale\" content=\"de_DE\" \/>\n<meta property=\"og:type\" content=\"article\" \/>\n<meta property=\"og:title\" content=\"Reparatur und Pr\u00fcfung von Sonnenschutz - Hunold Service\" \/>\n<meta property=\"og:description\" content=\"Unsere Partner\" \/>\n<meta property=\"og:url\" content=\"https:\/\/hunold.com\/service\/beschattungen-ueberdachungen-markisen-und-rollladen-pflegen\/\" \/>\n<meta property=\"og:site_name\" content=\"Hunold Service\" \/>\n<meta property=\"article:modified_time\" content=\"2024-04-11T09:46:13+00:00\" \/>\n<meta property=\"og:image\" content=\"https:\/\/hunold.com\/service\/wp-content\/uploads\/2023\/05\/MH4-44-1.jpg\" \/>\n<meta name=\"twitter:card\" content=\"summary_large_image\" \/>\n<meta name=\"twitter:label1\" content=\"Gesch\u00e4tzte Lesezeit\" \/>\n\t<meta name=\"twitter:data1\" content=\"3\u00a0Minuten\" \/>\n<script type=\"application\/ld+json\" class=\"yoast-schema-graph\">{\"@context\":\"https:\\\/\\\/schema.org\",\"@graph\":[{\"@type\":\"WebPage\",\"@id\":\"https:\\\/\\\/hunold.com\\\/service\\\/beschattungen-ueberdachungen-markisen-und-rollladen-pflegen\\\/\",\"url\":\"https:\\\/\\\/hunold.com\\\/service\\\/beschattungen-ueberdachungen-markisen-und-rollladen-pflegen\\\/\",\"name\":\"Reparatur und Pr\u00fcfung von Sonnenschutz - Hunold Service\",\"isPartOf\":{\"@id\":\"https:\\\/\\\/hunold.com\\\/service\\\/#website\"},\"primaryImageOfPage\":{\"@id\":\"https:\\\/\\\/hunold.com\\\/service\\\/beschattungen-ueberdachungen-markisen-und-rollladen-pflegen\\\/#primaryimage\"},\"image\":{\"@id\":\"https:\\\/\\\/hunold.com\\\/service\\\/beschattungen-ueberdachungen-markisen-und-rollladen-pflegen\\\/#primaryimage\"},\"thumbnailUrl\":\"https:\\\/\\\/hunold.com\\\/service\\\/wp-content\\\/uploads\\\/2023\\\/05\\\/MH4-44-1.jpg\",\"datePublished\":\"2023-03-28T10:15:25+00:00\",\"dateModified\":\"2024-04-11T09:46:13+00:00\",\"breadcrumb\":{\"@id\":\"https:\\\/\\\/hunold.com\\\/service\\\/beschattungen-ueberdachungen-markisen-und-rollladen-pflegen\\\/#breadcrumb\"},\"inLanguage\":\"de\",\"potentialAction\":[{\"@type\":\"ReadAction\",\"target\":[\"https:\\\/\\\/hunold.com\\\/service\\\/beschattungen-ueberdachungen-markisen-und-rollladen-pflegen\\\/\"]}]},{\"@type\":\"ImageObject\",\"inLanguage\":\"de\",\"@id\":\"https:\\\/\\\/hunold.com\\\/service\\\/beschattungen-ueberdachungen-markisen-und-rollladen-pflegen\\\/#primaryimage\",\"url\":\"https:\\\/\\\/hunold.com\\\/service\\\/wp-content\\\/uploads\\\/2023\\\/05\\\/MH4-44-1.jpg\",\"contentUrl\":\"https:\\\/\\\/hunold.com\\\/service\\\/wp-content\\\/uploads\\\/2023\\\/05\\\/MH4-44-1.jpg\",\"width\":948,\"height\":600},{\"@type\":\"BreadcrumbList\",\"@id\":\"https:\\\/\\\/hunold.com\\\/service\\\/beschattungen-ueberdachungen-markisen-und-rollladen-pflegen\\\/#breadcrumb\",\"itemListElement\":[{\"@type\":\"ListItem\",\"position\":1,\"name\":\"Startseite\",\"item\":\"https:\\\/\\\/hunold.com\\\/service\\\/\"},{\"@type\":\"ListItem\",\"position\":2,\"name\":\"Reparatur und Pr\u00fcfung von Sonnenschutz\"}]},{\"@type\":\"WebSite\",\"@id\":\"https:\\\/\\\/hunold.com\\\/service\\\/#website\",\"url\":\"https:\\\/\\\/hunold.com\\\/service\\\/\",\"name\":\"Hunold Service\",\"description\":\"Wartung, Instandhaltung und Reparatur von Fenstern, T\u00fcren und Toren\",\"publisher\":{\"@id\":\"https:\\\/\\\/hunold.com\\\/service\\\/#organization\"},\"potentialAction\":[{\"@type\":\"SearchAction\",\"target\":{\"@type\":\"EntryPoint\",\"urlTemplate\":\"https:\\\/\\\/hunold.com\\\/service\\\/?s={search_term_string}\"},\"query-input\":{\"@type\":\"PropertyValueSpecification\",\"valueRequired\":true,\"valueName\":\"search_term_string\"}}],\"inLanguage\":\"de\"},{\"@type\":\"Organization\",\"@id\":\"https:\\\/\\\/hunold.com\\\/service\\\/#organization\",\"name\":\"Hunold Service\",\"url\":\"https:\\\/\\\/hunold.com\\\/service\\\/\",\"logo\":{\"@type\":\"ImageObject\",\"inLanguage\":\"de\",\"@id\":\"https:\\\/\\\/hunold.com\\\/service\\\/#\\\/schema\\\/logo\\\/image\\\/\",\"url\":\"https:\\\/\\\/hunold.com\\\/service\\\/wp-content\\\/uploads\\\/2023\\\/03\\\/cropped-Logo_H_Service2_23.png\",\"contentUrl\":\"https:\\\/\\\/hunold.com\\\/service\\\/wp-content\\\/uploads\\\/2023\\\/03\\\/cropped-Logo_H_Service2_23.png\",\"width\":1655,\"height\":350,\"caption\":\"Hunold Service\"},\"image\":{\"@id\":\"https:\\\/\\\/hunold.com\\\/service\\\/#\\\/schema\\\/logo\\\/image\\\/\"}}]}<\/script>\n<!-- \/ Yoast SEO plugin. -->","yoast_head_json":{"title":"Reparatur und Pr\u00fcfung von Sonnenschutz - Hunold Service","robots":{"index":"index","follow":"follow","max-snippet":"max-snippet:-1","max-image-preview":"max-image-preview:large","max-video-preview":"max-video-preview:-1"},"canonical":"https:\/\/hunold.com\/service\/beschattungen-ueberdachungen-markisen-und-rollladen-pflegen\/","og_locale":"de_DE","og_type":"article","og_title":"Reparatur und Pr\u00fcfung von Sonnenschutz - Hunold Service","og_description":"Unsere Partner","og_url":"https:\/\/hunold.com\/service\/beschattungen-ueberdachungen-markisen-und-rollladen-pflegen\/","og_site_name":"Hunold Service","article_modified_time":"2024-04-11T09:46:13+00:00","og_image":[{"url":"https:\/\/hunold.com\/service\/wp-content\/uploads\/2023\/05\/MH4-44-1.jpg","type":"","width":"","height":""}],"twitter_card":"summary_large_image","twitter_misc":{"Gesch\u00e4tzte Lesezeit":"3\u00a0Minuten"},"schema":{"@context":"https:\/\/schema.org","@graph":[{"@type":"WebPage","@id":"https:\/\/hunold.com\/service\/beschattungen-ueberdachungen-markisen-und-rollladen-pflegen\/","url":"https:\/\/hunold.com\/service\/beschattungen-ueberdachungen-markisen-und-rollladen-pflegen\/","name":"Reparatur und Pr\u00fcfung von Sonnenschutz - Hunold Service","isPartOf":{"@id":"https:\/\/hunold.com\/service\/#website"},"primaryImageOfPage":{"@id":"https:\/\/hunold.com\/service\/beschattungen-ueberdachungen-markisen-und-rollladen-pflegen\/#primaryimage"},"image":{"@id":"https:\/\/hunold.com\/service\/beschattungen-ueberdachungen-markisen-und-rollladen-pflegen\/#primaryimage"},"thumbnailUrl":"https:\/\/hunold.com\/service\/wp-content\/uploads\/2023\/05\/MH4-44-1.jpg","datePublished":"2023-03-28T10:15:25+00:00","dateModified":"2024-04-11T09:46:13+00:00","breadcrumb":{"@id":"https:\/\/hunold.com\/service\/beschattungen-ueberdachungen-markisen-und-rollladen-pflegen\/#breadcrumb"},"inLanguage":"de","potentialAction":[{"@type":"ReadAction","target":["https:\/\/hunold.com\/service\/beschattungen-ueberdachungen-markisen-und-rollladen-pflegen\/"]}]},{"@type":"ImageObject","inLanguage":"de","@id":"https:\/\/hunold.com\/service\/beschattungen-ueberdachungen-markisen-und-rollladen-pflegen\/#primaryimage","url":"https:\/\/hunold.com\/service\/wp-content\/uploads\/2023\/05\/MH4-44-1.jpg","contentUrl":"https:\/\/hunold.com\/service\/wp-content\/uploads\/2023\/05\/MH4-44-1.jpg","width":948,"height":600},{"@type":"BreadcrumbList","@id":"https:\/\/hunold.com\/service\/beschattungen-ueberdachungen-markisen-und-rollladen-pflegen\/#breadcrumb","itemListElement":[{"@type":"ListItem","position":1,"name":"Startseite","item":"https:\/\/hunold.com\/service\/"},{"@type":"ListItem","position":2,"name":"Reparatur und Pr\u00fcfung von Sonnenschutz"}]},{"@type":"WebSite","@id":"https:\/\/hunold.com\/service\/#website","url":"https:\/\/hunold.com\/service\/","name":"Hunold Service","description":"Wartung, Instandhaltung und Reparatur von Fenstern, T\u00fcren und Toren","publisher":{"@id":"https:\/\/hunold.com\/service\/#organization"},"potentialAction":[{"@type":"SearchAction","target":{"@type":"EntryPoint","urlTemplate":"https:\/\/hunold.com\/service\/?s={search_term_string}"},"query-input":{"@type":"PropertyValueSpecification","valueRequired":true,"valueName":"search_term_string"}}],"inLanguage":"de"},{"@type":"Organization","@id":"https:\/\/hunold.com\/service\/#organization","name":"Hunold Service","url":"https:\/\/hunold.com\/service\/","logo":{"@type":"ImageObject","inLanguage":"de","@id":"https:\/\/hunold.com\/service\/#\/schema\/logo\/image\/","url":"https:\/\/hunold.com\/service\/wp-content\/uploads\/2023\/03\/cropped-Logo_H_Service2_23.png","contentUrl":"https:\/\/hunold.com\/service\/wp-content\/uploads\/2023\/03\/cropped-Logo_H_Service2_23.png","width":1655,"height":350,"caption":"Hunold Service"},"image":{"@id":"https:\/\/hunold.com\/service\/#\/schema\/logo\/image\/"}}]}},"_links":{"self":[{"href":"https:\/\/hunold.com\/service\/wp-json\/wp\/v2\/pages\/91","targetHints":{"allow":["GET"]}}],"collection":[{"href":"https:\/\/hunold.com\/service\/wp-json\/wp\/v2\/pages"}],"about":[{"href":"https:\/\/hunold.com\/service\/wp-json\/wp\/v2\/types\/page"}],"author":[{"embeddable":true,"href":"https:\/\/hunold.com\/service\/wp-json\/wp\/v2\/users\/2"}],"replies":[{"embeddable":true,"href":"https:\/\/hunold.com\/service\/wp-json\/wp\/v2\/comments?post=91"}],"version-history":[{"count":25,"href":"https:\/\/hunold.com\/service\/wp-json\/wp\/v2\/pages\/91\/revisions"}],"predecessor-version":[{"id":593,"href":"https:\/\/hunold.com\/service\/wp-json\/wp\/v2\/pages\/91\/revisions\/593"}],"wp:attachment":[{"href":"https:\/\/hunold.com\/service\/wp-json\/wp\/v2\/media?parent=91"}],"wp:term":[{"taxonomy":"post_tag","embeddable":true,"href":"https:\/\/hunold.com\/service\/wp-json\/wp\/v2\/tags?post=91"}],"curies":[{"name":"wp","href":"https:\/\/api.w.org\/{rel}","templated":true}]}}