{"id":94,"date":"2023-03-28T12:21:13","date_gmt":"2023-03-28T10:21:13","guid":{"rendered":"https:\/\/hunold.com\/service\/?page_id=94"},"modified":"2024-04-11T10:31:50","modified_gmt":"2024-04-11T08:31:50","slug":"wartung-und-pruefung-von-automatiktueren-nach-din-18650","status":"publish","type":"page","link":"https:\/\/hunold.com\/service\/wartung-und-pruefung-von-automatiktueren-nach-din-18650\/","title":{"rendered":"Wartung und Pr\u00fcfung von Automatikt\u00fcren"},"content":{"rendered":"\n<div style=\"height:60px\" aria-hidden=\"true\" class=\"wp-block-spacer\"><\/div>\n\n\n\n<div class=\"wp-block-media-text alignfull has-media-on-the-right is-stacked-on-mobile has-hunold-hellgrau-background-color has-background\"><div class=\"wp-block-media-text__content\">\n<h2 class=\"wp-block-heading is-style-default\">Automatische, motorisch betriebene T\u00fcrsysteme<\/h2>\n\n\n\n<p>Automatische Schiebet\u00fcren und Dreht\u00fcrantriebe erleichtern unseren Alltag und sind mit Sicherheitsrelevanten Schutzelementen<br>(Scher &#8211; und Quetschgefahren) ausgestattet. Dadurch werden die Gefahren automatischer Schiebet\u00fcren minimiert.<\/p>\n\n\n\n<p>F\u00fcr diese T\u00fcranlagen sind j\u00e4hrliche \/ teils halbj\u00e4hrliche Pr\u00fcfungen und Wartungen vorgeschrieben.<\/p>\n\n\n\n<p>Eventuelle M\u00e4ngel k\u00f6nnen fr\u00fchzeitig erkannt werden und Ausf\u00e4lle oder teure Volgesch\u00e4den k\u00f6nnen vermieden werden.<\/p>\n<\/div><figure class=\"wp-block-media-text__media\"><img loading=\"lazy\" decoding=\"async\" width=\"1024\" height=\"682\" src=\"https:\/\/hunold.com\/service\/wp-content\/uploads\/2024\/02\/MZ3-1-scaled-1-1024x682.jpg\" alt=\"\" class=\"wp-image-360 size-full\" srcset=\"https:\/\/hunold.com\/service\/wp-content\/uploads\/2024\/02\/MZ3-1-scaled-1-1024x682.jpg 1024w, https:\/\/hunold.com\/service\/wp-content\/uploads\/2024\/02\/MZ3-1-scaled-1-300x200.jpg 300w, https:\/\/hunold.com\/service\/wp-content\/uploads\/2024\/02\/MZ3-1-scaled-1-768x512.jpg 768w, https:\/\/hunold.com\/service\/wp-content\/uploads\/2024\/02\/MZ3-1-scaled-1-1536x1024.jpg 1536w, https:\/\/hunold.com\/service\/wp-content\/uploads\/2024\/02\/MZ3-1-scaled-1-2048x1365.jpg 2048w, https:\/\/hunold.com\/service\/wp-content\/uploads\/2024\/02\/MZ3-1-scaled-1-1568x1045.jpg 1568w\" sizes=\"auto, (max-width: 1024px) 100vw, 1024px\" \/><\/figure><\/div>\n\n\n\n<hr class=\"wp-block-separator has-alpha-channel-opacity\"\/>\n\n\n\n<div style=\"height:30px\" aria-hidden=\"true\" class=\"wp-block-spacer\"><\/div>\n\n\n\n<h2 class=\"wp-block-heading has-text-align-center\">Unser Hunold Service Team erf\u00fcllt auf Grund der langj\u00e4hrigen Erfahrungen in diesem Sachgebiet sowie der regelm\u00e4\u00dfigen Schulungen die Voraussetzungen f\u00fcr die Pr\u00fcfung und Instandhaltung.<\/h2>\n\n\n\n<div style=\"height:30px\" aria-hidden=\"true\" class=\"wp-block-spacer\"><\/div>\n\n\n\n<hr class=\"wp-block-separator has-alpha-channel-opacity\"\/>\n\n\n\n<div class=\"wp-block-group alignwide\"><div class=\"wp-block-group__inner-container is-layout-constrained wp-block-group-is-layout-constrained\">\n<div style=\"height:30px\" aria-hidden=\"true\" class=\"wp-block-spacer\"><\/div>\n\n\n\n<h2 class=\"wp-block-heading alignwide has-text-align-center has-hunold-rot-color has-text-color has-link-color wp-elements-574e4a7a65e703fcfd6c0e90b4eef0d3\" style=\"font-size:36px\">Gerne beraten wir Sie pers\u00f6nlich.<\/h2>\n\n\n\n<div style=\"height:30px\" aria-hidden=\"true\" class=\"wp-block-spacer\"><\/div>\n\n\n\n<p class=\"has-text-align-center has-large-font-size\" style=\"font-style:normal;font-weight:500\">Sprechen Sie uns an und vereinbaren Sie ein unverbindliches Beratungsgespr\u00e4ch.<\/p>\n\n\n\n<div style=\"height:30px\" aria-hidden=\"true\" class=\"wp-block-spacer\"><\/div>\n\n\n\n<div class=\"wp-block-buttons is-content-justification-center is-layout-flex wp-container-core-buttons-is-layout-16018d1d wp-block-buttons-is-layout-flex\">\n<div class=\"wp-block-button is-style-outline is-style-outline--1\"><a class=\"wp-block-button__link has-hunold-rot-color has-text-color has-link-color has-text-align-center wp-element-button\" href=\"https:\/\/hunold.com\/service\/haben-sie-fragen-wir-freuen-uns-auch-uber-anmerk\/\" style=\"border-radius:2px\" target=\"_blank\" rel=\"noreferrer noopener\">Kontaktformular<\/a><\/div>\n\n\n\n<div class=\"wp-block-button is-style-outline is-style-outline--2\"><a class=\"wp-block-button__link has-hunold-rot-color has-text-color has-text-align-center wp-element-button\" href=\"tel:+49276192520\" style=\"border-radius:2px\" target=\"_blank\" rel=\"noreferrer noopener\">02761 9252-0<\/a><\/div>\n<\/div>\n\n\n\n<div style=\"height:60px\" aria-hidden=\"true\" class=\"wp-block-spacer\"><\/div>\n<\/div><\/div>\n","protected":false},"excerpt":{"rendered":"<p>Automatische, motorisch betriebene T\u00fcrsysteme Automatische Schiebet\u00fcren und Dreht\u00fcrantriebe erleichtern unseren Alltag und sind mit Sicherheitsrelevanten Schutzelementen(Scher &#8211; und Quetschgefahren) ausgestattet. Dadurch werden die Gefahren automatischer Schiebet\u00fcren minimiert. F\u00fcr diese T\u00fcranlagen sind j\u00e4hrliche \/ teils halbj\u00e4hrliche Pr\u00fcfungen und Wartungen vorgeschrieben. Eventuelle M\u00e4ngel k\u00f6nnen fr\u00fchzeitig erkannt werden und Ausf\u00e4lle oder teure Volgesch\u00e4den k\u00f6nnen vermieden werden.<\/p>\n","protected":false},"author":2,"featured_media":0,"parent":0,"menu_order":0,"comment_status":"closed","ping_status":"closed","template":"","meta":{"_themeisle_gutenberg_block_has_review":false,"footnotes":""},"tags":[],"class_list":["post-94","page","type-page","status-publish","hentry","entry"],"yoast_head":"<!-- This site is optimized with the Yoast SEO plugin v27.4 - https:\/\/yoast.com\/product\/yoast-seo-wordpress\/ -->\n<title>Wartung und Pr\u00fcfung von Automatikt\u00fcren - Hunold Service<\/title>\n<meta name=\"robots\" content=\"index, follow, max-snippet:-1, max-image-preview:large, max-video-preview:-1\" \/>\n<link rel=\"canonical\" href=\"https:\/\/hunold.com\/service\/wartung-und-pruefung-von-automatiktueren-nach-din-18650\/\" \/>\n<meta property=\"og:locale\" content=\"de_DE\" \/>\n<meta property=\"og:type\" content=\"article\" \/>\n<meta property=\"og:title\" content=\"Wartung und Pr\u00fcfung von Automatikt\u00fcren - Hunold Service\" \/>\n<meta property=\"og:description\" content=\"Automatische, motorisch betriebene T\u00fcrsysteme Automatische Schiebet\u00fcren und Dreht\u00fcrantriebe erleichtern unseren Alltag und sind mit Sicherheitsrelevanten Schutzelementen(Scher &#8211; und Quetschgefahren) ausgestattet. Dadurch werden die Gefahren automatischer Schiebet\u00fcren minimiert. F\u00fcr diese T\u00fcranlagen sind j\u00e4hrliche \/ teils halbj\u00e4hrliche Pr\u00fcfungen und Wartungen vorgeschrieben. Eventuelle M\u00e4ngel k\u00f6nnen fr\u00fchzeitig erkannt werden und Ausf\u00e4lle oder teure Volgesch\u00e4den k\u00f6nnen vermieden werden.\" \/>\n<meta property=\"og:url\" content=\"https:\/\/hunold.com\/service\/wartung-und-pruefung-von-automatiktueren-nach-din-18650\/\" \/>\n<meta property=\"og:site_name\" content=\"Hunold Service\" \/>\n<meta property=\"article:modified_time\" content=\"2024-04-11T08:31:50+00:00\" \/>\n<meta property=\"og:image\" content=\"https:\/\/hunold.com\/service\/wp-content\/uploads\/2024\/02\/MZ3-1-scaled-1-1024x682.jpg\" \/>\n<meta name=\"twitter:card\" content=\"summary_large_image\" \/>\n<meta name=\"twitter:label1\" content=\"Gesch\u00e4tzte Lesezeit\" \/>\n\t<meta name=\"twitter:data1\" content=\"1\u00a0Minute\" \/>\n<script type=\"application\/ld+json\" class=\"yoast-schema-graph\">{\"@context\":\"https:\\\/\\\/schema.org\",\"@graph\":[{\"@type\":\"WebPage\",\"@id\":\"https:\\\/\\\/hunold.com\\\/service\\\/wartung-und-pruefung-von-automatiktueren-nach-din-18650\\\/\",\"url\":\"https:\\\/\\\/hunold.com\\\/service\\\/wartung-und-pruefung-von-automatiktueren-nach-din-18650\\\/\",\"name\":\"Wartung und Pr\u00fcfung von Automatikt\u00fcren - Hunold Service\",\"isPartOf\":{\"@id\":\"https:\\\/\\\/hunold.com\\\/service\\\/#website\"},\"primaryImageOfPage\":{\"@id\":\"https:\\\/\\\/hunold.com\\\/service\\\/wartung-und-pruefung-von-automatiktueren-nach-din-18650\\\/#primaryimage\"},\"image\":{\"@id\":\"https:\\\/\\\/hunold.com\\\/service\\\/wartung-und-pruefung-von-automatiktueren-nach-din-18650\\\/#primaryimage\"},\"thumbnailUrl\":\"https:\\\/\\\/hunold.com\\\/service\\\/wp-content\\\/uploads\\\/2024\\\/02\\\/MZ3-1-scaled-1-1024x682.jpg\",\"datePublished\":\"2023-03-28T10:21:13+00:00\",\"dateModified\":\"2024-04-11T08:31:50+00:00\",\"breadcrumb\":{\"@id\":\"https:\\\/\\\/hunold.com\\\/service\\\/wartung-und-pruefung-von-automatiktueren-nach-din-18650\\\/#breadcrumb\"},\"inLanguage\":\"de\",\"potentialAction\":[{\"@type\":\"ReadAction\",\"target\":[\"https:\\\/\\\/hunold.com\\\/service\\\/wartung-und-pruefung-von-automatiktueren-nach-din-18650\\\/\"]}]},{\"@type\":\"ImageObject\",\"inLanguage\":\"de\",\"@id\":\"https:\\\/\\\/hunold.com\\\/service\\\/wartung-und-pruefung-von-automatiktueren-nach-din-18650\\\/#primaryimage\",\"url\":\"https:\\\/\\\/hunold.com\\\/service\\\/wp-content\\\/uploads\\\/2024\\\/02\\\/MZ3-1-scaled-1.jpg\",\"contentUrl\":\"https:\\\/\\\/hunold.com\\\/service\\\/wp-content\\\/uploads\\\/2024\\\/02\\\/MZ3-1-scaled-1.jpg\",\"width\":2560,\"height\":1706},{\"@type\":\"BreadcrumbList\",\"@id\":\"https:\\\/\\\/hunold.com\\\/service\\\/wartung-und-pruefung-von-automatiktueren-nach-din-18650\\\/#breadcrumb\",\"itemListElement\":[{\"@type\":\"ListItem\",\"position\":1,\"name\":\"Startseite\",\"item\":\"https:\\\/\\\/hunold.com\\\/service\\\/\"},{\"@type\":\"ListItem\",\"position\":2,\"name\":\"Wartung und Pr\u00fcfung von Automatikt\u00fcren\"}]},{\"@type\":\"WebSite\",\"@id\":\"https:\\\/\\\/hunold.com\\\/service\\\/#website\",\"url\":\"https:\\\/\\\/hunold.com\\\/service\\\/\",\"name\":\"Hunold Service\",\"description\":\"Wartung, Instandhaltung und Reparatur von Fenstern, T\u00fcren und Toren\",\"publisher\":{\"@id\":\"https:\\\/\\\/hunold.com\\\/service\\\/#organization\"},\"potentialAction\":[{\"@type\":\"SearchAction\",\"target\":{\"@type\":\"EntryPoint\",\"urlTemplate\":\"https:\\\/\\\/hunold.com\\\/service\\\/?s={search_term_string}\"},\"query-input\":{\"@type\":\"PropertyValueSpecification\",\"valueRequired\":true,\"valueName\":\"search_term_string\"}}],\"inLanguage\":\"de\"},{\"@type\":\"Organization\",\"@id\":\"https:\\\/\\\/hunold.com\\\/service\\\/#organization\",\"name\":\"Hunold Service\",\"url\":\"https:\\\/\\\/hunold.com\\\/service\\\/\",\"logo\":{\"@type\":\"ImageObject\",\"inLanguage\":\"de\",\"@id\":\"https:\\\/\\\/hunold.com\\\/service\\\/#\\\/schema\\\/logo\\\/image\\\/\",\"url\":\"https:\\\/\\\/hunold.com\\\/service\\\/wp-content\\\/uploads\\\/2023\\\/03\\\/cropped-Logo_H_Service2_23.png\",\"contentUrl\":\"https:\\\/\\\/hunold.com\\\/service\\\/wp-content\\\/uploads\\\/2023\\\/03\\\/cropped-Logo_H_Service2_23.png\",\"width\":1655,\"height\":350,\"caption\":\"Hunold Service\"},\"image\":{\"@id\":\"https:\\\/\\\/hunold.com\\\/service\\\/#\\\/schema\\\/logo\\\/image\\\/\"}}]}<\/script>\n<!-- \/ Yoast SEO plugin. -->","yoast_head_json":{"title":"Wartung und Pr\u00fcfung von Automatikt\u00fcren - Hunold Service","robots":{"index":"index","follow":"follow","max-snippet":"max-snippet:-1","max-image-preview":"max-image-preview:large","max-video-preview":"max-video-preview:-1"},"canonical":"https:\/\/hunold.com\/service\/wartung-und-pruefung-von-automatiktueren-nach-din-18650\/","og_locale":"de_DE","og_type":"article","og_title":"Wartung und Pr\u00fcfung von Automatikt\u00fcren - Hunold Service","og_description":"Automatische, motorisch betriebene T\u00fcrsysteme Automatische Schiebet\u00fcren und Dreht\u00fcrantriebe erleichtern unseren Alltag und sind mit Sicherheitsrelevanten Schutzelementen(Scher &#8211; und Quetschgefahren) ausgestattet. Dadurch werden die Gefahren automatischer Schiebet\u00fcren minimiert. F\u00fcr diese T\u00fcranlagen sind j\u00e4hrliche \/ teils halbj\u00e4hrliche Pr\u00fcfungen und Wartungen vorgeschrieben. Eventuelle M\u00e4ngel k\u00f6nnen fr\u00fchzeitig erkannt werden und Ausf\u00e4lle oder teure Volgesch\u00e4den k\u00f6nnen vermieden werden.","og_url":"https:\/\/hunold.com\/service\/wartung-und-pruefung-von-automatiktueren-nach-din-18650\/","og_site_name":"Hunold Service","article_modified_time":"2024-04-11T08:31:50+00:00","og_image":[{"url":"https:\/\/hunold.com\/service\/wp-content\/uploads\/2024\/02\/MZ3-1-scaled-1-1024x682.jpg","type":"","width":"","height":""}],"twitter_card":"summary_large_image","twitter_misc":{"Gesch\u00e4tzte Lesezeit":"1\u00a0Minute"},"schema":{"@context":"https:\/\/schema.org","@graph":[{"@type":"WebPage","@id":"https:\/\/hunold.com\/service\/wartung-und-pruefung-von-automatiktueren-nach-din-18650\/","url":"https:\/\/hunold.com\/service\/wartung-und-pruefung-von-automatiktueren-nach-din-18650\/","name":"Wartung und Pr\u00fcfung von Automatikt\u00fcren - Hunold Service","isPartOf":{"@id":"https:\/\/hunold.com\/service\/#website"},"primaryImageOfPage":{"@id":"https:\/\/hunold.com\/service\/wartung-und-pruefung-von-automatiktueren-nach-din-18650\/#primaryimage"},"image":{"@id":"https:\/\/hunold.com\/service\/wartung-und-pruefung-von-automatiktueren-nach-din-18650\/#primaryimage"},"thumbnailUrl":"https:\/\/hunold.com\/service\/wp-content\/uploads\/2024\/02\/MZ3-1-scaled-1-1024x682.jpg","datePublished":"2023-03-28T10:21:13+00:00","dateModified":"2024-04-11T08:31:50+00:00","breadcrumb":{"@id":"https:\/\/hunold.com\/service\/wartung-und-pruefung-von-automatiktueren-nach-din-18650\/#breadcrumb"},"inLanguage":"de","potentialAction":[{"@type":"ReadAction","target":["https:\/\/hunold.com\/service\/wartung-und-pruefung-von-automatiktueren-nach-din-18650\/"]}]},{"@type":"ImageObject","inLanguage":"de","@id":"https:\/\/hunold.com\/service\/wartung-und-pruefung-von-automatiktueren-nach-din-18650\/#primaryimage","url":"https:\/\/hunold.com\/service\/wp-content\/uploads\/2024\/02\/MZ3-1-scaled-1.jpg","contentUrl":"https:\/\/hunold.com\/service\/wp-content\/uploads\/2024\/02\/MZ3-1-scaled-1.jpg","width":2560,"height":1706},{"@type":"BreadcrumbList","@id":"https:\/\/hunold.com\/service\/wartung-und-pruefung-von-automatiktueren-nach-din-18650\/#breadcrumb","itemListElement":[{"@type":"ListItem","position":1,"name":"Startseite","item":"https:\/\/hunold.com\/service\/"},{"@type":"ListItem","position":2,"name":"Wartung und Pr\u00fcfung von Automatikt\u00fcren"}]},{"@type":"WebSite","@id":"https:\/\/hunold.com\/service\/#website","url":"https:\/\/hunold.com\/service\/","name":"Hunold Service","description":"Wartung, Instandhaltung und Reparatur von Fenstern, T\u00fcren und Toren","publisher":{"@id":"https:\/\/hunold.com\/service\/#organization"},"potentialAction":[{"@type":"SearchAction","target":{"@type":"EntryPoint","urlTemplate":"https:\/\/hunold.com\/service\/?s={search_term_string}"},"query-input":{"@type":"PropertyValueSpecification","valueRequired":true,"valueName":"search_term_string"}}],"inLanguage":"de"},{"@type":"Organization","@id":"https:\/\/hunold.com\/service\/#organization","name":"Hunold Service","url":"https:\/\/hunold.com\/service\/","logo":{"@type":"ImageObject","inLanguage":"de","@id":"https:\/\/hunold.com\/service\/#\/schema\/logo\/image\/","url":"https:\/\/hunold.com\/service\/wp-content\/uploads\/2023\/03\/cropped-Logo_H_Service2_23.png","contentUrl":"https:\/\/hunold.com\/service\/wp-content\/uploads\/2023\/03\/cropped-Logo_H_Service2_23.png","width":1655,"height":350,"caption":"Hunold Service"},"image":{"@id":"https:\/\/hunold.com\/service\/#\/schema\/logo\/image\/"}}]}},"_links":{"self":[{"href":"https:\/\/hunold.com\/service\/wp-json\/wp\/v2\/pages\/94","targetHints":{"allow":["GET"]}}],"collection":[{"href":"https:\/\/hunold.com\/service\/wp-json\/wp\/v2\/pages"}],"about":[{"href":"https:\/\/hunold.com\/service\/wp-json\/wp\/v2\/types\/page"}],"author":[{"embeddable":true,"href":"https:\/\/hunold.com\/service\/wp-json\/wp\/v2\/users\/2"}],"replies":[{"embeddable":true,"href":"https:\/\/hunold.com\/service\/wp-json\/wp\/v2\/comments?post=94"}],"version-history":[{"count":27,"href":"https:\/\/hunold.com\/service\/wp-json\/wp\/v2\/pages\/94\/revisions"}],"predecessor-version":[{"id":556,"href":"https:\/\/hunold.com\/service\/wp-json\/wp\/v2\/pages\/94\/revisions\/556"}],"wp:attachment":[{"href":"https:\/\/hunold.com\/service\/wp-json\/wp\/v2\/media?parent=94"}],"wp:term":[{"taxonomy":"post_tag","embeddable":true,"href":"https:\/\/hunold.com\/service\/wp-json\/wp\/v2\/tags?post=94"}],"curies":[{"name":"wp","href":"https:\/\/api.w.org\/{rel}","templated":true}]}}