{"id":96,"date":"2023-03-28T12:28:53","date_gmt":"2023-03-28T10:28:53","guid":{"rendered":"https:\/\/hunold.com\/service\/?page_id=96"},"modified":"2024-04-11T10:43:21","modified_gmt":"2024-04-11T08:43:21","slug":"wartung-von-feststellanlagen","status":"publish","type":"page","link":"https:\/\/hunold.com\/service\/wartung-von-feststellanlagen\/","title":{"rendered":"Wartung von Feststellanlagen"},"content":{"rendered":"\n<div style=\"height:60px\" aria-hidden=\"true\" class=\"wp-block-spacer\"><\/div>\n\n\n\n<div style=\"height:60px\" aria-hidden=\"true\" class=\"wp-block-spacer\"><\/div>\n\n\n\n<div class=\"wp-block-media-text alignfull has-media-on-the-right is-stacked-on-mobile has-hunold-hellgrau-background-color has-background\"><div class=\"wp-block-media-text__content\">\n<p class=\"has-huge-font-size\" style=\"font-style:normal;font-weight:500\">Feststellanlagen \u2013 wichtiger Aspekt der Geb\u00e4udesicherheit<\/p>\n\n\n\n<p>Feststellanlagen sind f\u00fcr einen funktionierenden Alltag eine wichtige Notwendigkeit. T\u00fcren sind oft schwer zu \u00f6ffnen. Kinder und Menschen mit k\u00f6rperlichen Einschr\u00e4nkungen ben\u00f6tigen sogar manchmal fremde Hilfe. <\/p>\n\n\n\n<p>Die Feststellanlage sorgt daf\u00fcr, dass Feuerschutzt\u00fcren bzw. Rauchschutzt\u00fcren offen gehalten werden, aber bei einem Brand bzw. im Fall von Rauchentwicklung sicher schlie\u00dfen. <\/p>\n\n\n\n<p>Um diese Funktionsf\u00e4higkeit dauerhaft und zuverl\u00e4ssig zu erhalten, ist die mindestens 1 mal j\u00e4hrliche Pr\u00fcfung und Wartung vom Betreiber zu veranlassen.<\/p>\n<\/div><figure class=\"wp-block-media-text__media\"><img loading=\"lazy\" decoding=\"async\" width=\"948\" height=\"600\" src=\"https:\/\/hunold.com\/service\/wp-content\/uploads\/2023\/03\/RuB-01.jpg\" alt=\"\" class=\"wp-image-53 size-full\" srcset=\"https:\/\/hunold.com\/service\/wp-content\/uploads\/2023\/03\/RuB-01.jpg 948w, https:\/\/hunold.com\/service\/wp-content\/uploads\/2023\/03\/RuB-01-300x190.jpg 300w, https:\/\/hunold.com\/service\/wp-content\/uploads\/2023\/03\/RuB-01-768x486.jpg 768w\" sizes=\"auto, (max-width: 948px) 100vw, 948px\" \/><\/figure><\/div>\n\n\n\n<div style=\"height:60px\" aria-hidden=\"true\" class=\"wp-block-spacer\"><\/div>\n\n\n\n<hr class=\"wp-block-separator has-alpha-channel-opacity\"\/>\n\n\n\n<div style=\"height:30px\" aria-hidden=\"true\" class=\"wp-block-spacer\"><\/div>\n\n\n\n<h2 class=\"wp-block-heading has-text-align-center\">Unser Hunold Service Team erf\u00fcllt auf Grund der langj\u00e4hrigen Erfahrungen in diesem Sachgebiet sowie der regelm\u00e4\u00dfigen Schulungen die Voraussetzungen f\u00fcr die Pr\u00fcfung und Instandhaltung.<\/h2>\n\n\n\n<div style=\"height:30px\" aria-hidden=\"true\" class=\"wp-block-spacer\"><\/div>\n\n\n\n<hr class=\"wp-block-separator has-alpha-channel-opacity\"\/>\n\n\n\n<div style=\"height:60px\" aria-hidden=\"true\" class=\"wp-block-spacer\"><\/div>\n\n\n\n<div class=\"wp-block-media-text alignwide has-media-on-the-right is-stacked-on-mobile has-white-color has-light-gray-background-color has-text-color has-background has-link-color wp-elements-8ce35e06298c323271711e015b160b37\"><div class=\"wp-block-media-text__content\">\n<p class=\"has-huge-font-size\" style=\"font-style:normal;font-weight:500\">Unsere Wartungsleistungen:<\/p>\n\n\n\n<ul class=\"has-normal-font-size wp-block-list\">\n<li>Pr\u00fcfung der Anlage auf ihren betriebssicheren Zustand durch einen erfahrenen Servicetechniker unseres Teams<\/li>\n\n\n\n<li>Feststellung und Beurteilung des ist Zustandes<\/li>\n\n\n\n<li>Einstellung und Justierung<\/li>\n\n\n\n<li>Protokollierung und Kennzeichnung<\/li>\n\n\n\n<li>Schriftliche Best\u00e4tigung nach erfolgter Abnahme <\/li>\n<\/ul>\n<\/div><figure class=\"wp-block-media-text__media\"><img loading=\"lazy\" decoding=\"async\" width=\"1024\" height=\"668\" src=\"https:\/\/hunold.com\/service\/wp-content\/uploads\/2024\/03\/vhs-olpe-3-1024x668.jpg\" alt=\"\" class=\"wp-image-513 size-full\" srcset=\"https:\/\/hunold.com\/service\/wp-content\/uploads\/2024\/03\/vhs-olpe-3-1024x668.jpg 1024w, https:\/\/hunold.com\/service\/wp-content\/uploads\/2024\/03\/vhs-olpe-3-300x196.jpg 300w, https:\/\/hunold.com\/service\/wp-content\/uploads\/2024\/03\/vhs-olpe-3-768x501.jpg 768w, https:\/\/hunold.com\/service\/wp-content\/uploads\/2024\/03\/vhs-olpe-3.jpg 1040w\" sizes=\"auto, (max-width: 1024px) 100vw, 1024px\" \/><\/figure><\/div>\n\n\n\n<div class=\"wp-block-media-text alignwide is-stacked-on-mobile has-white-color has-dark-gray-background-color has-text-color has-background has-link-color wp-elements-c0957ee9c7ac91f03647865ae55f8adc\"><figure class=\"wp-block-media-text__media\"><img loading=\"lazy\" decoding=\"async\" width=\"1024\" height=\"674\" src=\"https:\/\/hunold.com\/service\/wp-content\/uploads\/2023\/08\/IMG_9814-2-1024x674.jpg\" alt=\"\" class=\"wp-image-135 size-full\" srcset=\"https:\/\/hunold.com\/service\/wp-content\/uploads\/2023\/08\/IMG_9814-2-1024x674.jpg 1024w, https:\/\/hunold.com\/service\/wp-content\/uploads\/2023\/08\/IMG_9814-2-300x197.jpg 300w, https:\/\/hunold.com\/service\/wp-content\/uploads\/2023\/08\/IMG_9814-2-768x505.jpg 768w, https:\/\/hunold.com\/service\/wp-content\/uploads\/2023\/08\/IMG_9814-2-1536x1011.jpg 1536w, https:\/\/hunold.com\/service\/wp-content\/uploads\/2023\/08\/IMG_9814-2-2048x1348.jpg 2048w, https:\/\/hunold.com\/service\/wp-content\/uploads\/2023\/08\/IMG_9814-2-1568x1032.jpg 1568w\" sizes=\"auto, (max-width: 1024px) 100vw, 1024px\" \/><\/figure><div class=\"wp-block-media-text__content\">\n<p class=\"has-huge-font-size\" style=\"font-style:normal;font-weight:500\">Weitere Leistungen:<\/p>\n\n\n\n<ul class=\"has-normal-font-size wp-block-list\">\n<li>Ersatzteilbeschaffung<\/li>\n\n\n\n<li>Hilfe bei St\u00f6rungen oder nach Einbruch<\/li>\n<\/ul>\n\n\n\n<p>Wir arbeiten mit der Erfahrung aus der eigenen Produktion von Rauch- und Brandschutzst\u00fcren und Fenstern aus Aluminium.<\/p>\n<\/div><\/div>\n\n\n\n<div style=\"height:60px\" aria-hidden=\"true\" class=\"wp-block-spacer\"><\/div>\n\n\n\n<p>Wir pr\u00fcfen alle relevanten Bauteile von Feststellanlagen mit Haftmagneten und T\u00fcrschlie\u00dfsystemen auf Funktion und Sicherheit. <\/p>\n\n\n\n<p>Neben den Funktionspr\u00fcfungen ist zu beurteilen, ob sich Umwelteinfl\u00fcsse ge\u00e4ndert haben oder bauliche \u00c4nderungen\/Wechselwirkungen die Feststellanlage negativ beeinflussen. Diese Pr\u00fcfungen d\u00fcrfen nur von ausgebildeten Fachkr\u00e4ften durchgef\u00fchrt werden.<\/p>\n\n\n\n<div style=\"height:30px\" aria-hidden=\"true\" class=\"wp-block-spacer\"><\/div>\n\n\n\n<hr class=\"wp-block-separator has-alpha-channel-opacity\"\/>\n\n\n\n<div class=\"wp-block-group alignwide\"><div class=\"wp-block-group__inner-container is-layout-constrained wp-block-group-is-layout-constrained\">\n<div style=\"height:30px\" aria-hidden=\"true\" class=\"wp-block-spacer\"><\/div>\n\n\n\n<h2 class=\"wp-block-heading alignwide has-text-align-center has-hunold-rot-color has-text-color has-link-color wp-elements-574e4a7a65e703fcfd6c0e90b4eef0d3\" style=\"font-size:36px\">Gerne beraten wir Sie pers\u00f6nlich.<\/h2>\n\n\n\n<div style=\"height:30px\" aria-hidden=\"true\" class=\"wp-block-spacer\"><\/div>\n\n\n\n<p class=\"has-text-align-center has-large-font-size\" style=\"font-style:normal;font-weight:500\">Sprechen Sie uns an und vereinbaren Sie ein unverbindliches Beratungsgespr\u00e4ch.<\/p>\n\n\n\n<div style=\"height:30px\" aria-hidden=\"true\" class=\"wp-block-spacer\"><\/div>\n\n\n\n<div class=\"wp-block-buttons is-content-justification-center is-layout-flex wp-container-core-buttons-is-layout-16018d1d wp-block-buttons-is-layout-flex\">\n<div class=\"wp-block-button is-style-outline is-style-outline--1\"><a class=\"wp-block-button__link has-hunold-rot-color has-text-color has-link-color has-text-align-center wp-element-button\" href=\"https:\/\/hunold.com\/service\/haben-sie-fragen-wir-freuen-uns-auch-uber-anmerk\/\" style=\"border-radius:2px\" target=\"_blank\" rel=\"noreferrer noopener\">Kontaktformular<\/a><\/div>\n\n\n\n<div class=\"wp-block-button is-style-outline is-style-outline--2\"><a class=\"wp-block-button__link has-hunold-rot-color has-text-color has-text-align-center wp-element-button\" href=\"tel:+49276192520\" style=\"border-radius:2px\" target=\"_blank\" rel=\"noreferrer noopener\">02761 9252-0<\/a><\/div>\n<\/div>\n\n\n\n<div style=\"height:60px\" aria-hidden=\"true\" class=\"wp-block-spacer\"><\/div>\n<\/div><\/div>\n","protected":false},"excerpt":{"rendered":"<p>Feststellanlagen \u2013 wichtiger Aspekt der Geb\u00e4udesicherheit Feststellanlagen sind f\u00fcr einen funktionierenden Alltag eine wichtige Notwendigkeit. T\u00fcren sind oft schwer zu \u00f6ffnen. Kinder und Menschen mit k\u00f6rperlichen Einschr\u00e4nkungen ben\u00f6tigen sogar manchmal fremde Hilfe. Die Feststellanlage sorgt daf\u00fcr, dass Feuerschutzt\u00fcren bzw. Rauchschutzt\u00fcren offen gehalten werden, aber bei einem Brand bzw. im Fall von Rauchentwicklung sicher schlie\u00dfen. Um [&hellip;]<\/p>\n","protected":false},"author":2,"featured_media":0,"parent":0,"menu_order":0,"comment_status":"closed","ping_status":"closed","template":"","meta":{"_themeisle_gutenberg_block_has_review":false,"footnotes":""},"tags":[],"class_list":["post-96","page","type-page","status-publish","hentry","entry"],"yoast_head":"<!-- This site is optimized with the Yoast SEO plugin v27.4 - https:\/\/yoast.com\/product\/yoast-seo-wordpress\/ -->\n<title>Wartung von Feststellanlagen - Hunold Service<\/title>\n<meta name=\"robots\" content=\"index, follow, max-snippet:-1, max-image-preview:large, max-video-preview:-1\" \/>\n<link rel=\"canonical\" href=\"https:\/\/hunold.com\/service\/wartung-von-feststellanlagen\/\" \/>\n<meta property=\"og:locale\" content=\"de_DE\" \/>\n<meta property=\"og:type\" content=\"article\" \/>\n<meta property=\"og:title\" content=\"Wartung von Feststellanlagen - Hunold Service\" \/>\n<meta property=\"og:description\" content=\"Feststellanlagen \u2013 wichtiger Aspekt der Geb\u00e4udesicherheit Feststellanlagen sind f\u00fcr einen funktionierenden Alltag eine wichtige Notwendigkeit. T\u00fcren sind oft schwer zu \u00f6ffnen. Kinder und Menschen mit k\u00f6rperlichen Einschr\u00e4nkungen ben\u00f6tigen sogar manchmal fremde Hilfe. Die Feststellanlage sorgt daf\u00fcr, dass Feuerschutzt\u00fcren bzw. Rauchschutzt\u00fcren offen gehalten werden, aber bei einem Brand bzw. im Fall von Rauchentwicklung sicher schlie\u00dfen. Um [&hellip;]\" \/>\n<meta property=\"og:url\" content=\"https:\/\/hunold.com\/service\/wartung-von-feststellanlagen\/\" \/>\n<meta property=\"og:site_name\" content=\"Hunold Service\" \/>\n<meta property=\"article:modified_time\" content=\"2024-04-11T08:43:21+00:00\" \/>\n<meta property=\"og:image\" content=\"https:\/\/hunold.com\/service\/wp-content\/uploads\/2023\/03\/RuB-01.jpg\" \/>\n<meta name=\"twitter:card\" content=\"summary_large_image\" \/>\n<meta name=\"twitter:label1\" content=\"Gesch\u00e4tzte Lesezeit\" \/>\n\t<meta name=\"twitter:data1\" content=\"2\u00a0Minuten\" \/>\n<script type=\"application\/ld+json\" class=\"yoast-schema-graph\">{\"@context\":\"https:\\\/\\\/schema.org\",\"@graph\":[{\"@type\":\"WebPage\",\"@id\":\"https:\\\/\\\/hunold.com\\\/service\\\/wartung-von-feststellanlagen\\\/\",\"url\":\"https:\\\/\\\/hunold.com\\\/service\\\/wartung-von-feststellanlagen\\\/\",\"name\":\"Wartung von Feststellanlagen - Hunold Service\",\"isPartOf\":{\"@id\":\"https:\\\/\\\/hunold.com\\\/service\\\/#website\"},\"primaryImageOfPage\":{\"@id\":\"https:\\\/\\\/hunold.com\\\/service\\\/wartung-von-feststellanlagen\\\/#primaryimage\"},\"image\":{\"@id\":\"https:\\\/\\\/hunold.com\\\/service\\\/wartung-von-feststellanlagen\\\/#primaryimage\"},\"thumbnailUrl\":\"https:\\\/\\\/hunold.com\\\/service\\\/wp-content\\\/uploads\\\/2023\\\/03\\\/RuB-01.jpg\",\"datePublished\":\"2023-03-28T10:28:53+00:00\",\"dateModified\":\"2024-04-11T08:43:21+00:00\",\"breadcrumb\":{\"@id\":\"https:\\\/\\\/hunold.com\\\/service\\\/wartung-von-feststellanlagen\\\/#breadcrumb\"},\"inLanguage\":\"de\",\"potentialAction\":[{\"@type\":\"ReadAction\",\"target\":[\"https:\\\/\\\/hunold.com\\\/service\\\/wartung-von-feststellanlagen\\\/\"]}]},{\"@type\":\"ImageObject\",\"inLanguage\":\"de\",\"@id\":\"https:\\\/\\\/hunold.com\\\/service\\\/wartung-von-feststellanlagen\\\/#primaryimage\",\"url\":\"https:\\\/\\\/hunold.com\\\/service\\\/wp-content\\\/uploads\\\/2023\\\/03\\\/RuB-01.jpg\",\"contentUrl\":\"https:\\\/\\\/hunold.com\\\/service\\\/wp-content\\\/uploads\\\/2023\\\/03\\\/RuB-01.jpg\",\"width\":948,\"height\":600},{\"@type\":\"BreadcrumbList\",\"@id\":\"https:\\\/\\\/hunold.com\\\/service\\\/wartung-von-feststellanlagen\\\/#breadcrumb\",\"itemListElement\":[{\"@type\":\"ListItem\",\"position\":1,\"name\":\"Startseite\",\"item\":\"https:\\\/\\\/hunold.com\\\/service\\\/\"},{\"@type\":\"ListItem\",\"position\":2,\"name\":\"Wartung von Feststellanlagen\"}]},{\"@type\":\"WebSite\",\"@id\":\"https:\\\/\\\/hunold.com\\\/service\\\/#website\",\"url\":\"https:\\\/\\\/hunold.com\\\/service\\\/\",\"name\":\"Hunold Service\",\"description\":\"Wartung, Instandhaltung und Reparatur von Fenstern, T\u00fcren und Toren\",\"publisher\":{\"@id\":\"https:\\\/\\\/hunold.com\\\/service\\\/#organization\"},\"potentialAction\":[{\"@type\":\"SearchAction\",\"target\":{\"@type\":\"EntryPoint\",\"urlTemplate\":\"https:\\\/\\\/hunold.com\\\/service\\\/?s={search_term_string}\"},\"query-input\":{\"@type\":\"PropertyValueSpecification\",\"valueRequired\":true,\"valueName\":\"search_term_string\"}}],\"inLanguage\":\"de\"},{\"@type\":\"Organization\",\"@id\":\"https:\\\/\\\/hunold.com\\\/service\\\/#organization\",\"name\":\"Hunold Service\",\"url\":\"https:\\\/\\\/hunold.com\\\/service\\\/\",\"logo\":{\"@type\":\"ImageObject\",\"inLanguage\":\"de\",\"@id\":\"https:\\\/\\\/hunold.com\\\/service\\\/#\\\/schema\\\/logo\\\/image\\\/\",\"url\":\"https:\\\/\\\/hunold.com\\\/service\\\/wp-content\\\/uploads\\\/2023\\\/03\\\/cropped-Logo_H_Service2_23.png\",\"contentUrl\":\"https:\\\/\\\/hunold.com\\\/service\\\/wp-content\\\/uploads\\\/2023\\\/03\\\/cropped-Logo_H_Service2_23.png\",\"width\":1655,\"height\":350,\"caption\":\"Hunold Service\"},\"image\":{\"@id\":\"https:\\\/\\\/hunold.com\\\/service\\\/#\\\/schema\\\/logo\\\/image\\\/\"}}]}<\/script>\n<!-- \/ Yoast SEO plugin. -->","yoast_head_json":{"title":"Wartung von Feststellanlagen - Hunold Service","robots":{"index":"index","follow":"follow","max-snippet":"max-snippet:-1","max-image-preview":"max-image-preview:large","max-video-preview":"max-video-preview:-1"},"canonical":"https:\/\/hunold.com\/service\/wartung-von-feststellanlagen\/","og_locale":"de_DE","og_type":"article","og_title":"Wartung von Feststellanlagen - Hunold Service","og_description":"Feststellanlagen \u2013 wichtiger Aspekt der Geb\u00e4udesicherheit Feststellanlagen sind f\u00fcr einen funktionierenden Alltag eine wichtige Notwendigkeit. T\u00fcren sind oft schwer zu \u00f6ffnen. Kinder und Menschen mit k\u00f6rperlichen Einschr\u00e4nkungen ben\u00f6tigen sogar manchmal fremde Hilfe. Die Feststellanlage sorgt daf\u00fcr, dass Feuerschutzt\u00fcren bzw. Rauchschutzt\u00fcren offen gehalten werden, aber bei einem Brand bzw. im Fall von Rauchentwicklung sicher schlie\u00dfen. Um [&hellip;]","og_url":"https:\/\/hunold.com\/service\/wartung-von-feststellanlagen\/","og_site_name":"Hunold Service","article_modified_time":"2024-04-11T08:43:21+00:00","og_image":[{"url":"https:\/\/hunold.com\/service\/wp-content\/uploads\/2023\/03\/RuB-01.jpg","type":"","width":"","height":""}],"twitter_card":"summary_large_image","twitter_misc":{"Gesch\u00e4tzte Lesezeit":"2\u00a0Minuten"},"schema":{"@context":"https:\/\/schema.org","@graph":[{"@type":"WebPage","@id":"https:\/\/hunold.com\/service\/wartung-von-feststellanlagen\/","url":"https:\/\/hunold.com\/service\/wartung-von-feststellanlagen\/","name":"Wartung von Feststellanlagen - Hunold Service","isPartOf":{"@id":"https:\/\/hunold.com\/service\/#website"},"primaryImageOfPage":{"@id":"https:\/\/hunold.com\/service\/wartung-von-feststellanlagen\/#primaryimage"},"image":{"@id":"https:\/\/hunold.com\/service\/wartung-von-feststellanlagen\/#primaryimage"},"thumbnailUrl":"https:\/\/hunold.com\/service\/wp-content\/uploads\/2023\/03\/RuB-01.jpg","datePublished":"2023-03-28T10:28:53+00:00","dateModified":"2024-04-11T08:43:21+00:00","breadcrumb":{"@id":"https:\/\/hunold.com\/service\/wartung-von-feststellanlagen\/#breadcrumb"},"inLanguage":"de","potentialAction":[{"@type":"ReadAction","target":["https:\/\/hunold.com\/service\/wartung-von-feststellanlagen\/"]}]},{"@type":"ImageObject","inLanguage":"de","@id":"https:\/\/hunold.com\/service\/wartung-von-feststellanlagen\/#primaryimage","url":"https:\/\/hunold.com\/service\/wp-content\/uploads\/2023\/03\/RuB-01.jpg","contentUrl":"https:\/\/hunold.com\/service\/wp-content\/uploads\/2023\/03\/RuB-01.jpg","width":948,"height":600},{"@type":"BreadcrumbList","@id":"https:\/\/hunold.com\/service\/wartung-von-feststellanlagen\/#breadcrumb","itemListElement":[{"@type":"ListItem","position":1,"name":"Startseite","item":"https:\/\/hunold.com\/service\/"},{"@type":"ListItem","position":2,"name":"Wartung von Feststellanlagen"}]},{"@type":"WebSite","@id":"https:\/\/hunold.com\/service\/#website","url":"https:\/\/hunold.com\/service\/","name":"Hunold Service","description":"Wartung, Instandhaltung und Reparatur von Fenstern, T\u00fcren und Toren","publisher":{"@id":"https:\/\/hunold.com\/service\/#organization"},"potentialAction":[{"@type":"SearchAction","target":{"@type":"EntryPoint","urlTemplate":"https:\/\/hunold.com\/service\/?s={search_term_string}"},"query-input":{"@type":"PropertyValueSpecification","valueRequired":true,"valueName":"search_term_string"}}],"inLanguage":"de"},{"@type":"Organization","@id":"https:\/\/hunold.com\/service\/#organization","name":"Hunold Service","url":"https:\/\/hunold.com\/service\/","logo":{"@type":"ImageObject","inLanguage":"de","@id":"https:\/\/hunold.com\/service\/#\/schema\/logo\/image\/","url":"https:\/\/hunold.com\/service\/wp-content\/uploads\/2023\/03\/cropped-Logo_H_Service2_23.png","contentUrl":"https:\/\/hunold.com\/service\/wp-content\/uploads\/2023\/03\/cropped-Logo_H_Service2_23.png","width":1655,"height":350,"caption":"Hunold Service"},"image":{"@id":"https:\/\/hunold.com\/service\/#\/schema\/logo\/image\/"}}]}},"_links":{"self":[{"href":"https:\/\/hunold.com\/service\/wp-json\/wp\/v2\/pages\/96","targetHints":{"allow":["GET"]}}],"collection":[{"href":"https:\/\/hunold.com\/service\/wp-json\/wp\/v2\/pages"}],"about":[{"href":"https:\/\/hunold.com\/service\/wp-json\/wp\/v2\/types\/page"}],"author":[{"embeddable":true,"href":"https:\/\/hunold.com\/service\/wp-json\/wp\/v2\/users\/2"}],"replies":[{"embeddable":true,"href":"https:\/\/hunold.com\/service\/wp-json\/wp\/v2\/comments?post=96"}],"version-history":[{"count":9,"href":"https:\/\/hunold.com\/service\/wp-json\/wp\/v2\/pages\/96\/revisions"}],"predecessor-version":[{"id":561,"href":"https:\/\/hunold.com\/service\/wp-json\/wp\/v2\/pages\/96\/revisions\/561"}],"wp:attachment":[{"href":"https:\/\/hunold.com\/service\/wp-json\/wp\/v2\/media?parent=96"}],"wp:term":[{"taxonomy":"post_tag","embeddable":true,"href":"https:\/\/hunold.com\/service\/wp-json\/wp\/v2\/tags?post=96"}],"curies":[{"name":"wp","href":"https:\/\/api.w.org\/{rel}","templated":true}]}}